{"id":775024,"date":"2025-09-09T15:32:20","date_gmt":"2025-09-09T12:32:20","guid":{"rendered":"https:\/\/roveyayinevi.com.tr\/index.php\/urun\/siddetsiz-iletisim-yardimci-el-kitabi\/"},"modified":"2026-04-16T03:00:34","modified_gmt":"2026-04-16T00:00:34","slug":"siddetsiz-iletisim-yardimci-el-kitabi","status":"publish","type":"product","link":"https:\/\/roveyayinevi.com.tr\/index.php\/urun\/siddetsiz-iletisim-yardimci-el-kitabi\/","title":{"rendered":"\u015eiddetsiz \u0130leti\u015fim Yard\u0131mc\u0131 El Kitab\u0131"},"content":{"rendered":"<p>Sa\u011fl\u0131kl\u0131 \u0130li\u015fkiler \u0130\u00e7in Hayat\u0131 De\u011fi\u015ftiren Ara\u00e7lar Edinmek&#8230;   Sevgi, sayg\u0131, g\u00fcven ve anlay\u0131\u015f temelli ili\u015fkiler ya\u015famak isteyenler i\u00e7in somut ara\u00e7 ve y\u00f6ntemler sunan \u015eiddetsiz \u0130leti\u015fim, salt bir dil olman\u0131n \u00f6tesinde, ileti\u015fim y\u00f6nteminizi de i\u00e7ine alan bir bilin\u00e7, bir ya\u015fama ve d\u00fc\u015f\u00fcnme bi\u00e7imi&#8230;   Marshall Rosenberg\u2019in temel eseri olan \u015eiddetsiz \u0130leti\u015fim: Bir Ya\u015fam Dili kitab\u0131nda sundu\u011fu bu ya\u015fama ve d\u00fc\u015f\u00fcnme bi\u00e7imini hayat\u0131 ta\u015f\u0131man\u0131za yard\u0131mc\u0131 olmak i\u00e7in haz\u0131rlanan \u015eiddetsiz \u0130leti\u015fim Yard\u0131mc\u0131 El Kitab\u0131 \u00f6\u011frenme ve i\u00e7selle\u015ftirme s\u00fcrecinizi destekleyecek say\u0131s\u0131z etkinlik, al\u0131\u015ft\u0131rma ve kolayla\u015ft\u0131r\u0131c\u0131 \u00f6neri sunuyor.   \u015eiddetsiz \u0130leti\u015fim Yard\u0131mc\u0131 El Kitab\u0131, bireyler, al\u0131\u015ft\u0131rma gruplar\u0131 ve \u00f6\u011fretmenler i\u00e7in vazge\u00e7ilmez bir kaynakt\u0131r:   \u2022 Bireyler \u2013 Kendi \u00f6\u011frenme s\u00fcrecinizde ad\u0131m ad\u0131m ilerlerken \u015eiddetsiz \u0130leti\u015fim\u2019in \u00f6zg\u00fcrle\u015ftirici potansiyelini g\u00fcnl\u00fck ya\u015fam\u0131n\u0131za dahil edebileceksiniz.   \u2022 Al\u0131\u015ft\u0131rma Gruplar\u0131 \u2013 \u015eiddetsiz \u0130leti\u015fim\u2019le ilgili deneyiminiz ne olursa olsun, al\u0131\u015ft\u0131rma gruplar\u0131 olu\u015fturman\u0131z\u0131 sa\u011flayarak gerekli rehberli\u011fi alacaks\u0131n\u0131z; ba\u015flang\u0131\u00e7 i\u00e7in ipu\u00e7lar\u0131, grup s\u00fcre\u00e7lerini destekleyen \u00f6neriler, ihtiya\u00e7lara g\u00f6re \u00f6zelle\u015ftirilebilen etkinlikler ve gruplarda ya\u015fanan zorluklar\u0131n \u00fcstesinden gelmek i\u00e7in fikirler bu kitapta.   \u2022 \u00d6\u011fretmenler \u2013 \u00d6\u011frencileriniz i\u00e7in kendi \u015eiddetsiz \u0130leti\u015fim e\u011fitiminizi tasarlamak veya mevcut program\u0131n\u0131z\u0131 geli\u015ftirmek \u00fczere ihtiya\u00e7 duydu\u011funuz kaynaklara bu kitapta ula\u015facaks\u0131n\u0131z.   \u201cBu el kitab\u0131n\u0131n, insanlar\u0131n \u015eiddetsiz \u0130leti\u015fim uygulamalar\u0131n\u0131 geli\u015ftirmelerine ve ya\u015famlar\u0131n\u0131 g\u00fc\u00e7lendirmelerine yard\u0131mc\u0131 olmak i\u00e7in sahip oldu\u011fumuz en \u00f6nemli kaynaklardan biri oldu\u011funu d\u00fc\u015f\u00fcn\u00fcyorum.\u201d   &#8211; MIKI KASHTAN, CNVC Sertifikal\u0131 \u015eiddetsiz \u0130leti\u015fim e\u011fitmeni, Nonviolent Global Liberation (NGL) toplulu\u011fu kurucu \u00fcyesi <\/p>\n","protected":false},"excerpt":{"rendered":"<p>Sa\u011fl\u0131kl\u0131 \u0130li\u015fkiler \u0130\u00e7in Hayat\u0131 De\u011fi\u015ftiren Ara\u00e7lar Edinmek&#8230; Sevgi, sayg\u0131, g\u00fcven ve anlay\u0131\u015f temelli ili\u015fkiler ya\u015famak isteyenler i\u00e7in somut ara\u00e7 ve y\u00f6ntemler sunan \u015eiddetsiz \u0130leti\u015fim, salt bir<span class=\"excerpt-hellip\"> [\u2026]<\/span><\/p>\n","protected":false},"featured_media":0,"template":"","meta":{"_monsterinsights_skip_tracking":false,"_monsterinsights_sitenote_active":false,"_monsterinsights_sitenote_note":"","_monsterinsights_sitenote_category":0},"product_brand":[],"product_cat":[15983,13488],"product_tag":[],"class_list":{"0":"post-775024","1":"product","2":"type-product","3":"status-publish","5":"product_cat-iletisim-ve-medya","6":"product_cat-toplum-ve-insan","7":"pa_cilt-ciltsiz","8":"pa_tur-kitap","9":"pa_yayinevi-remzi-kitabevi","10":"pa_yazar-lucy-leu","12":"first","13":"instock","14":"sale","15":"shipping-taxable","16":"purchasable","17":"product-type-simple"},"_links":{"self":[{"href":"https:\/\/roveyayinevi.com.tr\/index.php\/wp-json\/wp\/v2\/product\/775024","targetHints":{"allow":["GET"]}}],"collection":[{"href":"https:\/\/roveyayinevi.com.tr\/index.php\/wp-json\/wp\/v2\/product"}],"about":[{"href":"https:\/\/roveyayinevi.com.tr\/index.php\/wp-json\/wp\/v2\/types\/product"}],"wp:attachment":[{"href":"https:\/\/roveyayinevi.com.tr\/index.php\/wp-json\/wp\/v2\/media?parent=775024"}],"wp:term":[{"taxonomy":"product_brand","embeddable":true,"href":"https:\/\/roveyayinevi.com.tr\/index.php\/wp-json\/wp\/v2\/product_brand?post=775024"},{"taxonomy":"product_cat","embeddable":true,"href":"https:\/\/roveyayinevi.com.tr\/index.php\/wp-json\/wp\/v2\/product_cat?post=775024"},{"taxonomy":"product_tag","embeddable":true,"href":"https:\/\/roveyayinevi.com.tr\/index.php\/wp-json\/wp\/v2\/product_tag?post=775024"}],"curies":[{"name":"wp","href":"https:\/\/api.w.org\/{rel}","templated":true}]}}