{"id":775021,"date":"2025-09-09T15:28:52","date_gmt":"2025-09-09T12:28:52","guid":{"rendered":"https:\/\/roveyayinevi.com.tr\/index.php\/urun\/anadolunun-kralicesi-antakya\/"},"modified":"2026-04-16T02:59:54","modified_gmt":"2026-04-15T23:59:54","slug":"anadolunun-kralicesi-antakya","status":"publish","type":"product","link":"https:\/\/roveyayinevi.com.tr\/index.php\/urun\/anadolunun-kralicesi-antakya\/","title":{"rendered":"Anadolu&#8217;nun Krali\u00e7esi Antakya"},"content":{"rendered":"<p>\u00b7         \u0130lk \u00c7a\u011flardan Roma H\u00e2kimiyetinin Sonuna Kadar \u00b7         VII. ve X. Y\u00fczy\u0131llarda Antakya\u2019n\u0131n Sosyo-K\u00fclt\u00fcrel ve Ekonomik Tarihi \u00b7         Osmanl\u0131 D\u00f6neminde Antakya ve \u00c7evresinde \u0130pek\u00e7ilik (XVI-XX. Y\u00fczy\u0131llar Aras\u0131) \u00b7         Hatay Sorunu ve T\u00fcrkiye-ABD Diplomatik \u0130li\u015fkilerinde Bir Parantez: Arkeolojik Faaliyetler \u00b7         D\u0131\u015fi\u015fleri Bakanl\u0131\u011f\u0131 T\u00fcrk Diplomatik Ar\u015fiv Belgelerinde Hatay Sorunu: T\u00fcrk-Frans\u0131z Diplomatik M\u00fccadelesi (1936-1938 \u00b7         \u0130nan\u00e7, Kimlik ve Aidiyet Ba\u011flam\u0131nda Kutsal Mek\u00e2n\u0131n \u0130n\u015fas\u0131: Alevi Kozmolojisinde \u00dc\u00e7 H\u0131z\u0131r T\u00fcrbesi (Hatay) \u00b7         Ya\u015fam ile Uyku Aras\u0131nda Bir Ge\u00e7i\u015f Rit\u00fceli Olarak \u00d6l\u00fcm: Rum Ortodoks H\u0131ristiyanlarda \u00d6l\u00fcm Rit\u00fceli (Hatay Hatay\u2019\u0131n Ba\u011f\u0131ms\u0131zl\u0131k M\u00fccadelesinde K\u00fclt\u00fcrel Bellek ve Temsili: \u0130skenderun-Antakya Mar\u015f\u0131<\/p>\n","protected":false},"excerpt":{"rendered":"<p>\u00b7 \u0130lk \u00c7a\u011flardan Roma H\u00e2kimiyetinin Sonuna Kadar \u00b7 VII. ve X. Y\u00fczy\u0131llarda Antakya\u2019n\u0131n Sosyo-K\u00fclt\u00fcrel ve Ekonomik Tarihi \u00b7 Osmanl\u0131 D\u00f6neminde Antakya ve \u00c7evresinde \u0130pek\u00e7ilik (XVI-XX. Y\u00fczy\u0131llar<span class=\"excerpt-hellip\"> [\u2026]<\/span><\/p>\n","protected":false},"featured_media":0,"template":"","meta":{"_monsterinsights_skip_tracking":false,"_monsterinsights_sitenote_active":false,"_monsterinsights_sitenote_note":"","_monsterinsights_sitenote_category":0},"product_brand":[],"product_cat":[12573,12566],"product_tag":[],"class_list":{"0":"post-775021","1":"product","2":"type-product","3":"status-publish","5":"product_cat-akademik-kitaplar","6":"product_cat-egitim","7":"pa_cilt-ciltsiz","8":"pa_tur-kitap","9":"pa_yayinevi-gazi-kitabevi","10":"pa_yazar-kolektif","12":"first","13":"instock","14":"sale","15":"shipping-taxable","16":"purchasable","17":"product-type-simple"},"_links":{"self":[{"href":"https:\/\/roveyayinevi.com.tr\/index.php\/wp-json\/wp\/v2\/product\/775021","targetHints":{"allow":["GET"]}}],"collection":[{"href":"https:\/\/roveyayinevi.com.tr\/index.php\/wp-json\/wp\/v2\/product"}],"about":[{"href":"https:\/\/roveyayinevi.com.tr\/index.php\/wp-json\/wp\/v2\/types\/product"}],"wp:attachment":[{"href":"https:\/\/roveyayinevi.com.tr\/index.php\/wp-json\/wp\/v2\/media?parent=775021"}],"wp:term":[{"taxonomy":"product_brand","embeddable":true,"href":"https:\/\/roveyayinevi.com.tr\/index.php\/wp-json\/wp\/v2\/product_brand?post=775021"},{"taxonomy":"product_cat","embeddable":true,"href":"https:\/\/roveyayinevi.com.tr\/index.php\/wp-json\/wp\/v2\/product_cat?post=775021"},{"taxonomy":"product_tag","embeddable":true,"href":"https:\/\/roveyayinevi.com.tr\/index.php\/wp-json\/wp\/v2\/product_tag?post=775021"}],"curies":[{"name":"wp","href":"https:\/\/api.w.org\/{rel}","templated":true}]}}