{"id":775016,"date":"2025-09-09T15:25:45","date_gmt":"2025-09-09T12:25:45","guid":{"rendered":"https:\/\/roveyayinevi.com.tr\/index.php\/urun\/parayi-kendinize-cekmenin-sirlari\/"},"modified":"2026-04-16T02:59:03","modified_gmt":"2026-04-15T23:59:03","slug":"parayi-kendinize-cekmenin-sirlari","status":"publish","type":"product","link":"https:\/\/roveyayinevi.com.tr\/index.php\/urun\/parayi-kendinize-cekmenin-sirlari\/","title":{"rendered":"Paray\u0131 Kendinize \u00c7ekmenin S\u0131rlar\u0131"},"content":{"rendered":"<p>Finansal \u00d6zg\u00fcrl\u00fc\u011f\u00fc ve Refah\u0131 Hayat\u0131n\u0131za  \u00c7ekmenizi Sa\u011flayacak Spirit\u00fcel Bir Sistem   PARAYI VE REFAHI HAYATINIZA \u00c7EK\u0130N! The Secret filminin y\u0131ld\u0131zlar\u0131ndan biri olan d\u00fcnyaca \u00fcnl\u00fc yazar Joe Vitale, \u00c7ekim Yasas\u0131\u2019n\u0131n \u015fa\u015f\u0131rt\u0131c\u0131 g\u00fcc\u00fcnden faydalanarak hayat\u0131n\u0131za paray\u0131 kolayca \u00e7ekmenin yollar\u0131n\u0131 a\u00e7\u0131kl\u0131yor!   Hayat\u0131n\u0131za paray\u0131 ve zenginli\u011fi \u00e7ekme potansiyeliniz mesle\u011finize, i\u00e7inde bulundu\u011funuz \u015fartlara, hatta ekonomiye ba\u011fl\u0131 de\u011fil. Hepimiz bu potansiyelle do\u011fuyoruz. Zihniniz istedi\u011finiz ve ihtiya\u00e7 duydu\u011funuz miktarda paray\u0131 size her an, her yerde ve her t\u00fcrl\u00fc ekonomik ko\u015fulda zahmetsizce \u00e7ekme becerisine sahip. Tek ihtiyac\u0131n\u0131z olan bunu yapmaya nas\u0131l ba\u015flayaca\u011f\u0131n\u0131z\u0131 \u00f6\u011frenmek.   Bu kitapta parayla ilgili bilin\u00e7 d\u0131\u015f\u0131 zihinsel engelleri, mitleri, yanl\u0131\u015f anlad\u0131\u011f\u0131n\u0131z noktalar\u0131 ve sizi paray\u0131 hayat\u0131n\u0131za \u00e7ekmekten al\u0131koyan s\u0131n\u0131rlay\u0131c\u0131 inan\u00e7lar\u0131 nas\u0131l tespit edip ortadan kald\u0131raca\u011f\u0131n\u0131z\u0131 \u00f6\u011freneceksiniz. S\u0131n\u0131rs\u0131z paran\u0131n ve bollu\u011fun kap\u0131lar\u0131n\u0131n \u00f6n\u00fcn\u00fczde sonuna kadar a\u00e7\u0131lmas\u0131n\u0131 sa\u011flayarak g\u00fcc\u00fcn\u00fcze g\u00fc\u00e7 katan yepyeni bir d\u00fc\u015f\u00fcnce sistemini benimseyecek ve \u015funlar\u0131 ba\u015faracaks\u0131n\u0131z:    \u2022 Faydas\u0131 kan\u0131tlanm\u0131\u015f be\u015f a\u015famal\u0131 bir form\u00fclle, i\u00e7inde bulundu\u011funuz ekonomik \u015fartlar nas\u0131l olursa olsun paray\u0131 hayat\u0131n\u0131za \u00e7ekebileceksiniz. \u2022 Paray\u0131 hayat\u0131n\u0131za an\u0131nda \u00e7ekebilmek i\u00e7in zihninizi yeniden programlayacaks\u0131n\u0131z. \u2022 Kurban psikolojisine ve yoksulluk bilincine tak\u0131l\u0131p kalman\u0131za neden olan yalanlardan, efsanelerden ve medyan\u0131n dayatt\u0131\u011f\u0131 yanl\u0131\u015f fikirlerden ka\u00e7\u0131nabileceksiniz. \u2022 Daha fazla paraya sahip olmay\u0131 istemek i\u00e7in yeni ge\u00e7erli nedenler bulacaks\u0131n\u0131z ve bu da paray\u0131 hayat\u0131n\u0131za \u00e7ekme g\u00fcc\u00fcn\u00fcz\u00fcn artmas\u0131n\u0131 sa\u011flayacak. \u2022 Dr. Vitale\u2019in paray\u0131 hayat\u0131n\u0131za y\u0131ld\u0131r\u0131m h\u0131z\u0131yla \u00e7ekmenizi m\u00fcmk\u00fcn k\u0131lacak, etkisi kan\u0131tlanm\u0131\u015f ipu\u00e7lar\u0131ndan, fikirlerinden ve kaynaklar\u0131ndan faydalanabileceksiniz. \u2022 Ad\u0131m ad\u0131m ilerlemenizi sa\u011flayacak detayl\u0131 bir plan sayesinde sevdi\u011finiz \u015feyleri yaparken kendi i\u015f ve giri\u015fimcilik f\u0131rsatlar\u0131n\u0131z\u0131 yaratacaks\u0131n\u0131z.   E\u011fer istek listenizin ilk s\u0131ralar\u0131nda daha fazla para ve finansal g\u00fc\u00e7 kazanmak yer al\u0131yorsa, Paray\u0131 Kendinize \u00c7ekmenin S\u0131rlar\u0131 sizin i\u00e7in dileklerinizin ger\u00e7ek olmas\u0131n\u0131 sa\u011flayacak kusursuz bir plan!      \u201cJoe Vitale d\u0131\u015fa vuruma ve \u00e7ekime y\u00f6nelik ba\u015far\u0131s\u0131z giri\u015fimlerin ard\u0131ndaki \u2018sakl\u0131\u2019 engelleri ortaya \u00e7\u0131kar\u0131yor. E\u011fer t\u00fcm benli\u011finizle istedi\u011finiz \u015feyi d\u0131\u015fa vurmakta ya da kendinize \u00e7ekmekte ba\u015far\u0131s\u0131z olduysan\u0131z Vitale\u2019in bu kitapta \u00f6zetledi\u011fi s\u0131r size yeni bir kap\u0131 a\u00e7acak. Emin olun, Vitale\u2019in payla\u015ft\u0131klar\u0131n\u0131 \u00f6\u011frenmek ve hayata ge\u00e7irmek bu kitab\u0131n bedelini fazlas\u0131yla kar\u015f\u0131layacak. Okuyun ve hayat\u0131n\u0131z de\u011fi\u015fsin!\u201d  Dr. Robert Anthony, \u0130yi D\u00fc\u015f\u00fcn \u0130yi Ya\u015fa kitab\u0131n\u0131n yazar\u0131    \u201cJoe bu yeni kitab\u0131nda merak uyand\u0131ran anlat\u0131m tarz\u0131yla arzular\u0131n\u0131z\u0131 d\u0131\u015fa vurmakla ilgili en zorlu sorular\u0131 ve en b\u00fcy\u00fck engelleri ele almakla kalm\u0131yor, sizi s\u0131n\u0131rlayan inan\u00e7lar\u0131 ortadan kald\u0131rarak yepyeni olas\u0131l\u0131klar\u0131n \u00f6n\u00fcn\u00fc a\u00e7man\u0131z\u0131 sa\u011flayacak bir dizi y\u00f6ntem de sunuyor. Hayat\u0131n\u0131 yeniden tasarlamak isteyen herkesin kesinlikle okumas\u0131 gereken bir kitap.\u201d  Bob Doyle, yazar   \u201cHayat\u0131n\u0131za \u00e7ekmek istedi\u011finiz \u015fey her neyse Joe\u2019nun bunu m\u00fcmk\u00fcn k\u0131lacak bir s\u0131rr\u0131 var. Bu kitab\u0131 alman\u0131z\u0131 ve anlatt\u0131klar\u0131n\u0131 hi\u00e7 zaman kaybetmeden uygulamaya koyman\u0131z\u0131 \u00f6neririm.\u201d  Morris Goodman, konu\u015fmac\u0131 ve yazar <\/p>\n","protected":false},"excerpt":{"rendered":"<p>Finansal \u00d6zg\u00fcrl\u00fc\u011f\u00fc ve Refah\u0131 Hayat\u0131n\u0131za \u00c7ekmenizi Sa\u011flayacak Spirit\u00fcel Bir Sistem PARAYI VE REFAHI HAYATINIZA \u00c7EK\u0130N! The Secret filminin y\u0131ld\u0131zlar\u0131ndan biri olan d\u00fcnyaca \u00fcnl\u00fc yazar Joe Vitale,<span class=\"excerpt-hellip\"> [\u2026]<\/span><\/p>\n","protected":false},"featured_media":0,"template":"","meta":{"_monsterinsights_skip_tracking":false,"_monsterinsights_sitenote_active":false,"_monsterinsights_sitenote_note":"","_monsterinsights_sitenote_category":0},"product_brand":[],"product_cat":[12364,12376],"product_tag":[],"class_list":{"0":"post-775016","1":"product","2":"type-product","3":"status-publish","5":"product_cat-genel-konular","6":"product_cat-kisisel-gelisim","7":"pa_cilt-ciltsiz","8":"pa_tur-kitap","9":"pa_yayinevi-pegasus-yayinlari","10":"pa_yazar-joe-vitale","12":"first","13":"instock","14":"sale","15":"shipping-taxable","16":"purchasable","17":"product-type-simple"},"_links":{"self":[{"href":"https:\/\/roveyayinevi.com.tr\/index.php\/wp-json\/wp\/v2\/product\/775016","targetHints":{"allow":["GET"]}}],"collection":[{"href":"https:\/\/roveyayinevi.com.tr\/index.php\/wp-json\/wp\/v2\/product"}],"about":[{"href":"https:\/\/roveyayinevi.com.tr\/index.php\/wp-json\/wp\/v2\/types\/product"}],"wp:attachment":[{"href":"https:\/\/roveyayinevi.com.tr\/index.php\/wp-json\/wp\/v2\/media?parent=775016"}],"wp:term":[{"taxonomy":"product_brand","embeddable":true,"href":"https:\/\/roveyayinevi.com.tr\/index.php\/wp-json\/wp\/v2\/product_brand?post=775016"},{"taxonomy":"product_cat","embeddable":true,"href":"https:\/\/roveyayinevi.com.tr\/index.php\/wp-json\/wp\/v2\/product_cat?post=775016"},{"taxonomy":"product_tag","embeddable":true,"href":"https:\/\/roveyayinevi.com.tr\/index.php\/wp-json\/wp\/v2\/product_tag?post=775016"}],"curies":[{"name":"wp","href":"https:\/\/api.w.org\/{rel}","templated":true}]}}