{"id":775012,"date":"2025-09-09T15:20:04","date_gmt":"2025-09-09T12:20:04","guid":{"rendered":"https:\/\/roveyayinevi.com.tr\/index.php\/urun\/evlilik-ve-ahlak\/"},"modified":"2026-04-16T02:58:26","modified_gmt":"2026-04-15T23:58:26","slug":"evlilik-ve-ahlak","status":"publish","type":"product","link":"https:\/\/roveyayinevi.com.tr\/index.php\/urun\/evlilik-ve-ahlak\/","title":{"rendered":"Evlilik ve Ahlak"},"content":{"rendered":"<p>\u201cA\u015fk \u00f6zg\u00fcrle\u015fince y\u00fccelir, bir sorumluluk olarak g\u00f6r\u00fcld\u00fc\u011f\u00fcnde k\u00f6relir,\u201d diye belirtmektedir, Evlilik ve Ahlak kavramlar\u0131n\u0131 derinlemesine analiz etti\u011fi bu kitab\u0131nda yak\u0131n \u00e7a\u011f\u0131m\u0131z\u0131n \u00e7ok y\u00f6nl\u00fc d\u00fc\u015f\u00fcn\u00fcr\u00fc Bernard Russell. Russell, bug\u00fcn bile insanlar\u0131n d\u00fc\u015f\u00fcnmeye korktu\u011fu fikirleri, y\u00fcksek sesle belirtmekte; Toplumlar\u0131n ya\u015fad\u0131\u011f\u0131 ahlaki problemlere ve evlilik m\u00fcessesesinin sa\u011flamla\u015ft\u0131r\u0131lmas\u0131 hususuna ger\u00e7ek\u00e7i \u00e7\u00f6z\u00fcmler getirmektedir. Evlilik ve ahlak konusundaki tabulara bir meydan okuma olarak kar\u015f\u0131m\u0131za \u00e7\u0131kan bu eser; farkl\u0131 k\u00fclt\u00fcrler, zamanlar ve ki\u015filer \u00fczerinden do\u011fru ve yanl\u0131\u015f alg\u0131m\u0131za hitap etmekte veher sayfada kendimizi sorgulamam\u0131za yol a\u00e7maktad\u0131r. Bug\u00fcn kar\u015f\u0131 kar\u015f\u0131ya oldu\u011fumuz t\u00fcm dogmatik, cahil ve dar g\u00f6r\u00fc\u015fl\u00fc d\u00fc\u015f\u00fcncelere k\u0131yasla, bu inceleme ci\u011ferlerinize \u00e7ekece\u011finiz taze bir nefes gibi gelecektir. Yine son s\u00f6z\u00fc, s\u00f6z\u00fcn \u00fcstad\u0131na b\u0131rakal\u0131m; \u201cA\u015fktan korkmak, hayattan korkmakt\u0131r, hayattan korkan insan ise \u00e7oktan \u00f6lm\u00fc\u015f demektir\u201d. <\/p>\n","protected":false},"excerpt":{"rendered":"<p>\u201cA\u015fk \u00f6zg\u00fcrle\u015fince y\u00fccelir, bir sorumluluk olarak g\u00f6r\u00fcld\u00fc\u011f\u00fcnde k\u00f6relir,\u201d diye belirtmektedir, Evlilik ve Ahlak kavramlar\u0131n\u0131 derinlemesine analiz etti\u011fi bu kitab\u0131nda yak\u0131n \u00e7a\u011f\u0131m\u0131z\u0131n \u00e7ok y\u00f6nl\u00fc d\u00fc\u015f\u00fcn\u00fcr\u00fc Bernard Russell.<span class=\"excerpt-hellip\"> [\u2026]<\/span><\/p>\n","protected":false},"featured_media":0,"template":"","meta":{"_monsterinsights_skip_tracking":false,"_monsterinsights_sitenote_active":false,"_monsterinsights_sitenote_note":"","_monsterinsights_sitenote_category":0},"product_brand":[],"product_cat":[16038,12388],"product_tag":[],"class_list":{"0":"post-775012","1":"product","2":"type-product","3":"status-publish","5":"product_cat-arastirma-inceleme-referans-felsefe","6":"product_cat-felsefe","7":"pa_cilt-ciltsiz","8":"pa_tur-kitap","9":"pa_yayinevi-cem-yayinevi","10":"pa_yazar-bertrand-russell","12":"first","13":"instock","14":"sale","15":"shipping-taxable","16":"purchasable","17":"product-type-simple"},"_links":{"self":[{"href":"https:\/\/roveyayinevi.com.tr\/index.php\/wp-json\/wp\/v2\/product\/775012","targetHints":{"allow":["GET"]}}],"collection":[{"href":"https:\/\/roveyayinevi.com.tr\/index.php\/wp-json\/wp\/v2\/product"}],"about":[{"href":"https:\/\/roveyayinevi.com.tr\/index.php\/wp-json\/wp\/v2\/types\/product"}],"wp:attachment":[{"href":"https:\/\/roveyayinevi.com.tr\/index.php\/wp-json\/wp\/v2\/media?parent=775012"}],"wp:term":[{"taxonomy":"product_brand","embeddable":true,"href":"https:\/\/roveyayinevi.com.tr\/index.php\/wp-json\/wp\/v2\/product_brand?post=775012"},{"taxonomy":"product_cat","embeddable":true,"href":"https:\/\/roveyayinevi.com.tr\/index.php\/wp-json\/wp\/v2\/product_cat?post=775012"},{"taxonomy":"product_tag","embeddable":true,"href":"https:\/\/roveyayinevi.com.tr\/index.php\/wp-json\/wp\/v2\/product_tag?post=775012"}],"curies":[{"name":"wp","href":"https:\/\/api.w.org\/{rel}","templated":true}]}}