{"id":775011,"date":"2025-09-09T15:17:01","date_gmt":"2025-09-09T12:17:01","guid":{"rendered":"https:\/\/roveyayinevi.com.tr\/index.php\/urun\/risk-yonetimi-teori-ve-uygulamalar\/"},"modified":"2025-10-01T20:19:25","modified_gmt":"2025-10-01T17:19:25","slug":"risk-yonetimi-teori-ve-uygulamalar","status":"publish","type":"product","link":"https:\/\/roveyayinevi.com.tr\/index.php\/urun\/risk-yonetimi-teori-ve-uygulamalar\/","title":{"rendered":"Risk Y\u00f6netimi: Teori ve Uygulamalar"},"content":{"rendered":"<p>B\u0130R\u0130NC\u0130 B\u00d6L\u00dcM F\u0130NANSAL BA\u015eARISIZLIK R\u0130SK\u0130N\u0130N F\u0130NANSAL PERFORMANS A\u00c7ISINDAN DE\u011eERLEND\u0130R\u0130LMES\u0130: B\u0130ST TEKST\u0130L ENDEKS\u0130 \u00dcZER\u0130NE B\u0130R UYGULAMA   \u0130K\u0130NC\u0130 B\u00d6L\u00dcM ULUSLARARASI \u00c7E\u015e\u0130TLEND\u0130R\u0130LM\u0130\u015e PORTF\u00d6YLERDE R\u0130SKE MARUZ DE\u011eER (RMD) \u00d6L\u00c7\u00dcM\u00dc   \u00dc\u00c7\u00dcNC\u00dc B\u00d6L\u00dcM R\u0130SKE MARUZ DE\u011eER &#8211; GET\u0130R\u0130 \u0130L\u0130\u015eK\u0130S\u0130: B\u0130ST BANKA PORTF\u00d6Y\u00dc \u00dcZER\u0130NE EKONOMETR\u0130K B\u0130R ARA\u015eTIRMA   D\u00d6RD\u00dcNC\u00dc B\u00d6L\u00dcM T\u00dcRK\u0130YE\u2019DE BANKACILIK SEKT\u00d6R\u00dc, R\u0130SKLER\u0130 VE R\u0130SK Y\u00d6NET\u0130M ARA\u00c7LARI   BE\u015e\u0130NC\u0130 B\u00d6L\u00dcM D\u00d6V\u0130Z KURU R\u0130SK\u0130 VE F\u0130NANSAL PERFORMANS ARASINDAK\u0130 \u0130L\u0130\u015eK\u0130: BORSA \u0130STANBUL\u2019DA \u0130\u015eLEM G\u00d6REN F\u0130RMALAR \u00dcZER\u0130NE B\u0130R UYGULAMAALTINCI B\u00d6L\u00dcM S\u0130STEMAT\u0130K OLMAYAN R\u0130SKLER VE BEL\u0130RLEY\u0130C\u0130LER\u0130: TUR\u0130ZM SEKT\u00d6R\u00dc \u00d6RNE\u011e\u0130   YED\u0130NC\u0130 B\u00d6L\u00dcM B\u0130R R\u0130SK UNSURU OLARAK BEL\u0130RS\u0130ZL\u0130K VE PAY P\u0130YASASI   SEK\u0130Z\u0130NC\u0130 B\u00d6L\u00dcM L\u0130K\u0130D\u0130TE R\u0130SK\u0130 VE GET\u0130R\u0130S\u0130 ARASINDAK\u0130 \u0130L\u0130\u015eK\u0130: B\u0130ST T\u00dcM ENDEKS\u0130 \u00dcZER\u0130NE B\u0130R ARA\u015eTIRMA   DOKUZUNCU B\u00d6L\u00dcM MAKROEKONOM\u0130K FAKT\u00d6RLER\u0130N KR\u0130PTO PARA OYNAKLI\u011eI (R\u0130SK\u0130) \u00dcZER\u0130NDEK\u0130 ETK\u0130S\u0130 <\/p>\n","protected":false},"excerpt":{"rendered":"<p>B\u0130R\u0130NC\u0130 B\u00d6L\u00dcM F\u0130NANSAL BA\u015eARISIZLIK R\u0130SK\u0130N\u0130N F\u0130NANSAL PERFORMANS A\u00c7ISINDAN DE\u011eERLEND\u0130R\u0130LMES\u0130: B\u0130ST TEKST\u0130L ENDEKS\u0130 \u00dcZER\u0130NE B\u0130R UYGULAMA \u0130K\u0130NC\u0130 B\u00d6L\u00dcM ULUSLARARASI \u00c7E\u015e\u0130TLEND\u0130R\u0130LM\u0130\u015e PORTF\u00d6YLERDE R\u0130SKE MARUZ DE\u011eER (RMD) \u00d6L\u00c7\u00dcM\u00dc \u00dc\u00c7\u00dcNC\u00dc<span class=\"excerpt-hellip\"> [\u2026]<\/span><\/p>\n","protected":false},"featured_media":0,"template":"","meta":{"_monsterinsights_skip_tracking":false,"_monsterinsights_sitenote_active":false,"_monsterinsights_sitenote_note":"","_monsterinsights_sitenote_category":0},"product_brand":[],"product_cat":[20333,13043],"product_tag":[],"class_list":{"0":"post-775011","1":"product","2":"type-product","3":"status-publish","5":"product_cat-diger-ekonomi","6":"product_cat-ekonomi","7":"pa_cilt-ciltsiz","8":"pa_tur-kitap","9":"pa_yayinevi-gazi-kitabevi","10":"pa_yazar-kolektif","12":"first","13":"instock","14":"sale","15":"shipping-taxable","16":"purchasable","17":"product-type-simple"},"_links":{"self":[{"href":"https:\/\/roveyayinevi.com.tr\/index.php\/wp-json\/wp\/v2\/product\/775011","targetHints":{"allow":["GET"]}}],"collection":[{"href":"https:\/\/roveyayinevi.com.tr\/index.php\/wp-json\/wp\/v2\/product"}],"about":[{"href":"https:\/\/roveyayinevi.com.tr\/index.php\/wp-json\/wp\/v2\/types\/product"}],"wp:attachment":[{"href":"https:\/\/roveyayinevi.com.tr\/index.php\/wp-json\/wp\/v2\/media?parent=775011"}],"wp:term":[{"taxonomy":"product_brand","embeddable":true,"href":"https:\/\/roveyayinevi.com.tr\/index.php\/wp-json\/wp\/v2\/product_brand?post=775011"},{"taxonomy":"product_cat","embeddable":true,"href":"https:\/\/roveyayinevi.com.tr\/index.php\/wp-json\/wp\/v2\/product_cat?post=775011"},{"taxonomy":"product_tag","embeddable":true,"href":"https:\/\/roveyayinevi.com.tr\/index.php\/wp-json\/wp\/v2\/product_tag?post=775011"}],"curies":[{"name":"wp","href":"https:\/\/api.w.org\/{rel}","templated":true}]}}