{"id":775010,"date":"2025-09-09T15:16:42","date_gmt":"2025-09-09T12:16:42","guid":{"rendered":"https:\/\/roveyayinevi.com.tr\/index.php\/urun\/bir-turkudur-omrum\/"},"modified":"2026-04-16T02:57:45","modified_gmt":"2026-04-15T23:57:45","slug":"bir-turkudur-omrum","status":"publish","type":"product","link":"https:\/\/roveyayinevi.com.tr\/index.php\/urun\/bir-turkudur-omrum\/","title":{"rendered":"Bir T\u00fcrk\u00fcd\u00fcr \u00d6mr\u00fcm"},"content":{"rendered":"<p>Bir t\u00fcrk\u00fcd\u00fcr \u00f6mr\u00fcm G\u00fczel y\u00fcz\u00fcnde Tatl\u0131 dilinde Narin elinde Bir t\u00fcrk\u00fcd\u00fcr \u00f6mr\u00fcm  Bilmez hi\u00e7 kimse En derinimde A\u015fk yeminimde Bir t\u00fcrk\u00fcd\u00fcr \u00f6mr\u00fcm  G\u00f6n\u00fcl ba\u011f\u0131nda  A\u015fk kap\u0131s\u0131nda  Senin saz\u0131nda ************* Tutun saz\u0131m\u0131n teline M\u0131zrab\u0131n\u0131 al eline O g\u00fczel sesin ile T\u00fcrk\u00fc t\u00fcrk\u00fc sar\u0131l bana *************** Vurup saz\u0131n tellerine Seni \u00f6zledim d\u00fcn gece Bak\u0131p bak\u0131p resmine de Hayallere dald\u0131m yine &#8212;&#8212;&#8212;&#8212;&#8212;&#8212;&#8212;&#8212; Ela g\u00f6zl\u00fcm dinle benim derdimi Ka\u015f\u0131n\u0131 Keman edip edip  \u00fczersin beni  Ben sana ne ettim neylersin beni Y\u00fcce da\u011flar gibi da\u011flama beni  <\/p>\n","protected":false},"excerpt":{"rendered":"<p>Bir t\u00fcrk\u00fcd\u00fcr \u00f6mr\u00fcm G\u00fczel y\u00fcz\u00fcnde Tatl\u0131 dilinde Narin elinde Bir t\u00fcrk\u00fcd\u00fcr \u00f6mr\u00fcm Bilmez hi\u00e7 kimse En derinimde A\u015fk yeminimde Bir t\u00fcrk\u00fcd\u00fcr \u00f6mr\u00fcm G\u00f6n\u00fcl ba\u011f\u0131nda A\u015fk kap\u0131s\u0131nda<span class=\"excerpt-hellip\"> [\u2026]<\/span><\/p>\n","protected":false},"featured_media":0,"template":"","meta":{"_monsterinsights_skip_tracking":false,"_monsterinsights_sitenote_active":false,"_monsterinsights_sitenote_note":"","_monsterinsights_sitenote_category":0},"product_brand":[],"product_cat":[12291,12509],"product_tag":[],"class_list":{"0":"post-775010","1":"product","2":"type-product","3":"status-publish","5":"product_cat-edebiyat","6":"product_cat-siir","7":"pa_cilt-ciltsiz","8":"pa_tur-kitap","9":"pa_yayinevi-kirmizi-ada-yayinlari","10":"pa_yazar-mehmet-gokdogan","12":"first","13":"instock","14":"sale","15":"shipping-taxable","16":"purchasable","17":"product-type-simple"},"_links":{"self":[{"href":"https:\/\/roveyayinevi.com.tr\/index.php\/wp-json\/wp\/v2\/product\/775010","targetHints":{"allow":["GET"]}}],"collection":[{"href":"https:\/\/roveyayinevi.com.tr\/index.php\/wp-json\/wp\/v2\/product"}],"about":[{"href":"https:\/\/roveyayinevi.com.tr\/index.php\/wp-json\/wp\/v2\/types\/product"}],"wp:attachment":[{"href":"https:\/\/roveyayinevi.com.tr\/index.php\/wp-json\/wp\/v2\/media?parent=775010"}],"wp:term":[{"taxonomy":"product_brand","embeddable":true,"href":"https:\/\/roveyayinevi.com.tr\/index.php\/wp-json\/wp\/v2\/product_brand?post=775010"},{"taxonomy":"product_cat","embeddable":true,"href":"https:\/\/roveyayinevi.com.tr\/index.php\/wp-json\/wp\/v2\/product_cat?post=775010"},{"taxonomy":"product_tag","embeddable":true,"href":"https:\/\/roveyayinevi.com.tr\/index.php\/wp-json\/wp\/v2\/product_tag?post=775010"}],"curies":[{"name":"wp","href":"https:\/\/api.w.org\/{rel}","templated":true}]}}