{"id":775007,"date":"2025-09-09T15:14:18","date_gmt":"2025-09-09T12:14:18","guid":{"rendered":"https:\/\/roveyayinevi.com.tr\/index.php\/urun\/etkilesimli-okuma-uygulamalari-egitimciler-anne-babalar-icin\/"},"modified":"2026-04-16T02:57:32","modified_gmt":"2026-04-15T23:57:32","slug":"etkilesimli-okuma-uygulamalari-egitimciler-anne-babalar-icin","status":"publish","type":"product","link":"https:\/\/roveyayinevi.com.tr\/index.php\/urun\/etkilesimli-okuma-uygulamalari-egitimciler-anne-babalar-icin\/","title":{"rendered":"Etkile\u015fimli Okuma Uygulamalar\u0131 \u201cE\u011fitimciler, Anne \u2013 Babalar \u0130\u00e7in\u201d"},"content":{"rendered":"<p>\u00c7ocuklarla \u00e7ocuklar\u0131m\u0131zla yapt\u0131\u011f\u0131m\u0131z 10 \u00f6rnek uygulamay\u0131 sizlerle payla\u015fmak istiyoruz. Okuma gibi insan ya\u015fam\u0131nda kritik bir \u00f6nemesahip bir becerinin nas\u0131l geli\u015ftirilebilece\u011fiyle ilgili sizlere k\u00fc\u00e7\u00fck bir ipucu vermek istedik. Biz uygularken hem keyif ald\u0131k hem \u00f6\u011frendikhem de \u00e7ocuklar\u0131n okuma istek ve arzular\u0131na \u015fahit olduk\u2026Tabi ki bu kitaptaki uygulamalar birer \u00f6rnek. Umuyoruz ki sizler \u00e7ocuklar\u0131n\u0131zla\/\u00f6\u011frencilerinizle yeni uygulamalar geli\u015ftirecek ve onlar\u0131nokuma yolculu\u011funun nas\u0131l keyifle ge\u00e7ti\u011fine \u015fahit olacaks\u0131n\u0131z. Ve bu g\u00fczel uygulamalar\u0131n\u0131z\u0131 bizimle payla\u015facaks\u0131n\u0131z.Haydi, kitab\u0131n ilk sayfas\u0131n\u0131 \u00e7evirin\u2026Ba\u015fl\u0131yoruz\u2026<\/p>\n","protected":false},"excerpt":{"rendered":"<p>\u00c7ocuklarla \u00e7ocuklar\u0131m\u0131zla yapt\u0131\u011f\u0131m\u0131z 10 \u00f6rnek uygulamay\u0131 sizlerle payla\u015fmak istiyoruz. Okuma gibi insan ya\u015fam\u0131nda kritik bir \u00f6nemesahip bir becerinin nas\u0131l geli\u015ftirilebilece\u011fiyle ilgili sizlere k\u00fc\u00e7\u00fck bir ipucu vermek<span class=\"excerpt-hellip\"> [\u2026]<\/span><\/p>\n","protected":false},"featured_media":0,"template":"","meta":{"_monsterinsights_skip_tracking":false,"_monsterinsights_sitenote_active":false,"_monsterinsights_sitenote_note":"","_monsterinsights_sitenote_category":0},"product_brand":[],"product_cat":[12573,12566],"product_tag":[],"class_list":{"0":"post-775007","1":"product","2":"type-product","3":"status-publish","5":"product_cat-akademik-kitaplar","6":"product_cat-egitim","7":"pa_cilt-ciltsiz","8":"pa_tur-kitap","9":"pa_yayinevi-egiten-kitap","10":"pa_yazar-kolektif","12":"first","13":"instock","14":"sale","15":"shipping-taxable","16":"purchasable","17":"product-type-simple"},"_links":{"self":[{"href":"https:\/\/roveyayinevi.com.tr\/index.php\/wp-json\/wp\/v2\/product\/775007","targetHints":{"allow":["GET"]}}],"collection":[{"href":"https:\/\/roveyayinevi.com.tr\/index.php\/wp-json\/wp\/v2\/product"}],"about":[{"href":"https:\/\/roveyayinevi.com.tr\/index.php\/wp-json\/wp\/v2\/types\/product"}],"wp:attachment":[{"href":"https:\/\/roveyayinevi.com.tr\/index.php\/wp-json\/wp\/v2\/media?parent=775007"}],"wp:term":[{"taxonomy":"product_brand","embeddable":true,"href":"https:\/\/roveyayinevi.com.tr\/index.php\/wp-json\/wp\/v2\/product_brand?post=775007"},{"taxonomy":"product_cat","embeddable":true,"href":"https:\/\/roveyayinevi.com.tr\/index.php\/wp-json\/wp\/v2\/product_cat?post=775007"},{"taxonomy":"product_tag","embeddable":true,"href":"https:\/\/roveyayinevi.com.tr\/index.php\/wp-json\/wp\/v2\/product_tag?post=775007"}],"curies":[{"name":"wp","href":"https:\/\/api.w.org\/{rel}","templated":true}]}}