{"id":775006,"date":"2025-09-09T15:13:30","date_gmt":"2025-09-09T12:13:30","guid":{"rendered":"https:\/\/roveyayinevi.com.tr\/index.php\/urun\/bilincalti-3\/"},"modified":"2026-04-16T02:57:27","modified_gmt":"2026-04-15T23:57:27","slug":"bilincalti-3","status":"publish","type":"product","link":"https:\/\/roveyayinevi.com.tr\/index.php\/urun\/bilincalti-3\/","title":{"rendered":"Bilin\u00e7alt\u0131"},"content":{"rendered":"<p>Sigmund Freud etkileri g\u00fcn\u00fcm\u00fcze dek s\u00fcren bilin\u00e7alt\u0131n\u0131n ara\u015ft\u0131r\u0131lmas\u0131 y\u00f6ntemi olarak psikanalizi geli\u015ftirmi\u015fti. Freud bilim insan\u0131 kimli\u011finin yan\u0131 s\u0131ra verimli bir yazard\u0131. Ara\u015ft\u0131rmalar\u0131n\u0131 kamuoyuyla payla\u015f\u0131rken bilimsel polemiklere giri\u015fmi\u015f, bu ama\u00e7la makaleler kaleme alm\u0131\u015ft\u0131. Okuyucuya sundu\u011fumuz Bilin\u00e7alt\u0131 kitab\u0131nda Freud\u2019un makalelerinden bir se\u00e7me bulacaks\u0131n\u0131z. Bu makalelerden ilki, Freud\u2019un Adler ve Jung\u2019la ya\u015fad\u0131\u011f\u0131 yol ayr\u0131l\u0131\u011f\u0131n\u0131 kendi a\u00e7\u0131s\u0131ndan anlatmas\u0131 nedeniyle ayr\u0131 bir \u00f6nem ta\u015f\u0131maktad\u0131r. Ayr\u0131ca Freud\u2019un ansiklopediler i\u00e7in kaleme ald\u0131\u011f\u0131, psikanaliz ve libido kavramlar\u0131n\u0131 a\u00e7\u0131klad\u0131\u011f\u0131 iki madde de ayd\u0131nlat\u0131c\u0131 olacakt\u0131r. <\/p>\n","protected":false},"excerpt":{"rendered":"<p>Sigmund Freud etkileri g\u00fcn\u00fcm\u00fcze dek s\u00fcren bilin\u00e7alt\u0131n\u0131n ara\u015ft\u0131r\u0131lmas\u0131 y\u00f6ntemi olarak psikanalizi geli\u015ftirmi\u015fti. Freud bilim insan\u0131 kimli\u011finin yan\u0131 s\u0131ra verimli bir yazard\u0131. Ara\u015ft\u0131rmalar\u0131n\u0131 kamuoyuyla payla\u015f\u0131rken bilimsel polemiklere<span class=\"excerpt-hellip\"> [\u2026]<\/span><\/p>\n","protected":false},"featured_media":0,"template":"","meta":{"_monsterinsights_skip_tracking":false,"_monsterinsights_sitenote_active":false,"_monsterinsights_sitenote_note":"","_monsterinsights_sitenote_category":0},"product_brand":[],"product_cat":[12357],"product_tag":[],"class_list":{"0":"post-775006","1":"product","2":"type-product","3":"status-publish","5":"product_cat-psikoloji","6":"pa_cilt-ciltsiz","7":"pa_tur-kitap","8":"pa_yayinevi-cem-yayinevi","9":"pa_yazar-sigmund-freud","11":"first","12":"instock","13":"sale","14":"shipping-taxable","15":"purchasable","16":"product-type-simple"},"_links":{"self":[{"href":"https:\/\/roveyayinevi.com.tr\/index.php\/wp-json\/wp\/v2\/product\/775006","targetHints":{"allow":["GET"]}}],"collection":[{"href":"https:\/\/roveyayinevi.com.tr\/index.php\/wp-json\/wp\/v2\/product"}],"about":[{"href":"https:\/\/roveyayinevi.com.tr\/index.php\/wp-json\/wp\/v2\/types\/product"}],"wp:attachment":[{"href":"https:\/\/roveyayinevi.com.tr\/index.php\/wp-json\/wp\/v2\/media?parent=775006"}],"wp:term":[{"taxonomy":"product_brand","embeddable":true,"href":"https:\/\/roveyayinevi.com.tr\/index.php\/wp-json\/wp\/v2\/product_brand?post=775006"},{"taxonomy":"product_cat","embeddable":true,"href":"https:\/\/roveyayinevi.com.tr\/index.php\/wp-json\/wp\/v2\/product_cat?post=775006"},{"taxonomy":"product_tag","embeddable":true,"href":"https:\/\/roveyayinevi.com.tr\/index.php\/wp-json\/wp\/v2\/product_tag?post=775006"}],"curies":[{"name":"wp","href":"https:\/\/api.w.org\/{rel}","templated":true}]}}