{"id":775004,"date":"2025-09-09T15:10:57","date_gmt":"2025-09-09T12:10:57","guid":{"rendered":"https:\/\/roveyayinevi.com.tr\/index.php\/urun\/islam-tarihi\/"},"modified":"2026-04-16T02:56:37","modified_gmt":"2026-04-15T23:56:37","slug":"islam-tarihi","status":"publish","type":"product","link":"https:\/\/roveyayinevi.com.tr\/index.php\/urun\/islam-tarihi\/","title":{"rendered":"\u0130slam Tarihi"},"content":{"rendered":"<p>\u201c\u0130slam medeniyetinin en sonunda neden \u201cBat\u0131\u201dn\u0131n hegemonik g\u00fcc\u00fcne boyun e\u011fdi\u011fine dair teleolojik varsay\u0131mlardan olu\u015fan bir arka plana kar\u015f\u0131 bu kitap \u015fehirli, k\u0131rsal ve g\u00f6\u00e7ebe ortamlardaki \u201cs\u0131radan insanlar\u201d ile elitlerin diyalekti\u011finin kendine \u00f6zg\u00fc \u0130slami (ve \u0130slamla yo\u011frulmu\u015f) a\u00e7\u0131klamas\u0131n\u0131 ele almaktad\u0131r. Birbiriyle ba\u011flant\u0131l\u0131 hayat tarzlar\u0131n\u0131n olduk\u00e7a de\u011fi\u015fken ve genellikle de esnek idari kurumlarla ba\u011flant\u0131l\u0131 olarak nas\u0131l \u015fekillendi\u011fini g\u00f6stermektedir. A\u00e7\u0131k ama kapsaml\u0131 bir \u0130slam tarihi ortaya koyman\u0131n ba\u015fl\u0131ca anahtar\u0131 din ve k\u00fclt\u00fcr\u00fc, g\u00fc\u00e7 ve medeniyete ba\u011flayan mevcut dinamikler \u00fczerine odaklanmakt\u0131r. Bu odak medeniyet \u00f6tesi yakla\u015f\u0131ma de\u011fer katmakta, b\u00f6ylece \u0130slam co\u011frafyas\u0131 dar bir ara\u015ft\u0131rma alan\u0131n\u0131n merce\u011finden ziyade hem i\u00e7 ifade bi\u00e7imleriyle hem de d\u0131\u015f a\u00e7\u0131kl\u0131\u011f\u0131 ve ge\u00e7irgenli\u011fi i\u00e7inde g\u00f6r\u00fclmektedir.\u201d <\/p>\n","protected":false},"excerpt":{"rendered":"<p>\u201c\u0130slam medeniyetinin en sonunda neden \u201cBat\u0131\u201dn\u0131n hegemonik g\u00fcc\u00fcne boyun e\u011fdi\u011fine dair teleolojik varsay\u0131mlardan olu\u015fan bir arka plana kar\u015f\u0131 bu kitap \u015fehirli, k\u0131rsal ve g\u00f6\u00e7ebe ortamlardaki \u201cs\u0131radan<span class=\"excerpt-hellip\"> [\u2026]<\/span><\/p>\n","protected":false},"featured_media":0,"template":"","meta":{"_monsterinsights_skip_tracking":false,"_monsterinsights_sitenote_active":false,"_monsterinsights_sitenote_note":"","_monsterinsights_sitenote_category":0},"product_brand":[],"product_cat":[12370,12304],"product_tag":[],"class_list":{"0":"post-775004","1":"product","2":"type-product","3":"status-publish","5":"product_cat-arastirma-inceleme","6":"product_cat-tarih","7":"pa_cilt-ciltsiz","8":"pa_tur-kitap","9":"pa_yayinevi-vakifbank-kultur-yayinlari","10":"pa_yazar-kolektif","12":"first","13":"instock","14":"sale","15":"shipping-taxable","16":"purchasable","17":"product-type-simple"},"_links":{"self":[{"href":"https:\/\/roveyayinevi.com.tr\/index.php\/wp-json\/wp\/v2\/product\/775004","targetHints":{"allow":["GET"]}}],"collection":[{"href":"https:\/\/roveyayinevi.com.tr\/index.php\/wp-json\/wp\/v2\/product"}],"about":[{"href":"https:\/\/roveyayinevi.com.tr\/index.php\/wp-json\/wp\/v2\/types\/product"}],"wp:attachment":[{"href":"https:\/\/roveyayinevi.com.tr\/index.php\/wp-json\/wp\/v2\/media?parent=775004"}],"wp:term":[{"taxonomy":"product_brand","embeddable":true,"href":"https:\/\/roveyayinevi.com.tr\/index.php\/wp-json\/wp\/v2\/product_brand?post=775004"},{"taxonomy":"product_cat","embeddable":true,"href":"https:\/\/roveyayinevi.com.tr\/index.php\/wp-json\/wp\/v2\/product_cat?post=775004"},{"taxonomy":"product_tag","embeddable":true,"href":"https:\/\/roveyayinevi.com.tr\/index.php\/wp-json\/wp\/v2\/product_tag?post=775004"}],"curies":[{"name":"wp","href":"https:\/\/api.w.org\/{rel}","templated":true}]}}