{"id":775003,"date":"2025-09-09T15:10:30","date_gmt":"2025-09-09T12:10:30","guid":{"rendered":"https:\/\/roveyayinevi.com.tr\/index.php\/urun\/dunyadan-uzak\/"},"modified":"2026-04-12T03:00:48","modified_gmt":"2026-04-12T00:00:48","slug":"dunyadan-uzak","status":"publish","type":"product","link":"https:\/\/roveyayinevi.com.tr\/index.php\/urun\/dunyadan-uzak\/","title":{"rendered":"D\u00fcnyadan Uzak"},"content":{"rendered":"<p>\u201cUNUTAN, \u0130Y\u0130LE\u015e\u0130R&#8230;\u201d \u2013 FRIEDRICH NIETZSCHE   Ge\u00e7mi\u015f iyile\u015ftirilmesi gereken bir travma de\u011fil art\u0131k, sakat bir haf\u0131za&#8230; Hat\u0131rlad\u0131klar\u0131n, unutamad\u0131klar\u0131n, \u00fcstelik yanl\u0131\u015f hat\u0131rlad\u0131klar\u0131n da var. Bunlar yeni bir gelecek in\u015fa etmenin \u00f6n\u00fcndeki en b\u00fcy\u00fck engeller. Hayat\u0131n\u0131n en b\u00fcy\u00fck d\u00fc\u015fman\u0131n\u0131, kafan\u0131n i\u00e7inde ta\u015f\u0131yorsun, onu besliyorsun, b\u00fcy\u00fct\u00fcyorsun. \u00c7\u00f6pl\u00fc\u011fe d\u00f6n\u00fc\u015fm\u00fc\u015f o haf\u0131zadan kurtulmak zorundas\u0131n. Aksi halde bir gelece\u011fin olmayacak. Unutmak i\u00e7in kendini zorlarsan, her \u015feyi daha \u00e7ok hat\u0131rlars\u0131n. Bu y\u00fczden, haf\u0131zan\u0131 yenisiyle de\u011fi\u015ftireceksin! Peki ama nas\u0131l? D\u00dcNYADAN UZAK, insan haf\u0131zas\u0131n\u0131 tart\u0131\u015fan bir bilimkurgu&#8230; Mesele sadece ge\u00e7mi\u015fle ba\u011flar\u0131 kopar\u0131p koparmamak, eski travmalar\u0131 iyile\u015ftirip iyile\u015ftirmemek de\u011fil, mesele insan\u0131n baz\u0131 \u015feyleri hat\u0131rlamak istedi\u011fi gibi hat\u0131rlamas\u0131&#8230; Yanl\u0131\u015f hat\u0131rlad\u0131klar\u0131nla, \u00f6n\u00fcne engeller \u00e7\u0131kararak, sahte travmalar\u0131n ac\u0131s\u0131n\u0131 \u00e7ekerek, belki de en b\u00fcy\u00fck ve en ac\u0131mas\u0131z darbeyi sen indiriyorsun kendine. Haf\u0131zas\u0131yla d\u00fcr\u00fcst bir y\u00fczle\u015fmeye haz\u0131r olanlar\u0131 sarsacak bir roman&#8230; <\/p>\n","protected":false},"excerpt":{"rendered":"<p>\u201cUNUTAN, \u0130Y\u0130LE\u015e\u0130R&#8230;\u201d \u2013 FRIEDRICH NIETZSCHE Ge\u00e7mi\u015f iyile\u015ftirilmesi gereken bir travma de\u011fil art\u0131k, sakat bir haf\u0131za&#8230; Hat\u0131rlad\u0131klar\u0131n, unutamad\u0131klar\u0131n, \u00fcstelik yanl\u0131\u015f hat\u0131rlad\u0131klar\u0131n da var. Bunlar yeni bir gelecek<span class=\"excerpt-hellip\"> [\u2026]<\/span><\/p>\n","protected":false},"featured_media":0,"template":"","meta":{"_monsterinsights_skip_tracking":false,"_monsterinsights_sitenote_active":false,"_monsterinsights_sitenote_note":"","_monsterinsights_sitenote_category":0},"product_brand":[],"product_cat":[12291,12711],"product_tag":[],"class_list":{"0":"post-775003","1":"product","2":"type-product","3":"status-publish","5":"product_cat-edebiyat","6":"product_cat-roman-oyku","7":"pa_cilt-ciltsiz","8":"pa_tur-kitap","9":"pa_yayinevi-destek-yayinlari","10":"pa_yazar-ugur-arslan","12":"first","13":"instock","14":"sale","15":"shipping-taxable","16":"purchasable","17":"product-type-simple"},"_links":{"self":[{"href":"https:\/\/roveyayinevi.com.tr\/index.php\/wp-json\/wp\/v2\/product\/775003","targetHints":{"allow":["GET"]}}],"collection":[{"href":"https:\/\/roveyayinevi.com.tr\/index.php\/wp-json\/wp\/v2\/product"}],"about":[{"href":"https:\/\/roveyayinevi.com.tr\/index.php\/wp-json\/wp\/v2\/types\/product"}],"wp:attachment":[{"href":"https:\/\/roveyayinevi.com.tr\/index.php\/wp-json\/wp\/v2\/media?parent=775003"}],"wp:term":[{"taxonomy":"product_brand","embeddable":true,"href":"https:\/\/roveyayinevi.com.tr\/index.php\/wp-json\/wp\/v2\/product_brand?post=775003"},{"taxonomy":"product_cat","embeddable":true,"href":"https:\/\/roveyayinevi.com.tr\/index.php\/wp-json\/wp\/v2\/product_cat?post=775003"},{"taxonomy":"product_tag","embeddable":true,"href":"https:\/\/roveyayinevi.com.tr\/index.php\/wp-json\/wp\/v2\/product_tag?post=775003"}],"curies":[{"name":"wp","href":"https:\/\/api.w.org\/{rel}","templated":true}]}}