{"id":775000,"date":"2025-09-09T15:08:20","date_gmt":"2025-09-09T12:08:20","guid":{"rendered":"https:\/\/roveyayinevi.com.tr\/index.php\/urun\/hikmetli-kissalar\/"},"modified":"2026-02-26T03:09:27","modified_gmt":"2026-02-26T00:09:27","slug":"hikmetli-kissalar","status":"publish","type":"product","link":"https:\/\/roveyayinevi.com.tr\/index.php\/urun\/hikmetli-kissalar\/","title":{"rendered":"Hikmetli K\u0131ssalar"},"content":{"rendered":"<p>Kur\u2019an-\u0131 Kerim k\u0131ssalar\u0131ndan Hadis-i \u015eeriflere, Lokman Hekim\u2019den er-Razi\u2019ye, Behlu\u0308l D\u00e2n\u00e2\u2019dan Cambaz Deli Osman A\u011fa\u2019ya, Feridu\u0308ddin-i Attar\u2019dan Karadenizlinin hikmetli h\u00e2line uzanan k\u0131ssalar ve onlardan \u00e7\u0131kar\u0131lacak hisseler&#8230; Kem\u00e2l \u00d6zer Hikmetli K\u0131ssalar\u2019da \u0130slam dininin kaynaklar\u0131ndan aktard\u0131\u011f\u0131 k\u0131ssalardan \u00e7a\u011f\u0131n s\u0131k\u0131nt\u0131lar\u0131na \u015fifa olacak hisseler sunuyor okuyucuya.<\/p>\n","protected":false},"excerpt":{"rendered":"<p>Kur\u2019an-\u0131 Kerim k\u0131ssalar\u0131ndan Hadis-i \u015eeriflere, Lokman Hekim\u2019den er-Razi\u2019ye, Behlu\u0308l D\u00e2n\u00e2\u2019dan Cambaz Deli Osman A\u011fa\u2019ya, Feridu\u0308ddin-i Attar\u2019dan Karadenizlinin hikmetli h\u00e2line uzanan k\u0131ssalar ve onlardan \u00e7\u0131kar\u0131lacak hisseler&#8230; Kem\u00e2l<span class=\"excerpt-hellip\"> [\u2026]<\/span><\/p>\n","protected":false},"featured_media":0,"template":"","meta":{"_monsterinsights_skip_tracking":false,"_monsterinsights_sitenote_active":false,"_monsterinsights_sitenote_note":"","_monsterinsights_sitenote_category":0},"product_brand":[],"product_cat":[12718,12719,15238],"product_tag":[],"class_list":{"0":"post-775000","1":"product","2":"type-product","3":"status-publish","5":"product_cat-din","6":"product_cat-islam","7":"product_cat-tasavvuf","8":"pa_cilt-ciltsiz","9":"pa_tur-kitap","10":"pa_yayinevi-ketebe-yayinlari","11":"pa_yazar-kemal-ozer","13":"first","14":"instock","15":"sale","16":"shipping-taxable","17":"purchasable","18":"product-type-simple"},"_links":{"self":[{"href":"https:\/\/roveyayinevi.com.tr\/index.php\/wp-json\/wp\/v2\/product\/775000","targetHints":{"allow":["GET"]}}],"collection":[{"href":"https:\/\/roveyayinevi.com.tr\/index.php\/wp-json\/wp\/v2\/product"}],"about":[{"href":"https:\/\/roveyayinevi.com.tr\/index.php\/wp-json\/wp\/v2\/types\/product"}],"wp:attachment":[{"href":"https:\/\/roveyayinevi.com.tr\/index.php\/wp-json\/wp\/v2\/media?parent=775000"}],"wp:term":[{"taxonomy":"product_brand","embeddable":true,"href":"https:\/\/roveyayinevi.com.tr\/index.php\/wp-json\/wp\/v2\/product_brand?post=775000"},{"taxonomy":"product_cat","embeddable":true,"href":"https:\/\/roveyayinevi.com.tr\/index.php\/wp-json\/wp\/v2\/product_cat?post=775000"},{"taxonomy":"product_tag","embeddable":true,"href":"https:\/\/roveyayinevi.com.tr\/index.php\/wp-json\/wp\/v2\/product_tag?post=775000"}],"curies":[{"name":"wp","href":"https:\/\/api.w.org\/{rel}","templated":true}]}}