{"id":774999,"date":"2025-09-09T15:07:01","date_gmt":"2025-09-09T12:07:01","guid":{"rendered":"https:\/\/roveyayinevi.com.tr\/index.php\/urun\/nihan-ile-yuz-yogasini-kesfet\/"},"modified":"2026-04-16T02:55:41","modified_gmt":"2026-04-15T23:55:41","slug":"nihan-ile-yuz-yogasini-kesfet","status":"publish","type":"product","link":"https:\/\/roveyayinevi.com.tr\/index.php\/urun\/nihan-ile-yuz-yogasini-kesfet\/","title":{"rendered":"Nihan ile Y\u00fcz Yogas\u0131n\u0131 Ke\u015ffet"},"content":{"rendered":"<p>Ya\u015flanmak sizin i\u00e7in ne anlama geliyor? Ya\u015flanmaktan korkuyor musunuz? K\u0131r\u0131\u015f\u0131kl\u0131klar en b\u00fcy\u00fck d\u00fc\u015fman\u0131n\u0131z m\u0131 oldu? Her foto\u011frafta beliren g\u0131d\u0131n\u0131z sizi rahats\u0131z m\u0131 ediyor?   Ya\u015flanmay\u0131 durdurmak m\u00fcmk\u00fcn olmayabilir ancak onun y\u00fcz\u00fcm\u00fczdeki izlerini silmek elimizde. Canlanmak, Tazelenmek ve Gen\u00e7le\u015fmek \u0130\u00e7in Nihan \u0130le Y\u00fcz Yogas\u0131\u2019n\u0131 Ke\u015ffet, botoks, dolgu, estetik gibi herhangi bir cerrahi m\u00fcdahale olmadan nas\u0131l gen\u00e7 ve diri bir cilde ve y\u00fcze sahip olabilece\u011finizi ad\u0131m ad\u0131m anlat\u0131yor.   Kitaba \u00f6zel haz\u0131rlanan Y\u00fcz Yogas\u0131 Videosu ile Y\u00fcz Yogas\u0131 pratiklerini hayat\u0131n\u0131za katman\u0131z art\u0131k \u00e7ok kolay. Hadi siz de g\u00fczel ya\u015flanman\u0131n ve b\u00fct\u00fcnsel sa\u011fl\u0131\u011f\u0131n keyfini \u00e7\u0131karmaya ba\u015flay\u0131n. Ayr\u0131ca bu kitap arac\u0131l\u0131\u011f\u0131yla Tapping, Akupres\u00fcr, GuaSha Masaj\u0131, Face Roller Masaj\u0131\u2019na dair bilgilere ula\u015fabilir, ihtiya\u00e7 duydu\u011funuz taktirde \u201cDi\u015f S\u0131kanlar \u0130\u00e7in Y\u00fcz Yogas\u0131\u201d b\u00f6l\u00fcm\u00fcndeki pozlardan faydalanabilirsiniz. <\/p>\n","protected":false},"excerpt":{"rendered":"<p>Ya\u015flanmak sizin i\u00e7in ne anlama geliyor? Ya\u015flanmaktan korkuyor musunuz? K\u0131r\u0131\u015f\u0131kl\u0131klar en b\u00fcy\u00fck d\u00fc\u015fman\u0131n\u0131z m\u0131 oldu? Her foto\u011frafta beliren g\u0131d\u0131n\u0131z sizi rahats\u0131z m\u0131 ediyor? Ya\u015flanmay\u0131 durdurmak m\u00fcmk\u00fcn<span class=\"excerpt-hellip\"> [\u2026]<\/span><\/p>\n","protected":false},"featured_media":0,"template":"","meta":{"_monsterinsights_skip_tracking":false,"_monsterinsights_sitenote_active":false,"_monsterinsights_sitenote_note":"","_monsterinsights_sitenote_category":0},"product_brand":[],"product_cat":[13365,19822],"product_tag":[],"class_list":{"0":"post-774999","1":"product","2":"type-product","3":"status-publish","5":"product_cat-saglik","6":"product_cat-yoga-meditasyon","7":"pa_cilt-ciltsiz","8":"pa_tur-kitap","9":"pa_yayinevi-omega","10":"pa_yazar-nihan-buyukaksu","12":"first","13":"instock","14":"sale","15":"shipping-taxable","16":"purchasable","17":"product-type-simple"},"_links":{"self":[{"href":"https:\/\/roveyayinevi.com.tr\/index.php\/wp-json\/wp\/v2\/product\/774999","targetHints":{"allow":["GET"]}}],"collection":[{"href":"https:\/\/roveyayinevi.com.tr\/index.php\/wp-json\/wp\/v2\/product"}],"about":[{"href":"https:\/\/roveyayinevi.com.tr\/index.php\/wp-json\/wp\/v2\/types\/product"}],"wp:attachment":[{"href":"https:\/\/roveyayinevi.com.tr\/index.php\/wp-json\/wp\/v2\/media?parent=774999"}],"wp:term":[{"taxonomy":"product_brand","embeddable":true,"href":"https:\/\/roveyayinevi.com.tr\/index.php\/wp-json\/wp\/v2\/product_brand?post=774999"},{"taxonomy":"product_cat","embeddable":true,"href":"https:\/\/roveyayinevi.com.tr\/index.php\/wp-json\/wp\/v2\/product_cat?post=774999"},{"taxonomy":"product_tag","embeddable":true,"href":"https:\/\/roveyayinevi.com.tr\/index.php\/wp-json\/wp\/v2\/product_tag?post=774999"}],"curies":[{"name":"wp","href":"https:\/\/api.w.org\/{rel}","templated":true}]}}