{"id":774997,"date":"2025-09-09T15:02:34","date_gmt":"2025-09-09T12:02:34","guid":{"rendered":"https:\/\/roveyayinevi.com.tr\/index.php\/urun\/en-guzel-isimler\/"},"modified":"2026-04-16T02:54:45","modified_gmt":"2026-04-15T23:54:45","slug":"en-guzel-isimler","status":"publish","type":"product","link":"https:\/\/roveyayinevi.com.tr\/index.php\/urun\/en-guzel-isimler\/","title":{"rendered":"En G\u00fczel \u0130simler"},"content":{"rendered":"<p>En G\u00fczel \u0130simler, il\u00e2h\u00ee isimlere (el-Esm\u00e2u\u2019l-H\u00fcsn\u00e2) dair yaz\u0131lm\u0131\u015f kitaplar\u0131n en me\u015fhurudur. Gazz\u00e2l\u00ee eserin b\u00fct\u00fcn\u00fcnde, bilhassa il\u00e2h\u00ee isimleri a\u00e7\u0131klad\u0131\u011f\u0131 ikinci ve esas b\u00f6l\u00fcmde, fertlerin Esm\u00e2-i H\u00fcsn\u00e2 ile irtibat\u0131, insan\u0131n il\u00e2h\u00ee ahl\u00e2kla ahl\u00e2klanmas\u0131n\u0131n ne anlama geldi\u011fi ve kulun her bir isimden alaca\u011f\u0131 hisselerin neler oldu\u011fu meseleleri \u00fczerine dikkatle durmaktad\u0131r. el-Maksadu\u2019l-Esn\u00e2 \u0130sl\u00e2m medeniyetinde marifetullaha dair yaz\u0131lm\u0131\u015f kitaplar\u0131n en k\u0131ymetlileri, en etkileyicileri aras\u0131ndad\u0131r. M\u00fcellifinin kendi ifadesiyle el-Maksadu\u2019l-Esn\u00e2 marifetin kap\u0131s\u0131n\u0131 \u00e7alan bir eserdir. \u201cKitab\u0131n b\u00fct\u00fcn b\u00f6l\u00fcmlerinde m\u00fcellifin s\u00fcr\u00fckleyici ve samimi \u00fcsl\u00fbbunun yan\u0131nda zihnin ve kalbin \u00fcr\u00fcn\u00fc olan kel\u00e2m\u00ee ve tasavvuf\u00ee yakla\u015f\u0131mlar\u0131 dikkat \u00e7ekmektedir. Gazz\u00e2l\u00ee\u2019nin, eserlerinde ba\u015far\u0131s\u0131n\u0131 sa\u011flayan z\u00e2hir-b\u00e2t\u0131n uyumunun sanatk\u00e2rane tecellisi bu kitapta a\u00e7\u0131k\u00e7a g\u00f6r\u00fclmektedir.\u201d <\/p>\n","protected":false},"excerpt":{"rendered":"<p>En G\u00fczel \u0130simler, il\u00e2h\u00ee isimlere (el-Esm\u00e2u\u2019l-H\u00fcsn\u00e2) dair yaz\u0131lm\u0131\u015f kitaplar\u0131n en me\u015fhurudur. Gazz\u00e2l\u00ee eserin b\u00fct\u00fcn\u00fcnde, bilhassa il\u00e2h\u00ee isimleri a\u00e7\u0131klad\u0131\u011f\u0131 ikinci ve esas b\u00f6l\u00fcmde, fertlerin Esm\u00e2-i H\u00fcsn\u00e2 ile<span class=\"excerpt-hellip\"> [\u2026]<\/span><\/p>\n","protected":false},"featured_media":0,"template":"","meta":{"_monsterinsights_skip_tracking":false,"_monsterinsights_sitenote_active":false,"_monsterinsights_sitenote_note":"","_monsterinsights_sitenote_category":0},"product_brand":[],"product_cat":[12718,12719,15238],"product_tag":[],"class_list":{"0":"post-774997","1":"product","2":"type-product","3":"status-publish","5":"product_cat-din","6":"product_cat-islam","7":"product_cat-tasavvuf","8":"pa_cilt-ciltsiz","9":"pa_tur-kitap","10":"pa_yayinevi-ketebe-yayinlari","11":"pa_yazar-gazzali","13":"first","14":"instock","15":"sale","16":"shipping-taxable","17":"purchasable","18":"product-type-simple"},"_links":{"self":[{"href":"https:\/\/roveyayinevi.com.tr\/index.php\/wp-json\/wp\/v2\/product\/774997","targetHints":{"allow":["GET"]}}],"collection":[{"href":"https:\/\/roveyayinevi.com.tr\/index.php\/wp-json\/wp\/v2\/product"}],"about":[{"href":"https:\/\/roveyayinevi.com.tr\/index.php\/wp-json\/wp\/v2\/types\/product"}],"wp:attachment":[{"href":"https:\/\/roveyayinevi.com.tr\/index.php\/wp-json\/wp\/v2\/media?parent=774997"}],"wp:term":[{"taxonomy":"product_brand","embeddable":true,"href":"https:\/\/roveyayinevi.com.tr\/index.php\/wp-json\/wp\/v2\/product_brand?post=774997"},{"taxonomy":"product_cat","embeddable":true,"href":"https:\/\/roveyayinevi.com.tr\/index.php\/wp-json\/wp\/v2\/product_cat?post=774997"},{"taxonomy":"product_tag","embeddable":true,"href":"https:\/\/roveyayinevi.com.tr\/index.php\/wp-json\/wp\/v2\/product_tag?post=774997"}],"curies":[{"name":"wp","href":"https:\/\/api.w.org\/{rel}","templated":true}]}}