{"id":774995,"date":"2025-09-09T14:58:56","date_gmt":"2025-09-09T11:58:56","guid":{"rendered":"https:\/\/roveyayinevi.com.tr\/index.php\/urun\/kreutzer-sonat-5\/"},"modified":"2026-04-16T02:53:57","modified_gmt":"2026-04-15T23:53:57","slug":"kreutzer-sonat-5","status":"publish","type":"product","link":"https:\/\/roveyayinevi.com.tr\/index.php\/urun\/kreutzer-sonat-5\/","title":{"rendered":"Kreutzer Sonat"},"content":{"rendered":"<p>K\u0131skan\u00e7l\u0131\u011f\u0131n bir aile dram\u0131na d\u00f6n\u00fc\u015fme hik\u00e2yesi&#8230; Tolstoy, bu k\u0131sa roman\u0131nda, \u015fiddetli k\u0131skan\u00e7l\u0131k nedeniyle kar\u0131s\u0131n\u0131 \u00f6ld\u00fcren Pozdni\u015fev adl\u0131 roman kahraman\u0131n\u0131n trende kar\u015f\u0131la\u015ft\u0131\u011f\u0131 bir adama hik\u00e2yesini anlatmas\u0131n\u0131 kaleme alm\u0131\u015ft\u0131r. Yazar bu yap\u0131t\u0131nda; kad\u0131nlar, cinsellik, \u00e7ocuklar ve aile ya\u015fam\u0131ndaki yozla\u015fmalar \u00fczerine bir dizi saplant\u0131s\u0131 olan k\u0131skan\u00e7 koca Pozdni\u015fev\u2019in a\u011fz\u0131ndan d\u00f6nemin kad\u0131n-erkek ili\u015fkilerini ve ahlak anlay\u0131\u015f\u0131n\u0131 dile getirir.<\/p>\n","protected":false},"excerpt":{"rendered":"<p>K\u0131skan\u00e7l\u0131\u011f\u0131n bir aile dram\u0131na d\u00f6n\u00fc\u015fme hik\u00e2yesi&#8230; Tolstoy, bu k\u0131sa roman\u0131nda, \u015fiddetli k\u0131skan\u00e7l\u0131k nedeniyle kar\u0131s\u0131n\u0131 \u00f6ld\u00fcren Pozdni\u015fev adl\u0131 roman kahraman\u0131n\u0131n trende kar\u015f\u0131la\u015ft\u0131\u011f\u0131 bir adama hik\u00e2yesini anlatmas\u0131n\u0131 kaleme<span class=\"excerpt-hellip\"> [\u2026]<\/span><\/p>\n","protected":false},"featured_media":0,"template":"","meta":{"_monsterinsights_skip_tracking":false,"_monsterinsights_sitenote_active":false,"_monsterinsights_sitenote_note":"","_monsterinsights_sitenote_category":0},"product_brand":[],"product_cat":[12291,12711],"product_tag":[],"class_list":{"0":"post-774995","1":"product","2":"type-product","3":"status-publish","5":"product_cat-edebiyat","6":"product_cat-roman-oyku","7":"pa_cilt-ciltsiz","8":"pa_tur-kitap","9":"pa_yayinevi-remzi-kitabevi","10":"pa_yazar-lev-nikolayevic-tolstoy","12":"first","13":"instock","14":"sale","15":"shipping-taxable","16":"purchasable","17":"product-type-simple"},"_links":{"self":[{"href":"https:\/\/roveyayinevi.com.tr\/index.php\/wp-json\/wp\/v2\/product\/774995","targetHints":{"allow":["GET"]}}],"collection":[{"href":"https:\/\/roveyayinevi.com.tr\/index.php\/wp-json\/wp\/v2\/product"}],"about":[{"href":"https:\/\/roveyayinevi.com.tr\/index.php\/wp-json\/wp\/v2\/types\/product"}],"wp:attachment":[{"href":"https:\/\/roveyayinevi.com.tr\/index.php\/wp-json\/wp\/v2\/media?parent=774995"}],"wp:term":[{"taxonomy":"product_brand","embeddable":true,"href":"https:\/\/roveyayinevi.com.tr\/index.php\/wp-json\/wp\/v2\/product_brand?post=774995"},{"taxonomy":"product_cat","embeddable":true,"href":"https:\/\/roveyayinevi.com.tr\/index.php\/wp-json\/wp\/v2\/product_cat?post=774995"},{"taxonomy":"product_tag","embeddable":true,"href":"https:\/\/roveyayinevi.com.tr\/index.php\/wp-json\/wp\/v2\/product_tag?post=774995"}],"curies":[{"name":"wp","href":"https:\/\/api.w.org\/{rel}","templated":true}]}}