{"id":774993,"date":"2025-09-09T14:56:50","date_gmt":"2025-09-09T11:56:50","guid":{"rendered":"https:\/\/roveyayinevi.com.tr\/index.php\/urun\/aristoteles-hayati-bir-solen-sofrasi-gibi-birakmali-ne-susuz-ne-de-sarhos\/"},"modified":"2026-01-22T03:17:13","modified_gmt":"2026-01-22T00:17:13","slug":"aristoteles-hayati-bir-solen-sofrasi-gibi-birakmali-ne-susuz-ne-de-sarhos","status":"publish","type":"product","link":"https:\/\/roveyayinevi.com.tr\/index.php\/urun\/aristoteles-hayati-bir-solen-sofrasi-gibi-birakmali-ne-susuz-ne-de-sarhos\/","title":{"rendered":"Aristoteles \/ Hayat\u0131 Bir \u015e\u00f6len Sofras\u0131 Gibi B\u0131rakmal\u0131, Ne Susuz Ne de Sarho\u015f"},"content":{"rendered":"<p>Mutluluk, erdem ve ciddi \u00e7aban\u0131n \u00fcr\u00fcn\u00fcd\u00fcr \u00e7\u00fcnk\u00fc hayat \u015fakaya gelmez.   Bunca ac\u0131yla ve sorunla dolu bir d\u00fcnyada mutlu olmak m\u00fcmk\u00fcn m\u00fc? Binlerce y\u0131l \u00f6nce anlat\u0131lm\u0131\u015f felsefi fikirler, bug\u00fcn\u00fcn d\u00fcnyas\u0131ndaki mutsuzlu\u011fumuza \u00e7are olabilir mi? Kendimizi i\u00e7imizdeki kaostan kurtarabilir miyiz? Felsefe tarihinin en \u00f6nemli filozoflar\u0131ndan, bilim ve d\u00fc\u015f\u00fcnce d\u00fcnyas\u0131nda b\u00fcy\u00fck izler b\u0131rakan ve de\u011fi\u015fimlere yol a\u00e7an Aristoteles, t\u00fcm \u00e7a\u011flar\u0131 etkileyen fikirleriyle g\u00fcn\u00fcm\u00fcz insan\u0131na daha iyi bir ya\u015fam s\u00fcrmesi i\u00e7in antik\u00e7a\u011f\u0131n derinlerinden sesleniyor. Akl\u0131n ve erdemin rehberli\u011finde bilgece ve mutlu bir ya\u015fam felsefesi ile bize yol g\u00f6steriyor. Kendi yolunu bulmaya \u00e7al\u0131\u015fanlara, ko\u015fullar\u0131n ve ya\u015fam\u0131n bamba\u015fka oldu\u011fu kendi \u00e7a\u011f\u0131ndan sesleniyor olsa da hayata ve insana dair anlatt\u0131klar\u0131yla kendi zaman\u0131n\u0131 a\u015farak insanl\u0131\u011f\u0131n var oldu\u011fu t\u00fcm zamanlara \u0131\u015f\u0131k tutuyor. <\/p>\n","protected":false},"excerpt":{"rendered":"<p>Mutluluk, erdem ve ciddi \u00e7aban\u0131n \u00fcr\u00fcn\u00fcd\u00fcr \u00e7\u00fcnk\u00fc hayat \u015fakaya gelmez. Bunca ac\u0131yla ve sorunla dolu bir d\u00fcnyada mutlu olmak m\u00fcmk\u00fcn m\u00fc? Binlerce y\u0131l \u00f6nce anlat\u0131lm\u0131\u015f felsefi<span class=\"excerpt-hellip\"> [\u2026]<\/span><\/p>\n","protected":false},"featured_media":0,"template":"","meta":{"_monsterinsights_skip_tracking":false,"_monsterinsights_sitenote_active":false,"_monsterinsights_sitenote_note":"","_monsterinsights_sitenote_category":0},"product_brand":[],"product_cat":[12388,13555],"product_tag":[],"class_list":{"0":"post-774993","1":"product","2":"type-product","3":"status-publish","5":"product_cat-felsefe","6":"product_cat-genel-felsefe","7":"pa_cilt-ciltsiz","8":"pa_tur-kitap","9":"pa_yayinevi-destek-yayinlari","10":"pa_yazar-cagla-ozden","12":"first","13":"instock","14":"sale","15":"shipping-taxable","16":"purchasable","17":"product-type-simple"},"_links":{"self":[{"href":"https:\/\/roveyayinevi.com.tr\/index.php\/wp-json\/wp\/v2\/product\/774993","targetHints":{"allow":["GET"]}}],"collection":[{"href":"https:\/\/roveyayinevi.com.tr\/index.php\/wp-json\/wp\/v2\/product"}],"about":[{"href":"https:\/\/roveyayinevi.com.tr\/index.php\/wp-json\/wp\/v2\/types\/product"}],"wp:attachment":[{"href":"https:\/\/roveyayinevi.com.tr\/index.php\/wp-json\/wp\/v2\/media?parent=774993"}],"wp:term":[{"taxonomy":"product_brand","embeddable":true,"href":"https:\/\/roveyayinevi.com.tr\/index.php\/wp-json\/wp\/v2\/product_brand?post=774993"},{"taxonomy":"product_cat","embeddable":true,"href":"https:\/\/roveyayinevi.com.tr\/index.php\/wp-json\/wp\/v2\/product_cat?post=774993"},{"taxonomy":"product_tag","embeddable":true,"href":"https:\/\/roveyayinevi.com.tr\/index.php\/wp-json\/wp\/v2\/product_tag?post=774993"}],"curies":[{"name":"wp","href":"https:\/\/api.w.org\/{rel}","templated":true}]}}