{"id":774992,"date":"2025-09-09T14:56:31","date_gmt":"2025-09-09T11:56:31","guid":{"rendered":"https:\/\/roveyayinevi.com.tr\/index.php\/urun\/balyanaklar-icin-mahremiyet-kitabi\/"},"modified":"2026-04-16T02:53:47","modified_gmt":"2026-04-15T23:53:47","slug":"balyanaklar-icin-mahremiyet-kitabi","status":"publish","type":"product","link":"https:\/\/roveyayinevi.com.tr\/index.php\/urun\/balyanaklar-icin-mahremiyet-kitabi\/","title":{"rendered":"Balyanaklar \u0130\u00e7in Mahremiyet Kitab\u0131"},"content":{"rendered":"<p>\u201cGel de bir \u00f6p\u00fcc\u00fck ver.\u201d \u201cYerim o yanaklar\u0131, yerim!\u201d \u201cAman da bu ne tatl\u0131 g\u00f6b\u00fc\u015f!\u201d \u201c\u015eu eller nas\u0131l da pofuduk!\u201d \u201cO burun var ya, tam \u0131s\u0131rmal\u0131k!\u201d   Bu c\u00fcmleler sana tan\u0131d\u0131k geldi mi? Sevecen b\u00fcy\u00fcklerle ba\u015f\u0131n dertteyse m\u00fcjde! Balyanak\u2019\u0131n hepimiz i\u00e7in tavsiyeleri var.   *** \u00c7ocuk geli\u015fimi alan\u0131ndaki \u00e7al\u0131\u015fmalar\u0131yla ad\u0131ndan s\u00f6z ettiren, Akademisyen Anne olarak da yak\u0131ndan tan\u0131d\u0131\u011f\u0131m\u0131z bilim insan\u0131 Do\u00e7. Dr. Saniye Bencik Kangal, bu kez erken \u00e7ocukluk d\u00f6nemindeki okurlar\u0131na mahremiyet e\u011fitimi kazand\u0131rmak i\u00e7in kaleme ald\u0131\u011f\u0131 resimli \u00f6yk\u00fc kitab\u0131yla kar\u015f\u0131m\u0131zda. Balyanak isimli karakter arac\u0131l\u0131\u011f\u0131yla bir \u00f6p\u00fcc\u00fc\u011f\u00fcn kabul\u00fcnden \u00f6zel b\u00f6lgelere uzanan konulara ne\u015feyle e\u011filen ve \u00f6zenle haz\u0131rlanan bu \u00e7al\u0131\u015fma, sevilen ill\u00fcstrat\u00f6r Cansu Erkan\u2019\u0131n albenili, e\u011flenceli \u00e7izimleriyle bulu\u015ftu, okurlar\u0131n\u0131 bekliyor.   K\u0130TAPTAN Tombul yanaklar\u0131n\u0131z varsa Hayat bazen zor olabiliyor. \u201cAyy, ne g\u00fczel, elma gibi yanaklar\u0131n\u201d diye Eller yanaklar\u0131ma uzan\u0131yor.   \u0130zin vermiyorum Yanaklar\u0131ma uzanan yabanc\u0131 ellere. Hemen s\u00f6yl\u00fcyorum birka\u00e7 c\u00fcmle. \u201cHay\u0131r! Bu yanaklar benim, \u0130zinsiz dokunamazs\u0131n\u0131z. \u00c7ok tatl\u0131 bulsan\u0131z bile, Bana ait olana yakla\u015famazs\u0131n\u0131z.\u201d   *** E\u011fer annem babam yan\u0131mdan yoksa Yabanc\u0131lara kar\u015f\u0131 c\u00fcmlem haz\u0131rda: \u201cHay\u0131r! Sizi tan\u0131m\u0131yorum. Yabanc\u0131larla hi\u00e7bir yere gitmiyorum!\u201d   \u0130\u015fte b\u00f6yle rahats\u0131z olursam Bir bak\u0131\u015ftan, dokunu\u015ftan, Hemen \u201cHay\u0131r!\u201d der, Uzakla\u015f\u0131r\u0131m o noktadan. Anneme, babama, \u00f6\u011fretmenime anlat\u0131r\u0131m, Beni rahats\u0131z eden durumu Saklamadan a\u00e7\u0131klar\u0131m. <\/p>\n","protected":false},"excerpt":{"rendered":"<p>\u201cGel de bir \u00f6p\u00fcc\u00fck ver.\u201d \u201cYerim o yanaklar\u0131, yerim!\u201d \u201cAman da bu ne tatl\u0131 g\u00f6b\u00fc\u015f!\u201d \u201c\u015eu eller nas\u0131l da pofuduk!\u201d \u201cO burun var ya, tam \u0131s\u0131rmal\u0131k!\u201d<span class=\"excerpt-hellip\"> [\u2026]<\/span><\/p>\n","protected":false},"featured_media":0,"template":"","meta":{"_monsterinsights_skip_tracking":false,"_monsterinsights_sitenote_active":false,"_monsterinsights_sitenote_note":"","_monsterinsights_sitenote_category":0},"product_brand":[],"product_cat":[13835],"product_tag":[],"class_list":{"0":"post-774992","1":"product","2":"type-product","3":"status-publish","5":"product_cat-cok-satanlar","6":"pa_cilt-ciltsiz","7":"pa_tur-kitap","8":"pa_yayinevi-turta-kitap","9":"pa_yazar-saniye-bencik-kangal","11":"first","12":"instock","13":"sale","14":"shipping-taxable","15":"purchasable","16":"product-type-simple"},"_links":{"self":[{"href":"https:\/\/roveyayinevi.com.tr\/index.php\/wp-json\/wp\/v2\/product\/774992","targetHints":{"allow":["GET"]}}],"collection":[{"href":"https:\/\/roveyayinevi.com.tr\/index.php\/wp-json\/wp\/v2\/product"}],"about":[{"href":"https:\/\/roveyayinevi.com.tr\/index.php\/wp-json\/wp\/v2\/types\/product"}],"wp:attachment":[{"href":"https:\/\/roveyayinevi.com.tr\/index.php\/wp-json\/wp\/v2\/media?parent=774992"}],"wp:term":[{"taxonomy":"product_brand","embeddable":true,"href":"https:\/\/roveyayinevi.com.tr\/index.php\/wp-json\/wp\/v2\/product_brand?post=774992"},{"taxonomy":"product_cat","embeddable":true,"href":"https:\/\/roveyayinevi.com.tr\/index.php\/wp-json\/wp\/v2\/product_cat?post=774992"},{"taxonomy":"product_tag","embeddable":true,"href":"https:\/\/roveyayinevi.com.tr\/index.php\/wp-json\/wp\/v2\/product_tag?post=774992"}],"curies":[{"name":"wp","href":"https:\/\/api.w.org\/{rel}","templated":true}]}}