{"id":774990,"date":"2025-09-09T14:51:54","date_gmt":"2025-09-09T11:51:54","guid":{"rendered":"https:\/\/roveyayinevi.com.tr\/index.php\/urun\/rengarenk-2\/"},"modified":"2026-04-16T02:53:14","modified_gmt":"2026-04-15T23:53:14","slug":"rengarenk-2","status":"publish","type":"product","link":"https:\/\/roveyayinevi.com.tr\/index.php\/urun\/rengarenk-2\/","title":{"rendered":"\u201cRengarenk\u201d"},"content":{"rendered":"<p>Toplumsal cinsiyet; toplumun her iki cinsten beklentileri, y\u00fckledi\u011fi roller ve sorumluluklard\u0131r.   \u00c7ocukluk \u00e7a\u011flar\u0131, sa\u011fl\u0131kl\u0131 bir ki\u015filik geli\u015ftirmede ve topluma yararl\u0131 olacak de\u011ferleri kazanmada kritik bir e\u015fiktir. \u2018\u2019TOPLUMSAL C\u0130NS\u0130YET E\u015e\u0130TL\u0130\u011e\u0130 E\u011e\u0130T\u0130M\u0130\u2019\u2019 ba\u015fl\u0131\u011f\u0131 ta\u015f\u0131yan bu seri ile \u00e7ocuklarda; sorumluluk, cinsiyet e\u015fitli\u011fi, empati, dayan\u0131\u015fma, i\u015f birli\u011fi, hakkaniyet, \u00f6z sayg\u0131, \u00f6z g\u00fcven, farkl\u0131 fikirlere sayg\u0131, aidiyet gibi olumlu duygu ve de\u011ferlerin a\u00e7\u0131\u011fa \u00e7\u0131kart\u0131lmas\u0131na destek olmas\u0131 ama\u00e7lanm\u0131\u015ft\u0131r.   Serideki kahramanlar\u0131n hik\u00e2yelerini; okumay\u0131 bilmeyen minikler oyun tad\u0131nda dinleyebilir, okula yeni ba\u015flayan \u00e7ocuklar da keyifle okuyabilir. <\/p>\n","protected":false},"excerpt":{"rendered":"<p>Toplumsal cinsiyet; toplumun her iki cinsten beklentileri, y\u00fckledi\u011fi roller ve sorumluluklard\u0131r. \u00c7ocukluk \u00e7a\u011flar\u0131, sa\u011fl\u0131kl\u0131 bir ki\u015filik geli\u015ftirmede ve topluma yararl\u0131 olacak de\u011ferleri kazanmada kritik bir e\u015fiktir.<span class=\"excerpt-hellip\"> [\u2026]<\/span><\/p>\n","protected":false},"featured_media":0,"template":"","meta":{"_monsterinsights_skip_tracking":false,"_monsterinsights_sitenote_active":false,"_monsterinsights_sitenote_note":"","_monsterinsights_sitenote_category":0},"product_brand":[],"product_cat":[12274,15842],"product_tag":[],"class_list":{"0":"post-774990","1":"product","2":"type-product","3":"status-publish","5":"product_cat-cocuk-ve-genclik-kitaplari","6":"product_cat-egitici-kitaplar","7":"pa_cilt-ciltsiz","8":"pa_tur-kitap","9":"pa_yayinevi-gulnar-yayinlari","10":"pa_yazar-gulhan-avsar","12":"first","13":"instock","14":"sale","15":"shipping-taxable","16":"purchasable","17":"product-type-simple"},"_links":{"self":[{"href":"https:\/\/roveyayinevi.com.tr\/index.php\/wp-json\/wp\/v2\/product\/774990","targetHints":{"allow":["GET"]}}],"collection":[{"href":"https:\/\/roveyayinevi.com.tr\/index.php\/wp-json\/wp\/v2\/product"}],"about":[{"href":"https:\/\/roveyayinevi.com.tr\/index.php\/wp-json\/wp\/v2\/types\/product"}],"wp:attachment":[{"href":"https:\/\/roveyayinevi.com.tr\/index.php\/wp-json\/wp\/v2\/media?parent=774990"}],"wp:term":[{"taxonomy":"product_brand","embeddable":true,"href":"https:\/\/roveyayinevi.com.tr\/index.php\/wp-json\/wp\/v2\/product_brand?post=774990"},{"taxonomy":"product_cat","embeddable":true,"href":"https:\/\/roveyayinevi.com.tr\/index.php\/wp-json\/wp\/v2\/product_cat?post=774990"},{"taxonomy":"product_tag","embeddable":true,"href":"https:\/\/roveyayinevi.com.tr\/index.php\/wp-json\/wp\/v2\/product_tag?post=774990"}],"curies":[{"name":"wp","href":"https:\/\/api.w.org\/{rel}","templated":true}]}}