{"id":774989,"date":"2025-09-09T14:51:24","date_gmt":"2025-09-09T11:51:24","guid":{"rendered":"https:\/\/roveyayinevi.com.tr\/index.php\/urun\/denizler-altinda-yirmi-bin-fersah-10\/"},"modified":"2026-04-08T03:01:07","modified_gmt":"2026-04-08T00:01:07","slug":"denizler-altinda-yirmi-bin-fersah-10","status":"publish","type":"product","link":"https:\/\/roveyayinevi.com.tr\/index.php\/urun\/denizler-altinda-yirmi-bin-fersah-10\/","title":{"rendered":"Denizler Alt\u0131nda Yirmi Bin Fersah"},"content":{"rendered":"<p>Jules Verne\u2019in ilk defa 1870 y\u0131l\u0131nda yay\u0131mlanan ve en sevilen eserlerinden biri olan Denizler Alt\u0131nda Yirmi Bin Fersah Profes\u00f6r Aronnax, sad\u0131k hizmetk\u00e2r\u0131 Conseil ve \u00fcnl\u00fc z\u0131pk\u0131nc\u0131 Ned Land\u2019in esrarengiz nesneyi yakalamak i\u00e7in \u00e7\u0131kt\u0131klar\u0131 maceral\u0131 bir yolculu\u011fu anlat\u0131r. Kocaman siyah bir deniz canavar\u0131 okyanuslarda bir belirip bir kaybolur. Tek bir darbesiyle hi\u00e7 zorlanmadan koca gemileri denizin derinliklerine g\u00f6men bu yarat\u0131\u011f\u0131 avlamak i\u00e7in ba\u015flat\u0131lan sefer acaba ba\u015far\u0131l\u0131 olacak m\u0131? Yoksa denizlerin alt\u0131nda bamba\u015fka bir s\u0131r m\u0131 gizlidir?<\/p>\n","protected":false},"excerpt":{"rendered":"<p>Jules Verne\u2019in ilk defa 1870 y\u0131l\u0131nda yay\u0131mlanan ve en sevilen eserlerinden biri olan Denizler Alt\u0131nda Yirmi Bin Fersah Profes\u00f6r Aronnax, sad\u0131k hizmetk\u00e2r\u0131 Conseil ve \u00fcnl\u00fc z\u0131pk\u0131nc\u0131<span class=\"excerpt-hellip\"> [\u2026]<\/span><\/p>\n","protected":false},"featured_media":0,"template":"","meta":{"_monsterinsights_skip_tracking":false,"_monsterinsights_sitenote_active":false,"_monsterinsights_sitenote_note":"","_monsterinsights_sitenote_category":0},"product_brand":[],"product_cat":[12291,12711],"product_tag":[],"class_list":{"0":"post-774989","1":"product","2":"type-product","3":"status-publish","5":"product_cat-edebiyat","6":"product_cat-roman-oyku","7":"pa_cilt-ciltsiz","8":"pa_tur-kitap","9":"pa_yayinevi-mundi","10":"pa_yazar-jules-verne","12":"first","13":"instock","14":"sale","15":"shipping-taxable","16":"purchasable","17":"product-type-simple"},"_links":{"self":[{"href":"https:\/\/roveyayinevi.com.tr\/index.php\/wp-json\/wp\/v2\/product\/774989","targetHints":{"allow":["GET"]}}],"collection":[{"href":"https:\/\/roveyayinevi.com.tr\/index.php\/wp-json\/wp\/v2\/product"}],"about":[{"href":"https:\/\/roveyayinevi.com.tr\/index.php\/wp-json\/wp\/v2\/types\/product"}],"wp:attachment":[{"href":"https:\/\/roveyayinevi.com.tr\/index.php\/wp-json\/wp\/v2\/media?parent=774989"}],"wp:term":[{"taxonomy":"product_brand","embeddable":true,"href":"https:\/\/roveyayinevi.com.tr\/index.php\/wp-json\/wp\/v2\/product_brand?post=774989"},{"taxonomy":"product_cat","embeddable":true,"href":"https:\/\/roveyayinevi.com.tr\/index.php\/wp-json\/wp\/v2\/product_cat?post=774989"},{"taxonomy":"product_tag","embeddable":true,"href":"https:\/\/roveyayinevi.com.tr\/index.php\/wp-json\/wp\/v2\/product_tag?post=774989"}],"curies":[{"name":"wp","href":"https:\/\/api.w.org\/{rel}","templated":true}]}}