{"id":774988,"date":"2025-09-09T14:50:54","date_gmt":"2025-09-09T11:50:54","guid":{"rendered":"https:\/\/roveyayinevi.com.tr\/index.php\/urun\/cikolata-ciltli\/"},"modified":"2026-04-16T02:52:54","modified_gmt":"2026-04-15T23:52:54","slug":"cikolata-ciltli","status":"publish","type":"product","link":"https:\/\/roveyayinevi.com.tr\/index.php\/urun\/cikolata-ciltli\/","title":{"rendered":"\u00c7ikolata- (Ciltli)"},"content":{"rendered":"<p>\u00c7ikolatan\u0131n birle\u015ftiren g\u00fcc\u00fc a\u015fk\u0131na! \u201c\u00c7ikolata, insana i\u00e7indeki \u00e7ocu\u011fu ya\u015fat\u0131r, g\u00fcnl\u00fck ko\u015fu\u015fturma an\u0131nda o an\u0131n keyfini \u00e7\u0131karman\u0131z\u0131 sa\u011flar. Masumdur ve e\u011flencelidir. Yerken en sevdi\u011finiz \u015fark\u0131da dans ediyormu\u015f gibi heyecan dolars\u0131n\u0131z. Bu y\u00fczden \u00e7ikolata, mutluluk dolu bir ruh halidir\u2026\u201d \u00c7ikolatan\u0131n \u00f6yk\u00fcs\u00fcyle ba\u015flayan, sizler i\u00e7in haz\u0131rlad\u0131\u011f\u0131m birbirinden lezzetli 53 tatl\u0131 tarifi ile devam eden bu e\u015fsiz yolculu\u011fa haz\u0131r m\u0131s\u0131n\u0131z? www.idilyazar.com YouTube: \u0130dil Yazar Instagram: idilyazar<\/p>\n","protected":false},"excerpt":{"rendered":"<p>\u00c7ikolatan\u0131n birle\u015ftiren g\u00fcc\u00fc a\u015fk\u0131na! \u201c\u00c7ikolata, insana i\u00e7indeki \u00e7ocu\u011fu ya\u015fat\u0131r, g\u00fcnl\u00fck ko\u015fu\u015fturma an\u0131nda o an\u0131n keyfini \u00e7\u0131karman\u0131z\u0131 sa\u011flar. Masumdur ve e\u011flencelidir. Yerken en sevdi\u011finiz \u015fark\u0131da dans ediyormu\u015f<span class=\"excerpt-hellip\"> [\u2026]<\/span><\/p>\n","protected":false},"featured_media":0,"template":"","meta":{"_monsterinsights_skip_tracking":false,"_monsterinsights_sitenote_active":false,"_monsterinsights_sitenote_note":"","_monsterinsights_sitenote_category":0},"product_brand":[],"product_cat":[12457],"product_tag":[],"class_list":{"0":"post-774988","1":"product","2":"type-product","3":"status-publish","5":"product_cat-yemek-kitaplari","6":"pa_cilt-ciltli","7":"pa_tur-kitap","8":"pa_yayinevi-inkilap-kitabevi","9":"pa_yazar-idil-yazar","11":"first","12":"instock","13":"sale","14":"shipping-taxable","15":"purchasable","16":"product-type-simple"},"_links":{"self":[{"href":"https:\/\/roveyayinevi.com.tr\/index.php\/wp-json\/wp\/v2\/product\/774988","targetHints":{"allow":["GET"]}}],"collection":[{"href":"https:\/\/roveyayinevi.com.tr\/index.php\/wp-json\/wp\/v2\/product"}],"about":[{"href":"https:\/\/roveyayinevi.com.tr\/index.php\/wp-json\/wp\/v2\/types\/product"}],"wp:attachment":[{"href":"https:\/\/roveyayinevi.com.tr\/index.php\/wp-json\/wp\/v2\/media?parent=774988"}],"wp:term":[{"taxonomy":"product_brand","embeddable":true,"href":"https:\/\/roveyayinevi.com.tr\/index.php\/wp-json\/wp\/v2\/product_brand?post=774988"},{"taxonomy":"product_cat","embeddable":true,"href":"https:\/\/roveyayinevi.com.tr\/index.php\/wp-json\/wp\/v2\/product_cat?post=774988"},{"taxonomy":"product_tag","embeddable":true,"href":"https:\/\/roveyayinevi.com.tr\/index.php\/wp-json\/wp\/v2\/product_tag?post=774988"}],"curies":[{"name":"wp","href":"https:\/\/api.w.org\/{rel}","templated":true}]}}