{"id":774987,"date":"2025-09-09T14:49:28","date_gmt":"2025-09-09T11:49:28","guid":{"rendered":"https:\/\/roveyayinevi.com.tr\/index.php\/urun\/pratik-tarot-destesi\/"},"modified":"2026-04-15T03:03:28","modified_gmt":"2026-04-15T00:03:28","slug":"pratik-tarot-destesi","status":"publish","type":"product","link":"https:\/\/roveyayinevi.com.tr\/index.php\/urun\/pratik-tarot-destesi\/","title":{"rendered":"Pratik Tarot Destesi"},"content":{"rendered":"<p>Pratik Tarot: Her G\u00fcne Tarot Bilgeli\u011fi, g\u00fcndelik ko\u015fu\u015fturmacalar i\u00e7erisinde yolunu kaybetmi\u015f gibi hissedenlerin i\u00e7sel bilgeliklerine eri\u015fme ve ilham verici bir ya\u015fam yaratmalar\u0131 i\u00e7in onlara sezgisel ara\u00e7lar sunuyor.   D\u00fcnyaca \u00fcnl\u00fc Brigit Esselmont\u2019un y\u00f6ntemlerini kullanan Pratik Tarot: Her G\u00fcne Tarot Bilgeli\u011fi, Tarot\u2019un kadim bilgeli\u011fini kullanarak istedi\u011fimiz hayat\u0131 in\u015fa etmeniz i\u00e7in size mistik ve ki\u015fisel geli\u015fim temelli, farkl\u0131 bir yakla\u015f\u0131m vaat ediyor.   Bu deste; al\u0131\u015f\u0131lm\u0131\u015f\u0131n d\u0131\u015f\u0131nda, modern \u00e7izgilere sahip ill\u00fcstrosyonlar\u0131 ile \u00f6ne \u00e7\u0131k\u0131yor.   Pratik Tarot: Her G\u00fcne Tarot Bilgeli\u011fi, tarot ile nas\u0131l bir ili\u015fki kurmas\u0131 gerekti\u011fini bilmeyen acemileri de tarot ile tan\u0131\u015fmas\u0131 i\u00e7in mistik bir davet   Bu tarot seti 78 adet modern \u00e7izimli tarot kart\u0131 ve a\u00e7\u0131klamal\u0131 kitap\u00e7\u0131\u011f\u0131 i\u00e7ermektedir.   <\/p>\n","protected":false},"excerpt":{"rendered":"<p>Pratik Tarot: Her G\u00fcne Tarot Bilgeli\u011fi, g\u00fcndelik ko\u015fu\u015fturmacalar i\u00e7erisinde yolunu kaybetmi\u015f gibi hissedenlerin i\u00e7sel bilgeliklerine eri\u015fme ve ilham verici bir ya\u015fam yaratmalar\u0131 i\u00e7in onlara sezgisel ara\u00e7lar<span class=\"excerpt-hellip\"> [\u2026]<\/span><\/p>\n","protected":false},"featured_media":0,"template":"","meta":{"_monsterinsights_skip_tracking":false,"_monsterinsights_sitenote_active":false,"_monsterinsights_sitenote_note":"","_monsterinsights_sitenote_category":0},"product_brand":[],"product_cat":[18082,15563],"product_tag":[],"class_list":{"0":"post-774987","1":"product","2":"type-product","3":"status-publish","5":"product_cat-astroloji-fal-ruya","6":"product_cat-hobi","7":"pa_cilt-ciltsiz","8":"pa_tur-kitap","9":"pa_yayinevi-omega","10":"pa_yazar-brigit-esselmont","12":"first","13":"instock","14":"sale","15":"shipping-taxable","16":"purchasable","17":"product-type-simple"},"_links":{"self":[{"href":"https:\/\/roveyayinevi.com.tr\/index.php\/wp-json\/wp\/v2\/product\/774987","targetHints":{"allow":["GET"]}}],"collection":[{"href":"https:\/\/roveyayinevi.com.tr\/index.php\/wp-json\/wp\/v2\/product"}],"about":[{"href":"https:\/\/roveyayinevi.com.tr\/index.php\/wp-json\/wp\/v2\/types\/product"}],"wp:attachment":[{"href":"https:\/\/roveyayinevi.com.tr\/index.php\/wp-json\/wp\/v2\/media?parent=774987"}],"wp:term":[{"taxonomy":"product_brand","embeddable":true,"href":"https:\/\/roveyayinevi.com.tr\/index.php\/wp-json\/wp\/v2\/product_brand?post=774987"},{"taxonomy":"product_cat","embeddable":true,"href":"https:\/\/roveyayinevi.com.tr\/index.php\/wp-json\/wp\/v2\/product_cat?post=774987"},{"taxonomy":"product_tag","embeddable":true,"href":"https:\/\/roveyayinevi.com.tr\/index.php\/wp-json\/wp\/v2\/product_tag?post=774987"}],"curies":[{"name":"wp","href":"https:\/\/api.w.org\/{rel}","templated":true}]}}