{"id":774984,"date":"2025-09-09T14:47:49","date_gmt":"2025-09-09T11:47:49","guid":{"rendered":"https:\/\/roveyayinevi.com.tr\/index.php\/urun\/tom-gates-12-aile-arkadaslar-ve-tuylu-yaratiklar\/"},"modified":"2026-04-16T02:52:39","modified_gmt":"2026-04-15T23:52:39","slug":"tom-gates-12-aile-arkadaslar-ve-tuylu-yaratiklar","status":"publish","type":"product","link":"https:\/\/roveyayinevi.com.tr\/index.php\/urun\/tom-gates-12-aile-arkadaslar-ve-tuylu-yaratiklar\/","title":{"rendered":"Tom Gates &#8211; 12 Aile, Arkada\u015flar ve T\u00fcyl\u00fc Yarat\u0131klar"},"content":{"rendered":"<p>Dikkat et Tom! Casuslar ensende olabilir! \u0130ngiliz yazar ve \u00e7izer Liz Pichon&#8217;\u0131n, 43 ayr\u0131 dile \u00e7evrilen ve milyonlarca okura ula\u015fan \u201cTom Gates\u201d serisi, 12. halkas\u0131 Aile, Arkada\u015flar ve T\u00fcyl\u00fc Yarat\u0131klar ile yine kahkahay\u0131 garantiliyor.  \u015ea\u015f\u0131rt\u0131c\u0131 yetenekleriyle her kitab\u0131nda \u00e7ocuklara bamba\u015fka bir ser\u00fcven ya\u015fatan Tom, bu kez bir dedektif titizli\u011fiyle aile a\u011fac\u0131n\u0131n izini s\u00fcr\u00fcyor ve hi\u00e7 bilmedi\u011fi s\u0131rlar ke\u015ffediyor! Ba\u015fta \u201cRoald Dahl En Komik Kitap \u00d6d\u00fcl\u00fc\u201d olmak \u00fczere pek \u00e7ok \u2018g\u00fcl\u00fcc\u00fckl\u00fc\u2019 \u00f6d\u00fclle y\u0131ld\u0131z\u0131 devaml\u0131 parlayan \u201cTom Gates\u201d kitaplar\u0131; kendine has esprileri, matrak tiplemeleri, e\u011flenceli \u00e7izim etkinlikleri ve oyun sayfalar\u0131yla \u00e7ocuklar\u0131 kitaplar\u0131n d\u00fcnyas\u0131na yakla\u015ft\u0131r\u0131yor.  Derek&#8217;in ha\u015far\u0131 k\u00f6pe\u011fi G\u0131tg\u0131t, Tom&#8217;un e\u015fofman\u0131n\u0131 t\u00fcy i\u00e7inde b\u0131rak\u0131nca kahraman\u0131m\u0131z\u0131n akl\u0131na parlak bir fikir geliyor: Kendi t\u00fcyl\u00fc yarat\u0131klar\u0131n\u0131 yaratmak! Birka\u00e7 par\u00e7a yap\u0131\u015fkanl\u0131 bant ve t\u00fcy\u00fcn (a\u015f\u0131r\u0131 t\u00fcy de olabilir&#8230;) bu kadar kullan\u0131\u015fl\u0131 olaca\u011f\u0131n\u0131 ba\u015fka kim d\u00fc\u015f\u00fcnebilirdi ki zaten? Me\u015felik Okulu&#8217;nda curcuna devam ederken Tom istemedi\u011fi \u015feylerin bir listesini tutmaya karar veriyor. GACIIRRT! Aman\u0131n, bu ses de nesi?! Evet, Tom gac\u0131rd\u0131yor hem de fena h\u00e2lde! Birileri Tom&#8217;un ayaklar\u0131ndan y\u00fckselen bu utan\u00e7 verici sese son vermeli, ama nas\u0131l? Bu arada, Bay Bilgili&#8217;nin verdi\u011fi proje \u00f6devi dostumuzu bir hayli zorlayaca\u011fa benziyor. Nitekim 5F s\u0131n\u0131f\u0131 hald\u0131r hald\u0131r bebeklik foto\u011fraflar\u0131n\u0131 toparlay\u0131p aile a\u011fa\u00e7lar\u0131n\u0131 haz\u0131rlamakla me\u015fgulken, Tom bir t\u00fcrl\u00fc \u00f6devine odaklanam\u0131yor. Kim bilir, belki de ailesine dair baz\u0131 ger\u00e7eklerle y\u00fczle\u015fmeye haz\u0131r de\u011fildir. Mesela, \u015fu pek tan\u0131mad\u0131\u011f\u0131 casuslarla (tamam, fazla ipucu yok!). Yarat\u0131c\u0131 etkinlik sayfalar\u0131yla okurlar\u0131n\u0131 kitapla daha da b\u00fct\u00fcnle\u015ftiren Tom Gates, bu ser\u00fcveninde yine ak\u0131llara durgunluk verecek T\u00dcYL\u00dcTE\u015eEM bulu\u015flar geli\u015ftirmekten geri kalm\u0131yor.   Okuma g\u00fc\u00e7l\u00fc\u011f\u00fc \u00e7eken \u00e7ocuklar\u0131 kitaplar\u0131n renkli d\u00fcnyas\u0131yla bulu\u015fturan \u201cTom Gates\u201d serisi, hayat\u0131 g\u00f6r\u00fcnd\u00fc\u011f\u00fcnden \u00e7ok daha e\u011flenceli, okumay\u0131 ise tahmin edildi\u011finden \u00e7ok daha kolay k\u0131larak \u00f6nemli bir sorumluluk \u00fcstleniyor.<\/p>\n","protected":false},"excerpt":{"rendered":"<p>Dikkat et Tom! Casuslar ensende olabilir! \u0130ngiliz yazar ve \u00e7izer Liz Pichon&#8217;\u0131n, 43 ayr\u0131 dile \u00e7evrilen ve milyonlarca okura ula\u015fan \u201cTom Gates\u201d serisi, 12. halkas\u0131 Aile,<span class=\"excerpt-hellip\"> [\u2026]<\/span><\/p>\n","protected":false},"featured_media":0,"template":"","meta":{"_monsterinsights_skip_tracking":false,"_monsterinsights_sitenote_active":false,"_monsterinsights_sitenote_note":"","_monsterinsights_sitenote_category":0},"product_brand":[],"product_cat":[12274,15842],"product_tag":[],"class_list":{"0":"post-774984","1":"product","2":"type-product","3":"status-publish","5":"product_cat-cocuk-ve-genclik-kitaplari","6":"product_cat-egitici-kitaplar","7":"pa_cilt-ciltsiz","8":"pa_tur-kitap","9":"pa_yayinevi-tudem-yayinlari","10":"pa_yazar-liz-pichon","12":"first","13":"instock","14":"sale","15":"shipping-taxable","16":"purchasable","17":"product-type-simple"},"_links":{"self":[{"href":"https:\/\/roveyayinevi.com.tr\/index.php\/wp-json\/wp\/v2\/product\/774984","targetHints":{"allow":["GET"]}}],"collection":[{"href":"https:\/\/roveyayinevi.com.tr\/index.php\/wp-json\/wp\/v2\/product"}],"about":[{"href":"https:\/\/roveyayinevi.com.tr\/index.php\/wp-json\/wp\/v2\/types\/product"}],"wp:attachment":[{"href":"https:\/\/roveyayinevi.com.tr\/index.php\/wp-json\/wp\/v2\/media?parent=774984"}],"wp:term":[{"taxonomy":"product_brand","embeddable":true,"href":"https:\/\/roveyayinevi.com.tr\/index.php\/wp-json\/wp\/v2\/product_brand?post=774984"},{"taxonomy":"product_cat","embeddable":true,"href":"https:\/\/roveyayinevi.com.tr\/index.php\/wp-json\/wp\/v2\/product_cat?post=774984"},{"taxonomy":"product_tag","embeddable":true,"href":"https:\/\/roveyayinevi.com.tr\/index.php\/wp-json\/wp\/v2\/product_tag?post=774984"}],"curies":[{"name":"wp","href":"https:\/\/api.w.org\/{rel}","templated":true}]}}