{"id":774983,"date":"2025-09-09T14:47:00","date_gmt":"2025-09-09T11:47:00","guid":{"rendered":"https:\/\/roveyayinevi.com.tr\/index.php\/urun\/kadin-kahramanin-yolculugu\/"},"modified":"2026-04-15T03:03:00","modified_gmt":"2026-04-15T00:03:00","slug":"kadin-kahramanin-yolculugu","status":"publish","type":"product","link":"https:\/\/roveyayinevi.com.tr\/index.php\/urun\/kadin-kahramanin-yolculugu\/","title":{"rendered":"Kad\u0131n Kahraman\u0131n Yolculu\u011fu"},"content":{"rendered":"<p>G\u00dcN\u00dcM\u00dcZ\u00dcN KADIN KAHRAMANI SEZG\u0130 KILICINI KULLANARAK KEND\u0130S\u0130N\u0130 GE\u00c7M\u0130\u015e\u0130NE HAPSEDEN EGO BA\u011eLARINI KESMEL\u0130 VE RUHUNUN HAK\u0130K\u0130 AMACINI BULMALIDIR.   Kad\u0131n ya\u015fam\u0131 erke\u011finkinden farkl\u0131 bir mitolojiye sahiptir. Erkek egemen k\u00fclt\u00fcrde bir kad\u0131n ya ba\u015far\u0131l\u0131d\u0131r, ya ba\u011f\u0131ml\u0131d\u0131r, ya da kontrol alt\u0131ndaki bir di\u015fidir. Bir kad\u0131n, ba\u015far\u0131y\u0131, tatmini ya da mutlulu\u011fu erkek kahraman\u0131n yolculu\u011fu \u00fczerinden \u00f6l\u00e7t\u00fc\u011f\u00fcnde kim oldu\u011funu ink\u00e2r eder. Kad\u0131nlar\u0131n erkek kahraman\u0131n yolculu\u011funu benimsemelerinin sebebiyse Tanr\u0131\u00e7a imajlar\u0131n\u0131n \u00fcst\u00fcn\u00fcn \u00f6rt\u00fcl\u00fc olmas\u0131d\u0131r. Bug\u00fcnse toplumu ve d\u00fcnyay\u0131 de\u011fi\u015ftirmek i\u00e7in yeni mitler ve kad\u0131n kahramanlar yaratmal\u0131, kadim anaerkil d\u00fcnyay\u0131 yeniden an\u0131msamal\u0131y\u0131z.   Terapist Maureen Murdock, KADIN KAHRAMANIN YOLCULU\u011eU kitab\u0131yla di\u015fil iyile\u015fme s\u00fcrecinin 10 ad\u0131ml\u0131 haritas\u0131n\u0131 \u00e7iziyor. Murdock, kendi deneyimlerinden ve Tanr\u0131\u00e7a\u2019n\u0131n yolunu izleyen kad\u0131n toplulu\u011funun kolektif bilgeli\u011finden ilham alarak, berrak ve tutkulu bir dille k\u00fclt\u00fcrel mitler, masallar, kadim semboller ve kad\u0131nlar\u0131n r\u00fcyalar\u0131 \u00fczerinden di\u015fil de\u011ferlere duyulan ihtiyac\u0131 ortaya koyuyor. Onlarca dile \u00e7evrilmi\u015f ataerkil hegemonyaya alternatif bir yolculuk modeli sunan bu e\u015fsiz kitap, yirminci y\u00fczy\u0131lda sadece kad\u0131n\u0131n de\u011fil, di\u015fil taraf\u0131yla b\u00fct\u00fcnle\u015fmeyi bekleyen erkeklerin de sesidir.   <\/p>\n","protected":false},"excerpt":{"rendered":"<p>G\u00dcN\u00dcM\u00dcZ\u00dcN KADIN KAHRAMANI SEZG\u0130 KILICINI KULLANARAK KEND\u0130S\u0130N\u0130 GE\u00c7M\u0130\u015e\u0130NE HAPSEDEN EGO BA\u011eLARINI KESMEL\u0130 VE RUHUNUN HAK\u0130K\u0130 AMACINI BULMALIDIR. Kad\u0131n ya\u015fam\u0131 erke\u011finkinden farkl\u0131 bir mitolojiye sahiptir. Erkek egemen<span class=\"excerpt-hellip\"> [\u2026]<\/span><\/p>\n","protected":false},"featured_media":0,"template":"","meta":{"_monsterinsights_skip_tracking":false,"_monsterinsights_sitenote_active":false,"_monsterinsights_sitenote_note":"","_monsterinsights_sitenote_category":0},"product_brand":[],"product_cat":[12358,12357],"product_tag":[],"class_list":{"0":"post-774983","1":"product","2":"type-product","3":"status-publish","5":"product_cat-genel-psikoloji","6":"product_cat-psikoloji","7":"pa_cilt-ciltsiz","8":"pa_tur-kitap","9":"pa_yayinevi-beyaz-baykus-yayinlari","10":"pa_yazar-maureen-murdock","12":"first","13":"instock","14":"sale","15":"shipping-taxable","16":"purchasable","17":"product-type-simple"},"_links":{"self":[{"href":"https:\/\/roveyayinevi.com.tr\/index.php\/wp-json\/wp\/v2\/product\/774983","targetHints":{"allow":["GET"]}}],"collection":[{"href":"https:\/\/roveyayinevi.com.tr\/index.php\/wp-json\/wp\/v2\/product"}],"about":[{"href":"https:\/\/roveyayinevi.com.tr\/index.php\/wp-json\/wp\/v2\/types\/product"}],"wp:attachment":[{"href":"https:\/\/roveyayinevi.com.tr\/index.php\/wp-json\/wp\/v2\/media?parent=774983"}],"wp:term":[{"taxonomy":"product_brand","embeddable":true,"href":"https:\/\/roveyayinevi.com.tr\/index.php\/wp-json\/wp\/v2\/product_brand?post=774983"},{"taxonomy":"product_cat","embeddable":true,"href":"https:\/\/roveyayinevi.com.tr\/index.php\/wp-json\/wp\/v2\/product_cat?post=774983"},{"taxonomy":"product_tag","embeddable":true,"href":"https:\/\/roveyayinevi.com.tr\/index.php\/wp-json\/wp\/v2\/product_tag?post=774983"}],"curies":[{"name":"wp","href":"https:\/\/api.w.org\/{rel}","templated":true}]}}