{"id":774982,"date":"2025-09-09T14:44:30","date_gmt":"2025-09-09T11:44:30","guid":{"rendered":"https:\/\/roveyayinevi.com.tr\/index.php\/urun\/yeni-disil\/"},"modified":"2026-04-13T02:59:17","modified_gmt":"2026-04-12T23:59:17","slug":"yeni-disil","status":"publish","type":"product","link":"https:\/\/roveyayinevi.com.tr\/index.php\/urun\/yeni-disil\/","title":{"rendered":"Yeni Di\u015fil"},"content":{"rendered":"<p>\u015e\u0130MD\u0130 KEND\u0130 H\u0130K\u00c2YENDEN YEN\u0130 B\u0130R H\u0130K\u00c2YE YARATMA ZAMANI.   Seni i\u00e7indeki tanr\u0131\u00e7aya g\u00f6t\u00fcren bir yol haritas\u0131d\u0131r bu kitap&#8230; Ger\u00e7ek potansiyeline ve evrendeki t\u00fcm g\u00fczellikleri bar\u0131nd\u0131ran o k\u0131ymetli \u00f6z\u00fcne y\u00f6nelmenin tam zaman\u0131 art\u0131k. Kad\u0131n bedenindeki t\u00fcm fiziksel d\u00f6ng\u00fclerinle ve erdemlerinle nas\u0131l sa\u011fl\u0131kl\u0131 ve mutlu \u015fekilde var olaca\u011f\u0131n\u0131n s\u0131rlar\u0131na ula\u015fmaya haz\u0131r m\u0131s\u0131n? Yeni \u00e7a\u011f\u0131n ger\u00e7eklerinde var olmak i\u00e7in kad\u0131n beden formunda i\u00e7ten d\u0131\u015fa iyile\u015fmeli, g\u00fc\u00e7lenmeli ve iz b\u0131rakan g\u00fczelli\u011fe kavu\u015fmal\u0131s\u0131n. \u00d6z\u00fcndeki dengeli di\u015fil enerjiyi ke\u015ffetti\u011finde, i\u00e7indeki sevgi dolu, \u015fefkatli, yarat\u0131c\u0131 ve d\u00f6n\u00fc\u015ft\u00fcr\u00fcc\u00fc tanr\u0131\u00e7a kad\u0131nl\u0131\u011f\u0131n yeniden do\u011facak. \u0130\u00e7indeki g\u00fcc\u00fc hayat\u0131n\u0131n her alan\u0131na do\u011fall\u0131kla, keyifle, co\u015fkuyla ak\u0131tmaya ba\u015flayacaks\u0131n. Co\u015fkun senin ya\u015fam enerjini hep ayakta tutacak. I\u015eILDAYACAKSIN! \u0130stediklerin sana do\u011fru \u00e7ekilecek. Gitmesi gerekenler zahmetsizce gidecek. Gelmesi gerekenler kolayl\u0131kla gelecek. \u015eimdi senin i\u00e7in se\u00e7im zaman\u0131. \u00d6z\u015fefkatinle bulu\u015fup, hayat\u0131na sahip \u00e7\u0131kmaya ve Yeni Di\u015fil olmaya var m\u0131s\u0131n?   <\/p>\n","protected":false},"excerpt":{"rendered":"<p>\u015e\u0130MD\u0130 KEND\u0130 H\u0130K\u00c2YENDEN YEN\u0130 B\u0130R H\u0130K\u00c2YE YARATMA ZAMANI. Seni i\u00e7indeki tanr\u0131\u00e7aya g\u00f6t\u00fcren bir yol haritas\u0131d\u0131r bu kitap&#8230; Ger\u00e7ek potansiyeline ve evrendeki t\u00fcm g\u00fczellikleri bar\u0131nd\u0131ran o k\u0131ymetli<span class=\"excerpt-hellip\"> [\u2026]<\/span><\/p>\n","protected":false},"featured_media":0,"template":"","meta":{"_monsterinsights_skip_tracking":false,"_monsterinsights_sitenote_active":false,"_monsterinsights_sitenote_note":"","_monsterinsights_sitenote_category":0},"product_brand":[],"product_cat":[12364,12376],"product_tag":[],"class_list":{"0":"post-774982","1":"product","2":"type-product","3":"status-publish","5":"product_cat-genel-konular","6":"product_cat-kisisel-gelisim","7":"pa_cilt-ciltsiz","8":"pa_tur-kitap","9":"pa_yayinevi-destek-yayinlari","10":"pa_yazar-nil-keskin-keles","12":"first","13":"instock","14":"sale","15":"shipping-taxable","16":"purchasable","17":"product-type-simple"},"_links":{"self":[{"href":"https:\/\/roveyayinevi.com.tr\/index.php\/wp-json\/wp\/v2\/product\/774982","targetHints":{"allow":["GET"]}}],"collection":[{"href":"https:\/\/roveyayinevi.com.tr\/index.php\/wp-json\/wp\/v2\/product"}],"about":[{"href":"https:\/\/roveyayinevi.com.tr\/index.php\/wp-json\/wp\/v2\/types\/product"}],"wp:attachment":[{"href":"https:\/\/roveyayinevi.com.tr\/index.php\/wp-json\/wp\/v2\/media?parent=774982"}],"wp:term":[{"taxonomy":"product_brand","embeddable":true,"href":"https:\/\/roveyayinevi.com.tr\/index.php\/wp-json\/wp\/v2\/product_brand?post=774982"},{"taxonomy":"product_cat","embeddable":true,"href":"https:\/\/roveyayinevi.com.tr\/index.php\/wp-json\/wp\/v2\/product_cat?post=774982"},{"taxonomy":"product_tag","embeddable":true,"href":"https:\/\/roveyayinevi.com.tr\/index.php\/wp-json\/wp\/v2\/product_tag?post=774982"}],"curies":[{"name":"wp","href":"https:\/\/api.w.org\/{rel}","templated":true}]}}