{"id":774981,"date":"2025-09-09T14:44:26","date_gmt":"2025-09-09T11:44:26","guid":{"rendered":"https:\/\/roveyayinevi.com.tr\/index.php\/urun\/iki-mermi-bir-hayat\/"},"modified":"2026-04-16T02:52:09","modified_gmt":"2026-04-15T23:52:09","slug":"iki-mermi-bir-hayat","status":"publish","type":"product","link":"https:\/\/roveyayinevi.com.tr\/index.php\/urun\/iki-mermi-bir-hayat\/","title":{"rendered":"\u0130ki Mermi Bir Hayat"},"content":{"rendered":"<p>\u0130kincisi yok; hayat\u0131n, hayalin, aynadakinin&#8230;   \u201cIss\u0131z da\u011f ba\u015flar\u0131n\u0131n sakinleri dahi yuvalar\u0131na \u00e7ekildi\u011finde, bizler zifiri gecede g\u00f6ky\u00fcz\u00fcnde dizilmi\u015f y\u0131ld\u0131zlarla tek tek arkada\u015f olmu\u015fken kayan y\u0131ld\u0131zlar\u0131n her biri \u015fehitlerimizden g\u00fcl\u00fcmsemelerle dolu bir selamd\u0131 sanki&#8230;\u201d 90\u2019l\u0131 y\u0131llar\u0131 botu topra\u011fa de\u011fmemi\u015f, \u00fczerinden mermi ge\u00e7memi\u015f, so\u011fu\u011fu iliklerinde hissetmemi\u015f \u00fcstelik g\u00fcle oynaya g\u00f6reve gitti\u011fi arkada\u015f\u0131n\u0131n naa\u015f\u0131yla birlikte g\u00f6zya\u015flar\u0131 i\u00e7erisinde geri d\u00f6nmek zorunda kalmam\u0131\u015f birinden de\u011fil; o y\u0131llar\u0131 yirmili ya\u015flar\u0131n\u0131n ba\u015f\u0131nda ya\u015fayan toy bir astsubay\u0131n g\u00f6zlerinden t\u00fcm \u00e7\u0131plakl\u0131\u011f\u0131yla okumal\u0131y\u0131z. \u00c7ocuk ya\u015fta ad\u0131m att\u0131\u011f\u0131 askerlik hayat\u0131nda yirmi bir ya\u015f\u0131na geldi\u011finde kendini Mu\u015f Jandarma A Timi\u2019nde ter\u00f6rle m\u00fccadelenin g\u00f6be\u011finde bulan Yarbay \u015eefik \u00dcnal\u2019\u0131n sars\u0131c\u0131 ve soluk kesen an\u0131lar\u0131 e\u015fli\u011finde 90\u2019l\u0131 y\u0131llara gidecek ve da\u011flarda m\u00fccadelenin sadece ter\u00f6re kar\u015f\u0131 verilmedi\u011fine tan\u0131kl\u0131k edeceksiniz. <\/p>\n","protected":false},"excerpt":{"rendered":"<p>\u0130kincisi yok; hayat\u0131n, hayalin, aynadakinin&#8230; \u201cIss\u0131z da\u011f ba\u015flar\u0131n\u0131n sakinleri dahi yuvalar\u0131na \u00e7ekildi\u011finde, bizler zifiri gecede g\u00f6ky\u00fcz\u00fcnde dizilmi\u015f y\u0131ld\u0131zlarla tek tek arkada\u015f olmu\u015fken kayan y\u0131ld\u0131zlar\u0131n her biri<span class=\"excerpt-hellip\"> [\u2026]<\/span><\/p>\n","protected":false},"featured_media":0,"template":"","meta":{"_monsterinsights_skip_tracking":false,"_monsterinsights_sitenote_active":false,"_monsterinsights_sitenote_note":"","_monsterinsights_sitenote_category":0},"product_brand":[],"product_cat":[12291,12711],"product_tag":[],"class_list":{"0":"post-774981","1":"product","2":"type-product","3":"status-publish","5":"product_cat-edebiyat","6":"product_cat-roman-oyku","7":"pa_cilt-ciltsiz","8":"pa_tur-kitap","9":"pa_yayinevi-destek-yayinlari","10":"pa_yazar-sefik-unal","12":"first","13":"instock","14":"sale","15":"shipping-taxable","16":"purchasable","17":"product-type-simple"},"_links":{"self":[{"href":"https:\/\/roveyayinevi.com.tr\/index.php\/wp-json\/wp\/v2\/product\/774981","targetHints":{"allow":["GET"]}}],"collection":[{"href":"https:\/\/roveyayinevi.com.tr\/index.php\/wp-json\/wp\/v2\/product"}],"about":[{"href":"https:\/\/roveyayinevi.com.tr\/index.php\/wp-json\/wp\/v2\/types\/product"}],"wp:attachment":[{"href":"https:\/\/roveyayinevi.com.tr\/index.php\/wp-json\/wp\/v2\/media?parent=774981"}],"wp:term":[{"taxonomy":"product_brand","embeddable":true,"href":"https:\/\/roveyayinevi.com.tr\/index.php\/wp-json\/wp\/v2\/product_brand?post=774981"},{"taxonomy":"product_cat","embeddable":true,"href":"https:\/\/roveyayinevi.com.tr\/index.php\/wp-json\/wp\/v2\/product_cat?post=774981"},{"taxonomy":"product_tag","embeddable":true,"href":"https:\/\/roveyayinevi.com.tr\/index.php\/wp-json\/wp\/v2\/product_tag?post=774981"}],"curies":[{"name":"wp","href":"https:\/\/api.w.org\/{rel}","templated":true}]}}