{"id":774979,"date":"2025-09-09T14:35:11","date_gmt":"2025-09-09T11:35:11","guid":{"rendered":"https:\/\/roveyayinevi.com.tr\/index.php\/urun\/korku-19\/"},"modified":"2026-04-12T02:54:36","modified_gmt":"2026-04-11T23:54:36","slug":"korku-19","status":"publish","type":"product","link":"https:\/\/roveyayinevi.com.tr\/index.php\/urun\/korku-19\/","title":{"rendered":"Korku"},"content":{"rendered":"<p>Hayat\u0131m\u0131z\u0131 korku i\u00e7erisinde, korkular\u0131m\u0131z\u0131n pe\u015finden s\u00fcr\u00fcklenerek ge\u00e7iriyoruz. Sevdiklerimizi kaybetmekten, i\u015fsiz ve paras\u0131z kalmaktan,hastalanmaktan, do\u011fal afetlerden, ter\u00f6r sald\u0131r\u0131s\u0131na u\u011framaktan korkuyoruz. Sistem bize elimizde olan\u0131 koruman\u0131n g\u00fcvenli oldu\u011funu ve daima \u015fu ankinden daha fazlas\u0131na sahip olabilece\u011fimizi hat\u0131rlat\u0131rken, bu sayede korkular\u0131m\u0131z\u0131 ve arzular\u0131m\u0131z\u0131 da y\u00f6nlendiriyor.   New York Times taraf\u0131ndan Bat\u0131\u2019da Dalai Lama\u2019dan sonra en \u00e7ok sevilen ve tan\u0131nan Budist lider olarak nitelendirilen, Martin Luther King Jr. taraf\u0131ndan da Nobel Bar\u0131\u015f \u00d6d\u00fcl\u00fc\u2019ne aday g\u00f6sterilen Vietnaml\u0131 Budist Zen Ustas\u0131, \u015fair, bilgin, bar\u0131\u015f aktivisti ve d\u00fcnyan\u0131n \u00f6nde gelen ruhani liderlerinden Thich Nhat Hanh, bu kitapta bizi, korkular\u0131m\u0131z\u0131n g\u00f6zlerinin i\u00e7ine bakmaya davet ediyor. Yaln\u0131zca bu cesur eylem bize \u00f6zg\u00fcrl\u00fc\u011f\u00fcm\u00fcz\u00fc verebilir.   Thich Nhat Hanh, Korku: F\u0131rt\u0131nay\u0131 Atlatmak \u0130\u00e7in Bilgeli\u011fe S\u0131\u011f\u0131nmak\u2019ta korkular\u0131m\u0131z\u0131n k\u00f6kenlerini ara\u015ft\u0131r\u0131yor, huzur bulman\u0131n ve kayg\u0131dan \u00f6zg\u00fcrle\u015fmenin yolunu ayd\u0131nlat\u0131yor ve korkuyu hayat\u0131m\u0131zdan silmemize yard\u0131mc\u0131 olacak g\u00fc\u00e7l\u00fc ara\u00e7lar sunuyor.   Bu kitap, korkusuzca ya\u015famay\u0131 ke\u015ffetmek i\u00e7in size bir davet sunuyor. \u00c7ok samimi, sakin, nazik ve dolays\u0131z kelimelerle yaz\u0131lm\u0131\u015f bu ola\u011fan\u00fcst\u00fc kitab\u0131n kendisi bir meditasyon prati\u011fi, bir ke\u015fif ve d\u00f6n\u00fc\u015f\u00fcm yolculu\u011fu olarak okunabilir. \u2014 Sogyal Rinpoche, Tibet\u2019in Ya\u015fam ve \u00d6l\u00fcm Kitab\u0131\u2019n\u0131n yazar\u0131   Zaman\u0131m\u0131z\u0131n en \u00f6zg\u00fcr, vizyoner ve s\u0131ra d\u0131\u015f\u0131 zihinlerinden biri Thich Nhat Hanh. B\u00fcy\u00fck usta, kelimeleriyle kalplerimizin korkusuz do\u011fas\u0131na dokunuyor. Hanh, ola\u011fan\u00fcst\u00fc \u015fefkati ve sadeli\u011fiyle korkunun g\u00f6z\u00fcn\u00fcn i\u00e7ine bakarken, kelimeleriyle elimizden nazik\u00e7e tutuyor. <\/p>\n","protected":false},"excerpt":{"rendered":"<p>Hayat\u0131m\u0131z\u0131 korku i\u00e7erisinde, korkular\u0131m\u0131z\u0131n pe\u015finden s\u00fcr\u00fcklenerek ge\u00e7iriyoruz. Sevdiklerimizi kaybetmekten, i\u015fsiz ve paras\u0131z kalmaktan,hastalanmaktan, do\u011fal afetlerden, ter\u00f6r sald\u0131r\u0131s\u0131na u\u011framaktan korkuyoruz. Sistem bize elimizde olan\u0131 koruman\u0131n g\u00fcvenli oldu\u011funu<span class=\"excerpt-hellip\"> [\u2026]<\/span><\/p>\n","protected":false},"featured_media":0,"template":"","meta":{"_monsterinsights_skip_tracking":false,"_monsterinsights_sitenote_active":false,"_monsterinsights_sitenote_note":"","_monsterinsights_sitenote_category":0},"product_brand":[],"product_cat":[12364,12376],"product_tag":[],"class_list":{"0":"post-774979","1":"product","2":"type-product","3":"status-publish","5":"product_cat-genel-konular","6":"product_cat-kisisel-gelisim","7":"pa_cilt-ciltsiz","8":"pa_tur-kitap","9":"pa_yayinevi-omega","10":"pa_yazar-thich-nhat-hanh","12":"first","13":"instock","14":"sale","15":"shipping-taxable","16":"purchasable","17":"product-type-simple"},"_links":{"self":[{"href":"https:\/\/roveyayinevi.com.tr\/index.php\/wp-json\/wp\/v2\/product\/774979","targetHints":{"allow":["GET"]}}],"collection":[{"href":"https:\/\/roveyayinevi.com.tr\/index.php\/wp-json\/wp\/v2\/product"}],"about":[{"href":"https:\/\/roveyayinevi.com.tr\/index.php\/wp-json\/wp\/v2\/types\/product"}],"wp:attachment":[{"href":"https:\/\/roveyayinevi.com.tr\/index.php\/wp-json\/wp\/v2\/media?parent=774979"}],"wp:term":[{"taxonomy":"product_brand","embeddable":true,"href":"https:\/\/roveyayinevi.com.tr\/index.php\/wp-json\/wp\/v2\/product_brand?post=774979"},{"taxonomy":"product_cat","embeddable":true,"href":"https:\/\/roveyayinevi.com.tr\/index.php\/wp-json\/wp\/v2\/product_cat?post=774979"},{"taxonomy":"product_tag","embeddable":true,"href":"https:\/\/roveyayinevi.com.tr\/index.php\/wp-json\/wp\/v2\/product_tag?post=774979"}],"curies":[{"name":"wp","href":"https:\/\/api.w.org\/{rel}","templated":true}]}}