{"id":774978,"date":"2025-09-09T14:34:58","date_gmt":"2025-09-09T11:34:58","guid":{"rendered":"https:\/\/roveyayinevi.com.tr\/index.php\/urun\/gunumuzden-bakinca-kant-etigi\/"},"modified":"2026-04-16T02:49:28","modified_gmt":"2026-04-15T23:49:28","slug":"gunumuzden-bakinca-kant-etigi","status":"publish","type":"product","link":"https:\/\/roveyayinevi.com.tr\/index.php\/urun\/gunumuzden-bakinca-kant-etigi\/","title":{"rendered":"G\u00fcn\u00fcm\u00fczden Bak\u0131nca Kant Eti\u011fi"},"content":{"rendered":"<p>G\u00fcn\u00fcm\u00fcz felsefe tart\u0131\u015fmalar\u0131nda g\u00f6rmezden gelinemeyen etik g\u00f6r\u00fc\u015flerinin ba\u015f\u0131nda gelen Kant eti\u011fi \u00e7ok farkl\u0131 ve sorunlu bi\u00e7imlerde anla\u015f\u0131l\u0131p de\u011ferlendirilmektedir. G\u00fcn\u00fcm\u00fczden Bak\u0131nca Kant Eti\u011fi, \u0130oanna Ku\u00e7uradi ile Hacettepe Felsefe\u2019de onun farkl\u0131 tarihlerde \u00f6\u011frencisi olmu\u015f, kendisinden Kant dersi alm\u0131\u015f olan Harun Tepe ve Nebil Reyhani\u2019nin yaz\u0131lar\u0131n\u0131 bir araya getirmektedir. \u00dc\u00e7 ku\u015fak felsefecinin yaz\u0131lar\u0131n\u0131n bir kitapta toplan\u0131p yay\u0131nlanmas\u0131n\u0131n nedeni ise etik sorunlara de\u011feri hi\u00e7 eksilmeyen bir \u0131\u015f\u0131k tutmu\u015f olan Kant\u2019\u0131n etik g\u00f6r\u00fc\u015f\u00fcn\u00fcn anla\u015f\u0131lmas\u0131 ve do\u011fru de\u011ferlendirilmesine katk\u0131da bulunmak, onun g\u00fcn\u00fcm\u00fcz etik sorunlar\u0131n\u0131n ayd\u0131nlat\u0131lmas\u0131na yapabilece\u011fi katk\u0131ya i\u015faret etmektir. <\/p>\n","protected":false},"excerpt":{"rendered":"<p>G\u00fcn\u00fcm\u00fcz felsefe tart\u0131\u015fmalar\u0131nda g\u00f6rmezden gelinemeyen etik g\u00f6r\u00fc\u015flerinin ba\u015f\u0131nda gelen Kant eti\u011fi \u00e7ok farkl\u0131 ve sorunlu bi\u00e7imlerde anla\u015f\u0131l\u0131p de\u011ferlendirilmektedir. G\u00fcn\u00fcm\u00fczden Bak\u0131nca Kant Eti\u011fi, \u0130oanna Ku\u00e7uradi ile Hacettepe<span class=\"excerpt-hellip\"> [\u2026]<\/span><\/p>\n","protected":false},"featured_media":0,"template":"","meta":{"_monsterinsights_skip_tracking":false,"_monsterinsights_sitenote_active":false,"_monsterinsights_sitenote_note":"","_monsterinsights_sitenote_category":0},"product_brand":[],"product_cat":[12388,13555],"product_tag":[],"class_list":{"0":"post-774978","1":"product","2":"type-product","3":"status-publish","5":"product_cat-felsefe","6":"product_cat-genel-felsefe","7":"pa_cilt-ciltsiz","8":"pa_tur-kitap","9":"pa_yayinevi-bilgesu-yayincilik","10":"pa_yazar-bilgesu-yayincilik-kolektif","12":"first","13":"instock","14":"sale","15":"shipping-taxable","16":"purchasable","17":"product-type-simple"},"_links":{"self":[{"href":"https:\/\/roveyayinevi.com.tr\/index.php\/wp-json\/wp\/v2\/product\/774978","targetHints":{"allow":["GET"]}}],"collection":[{"href":"https:\/\/roveyayinevi.com.tr\/index.php\/wp-json\/wp\/v2\/product"}],"about":[{"href":"https:\/\/roveyayinevi.com.tr\/index.php\/wp-json\/wp\/v2\/types\/product"}],"wp:attachment":[{"href":"https:\/\/roveyayinevi.com.tr\/index.php\/wp-json\/wp\/v2\/media?parent=774978"}],"wp:term":[{"taxonomy":"product_brand","embeddable":true,"href":"https:\/\/roveyayinevi.com.tr\/index.php\/wp-json\/wp\/v2\/product_brand?post=774978"},{"taxonomy":"product_cat","embeddable":true,"href":"https:\/\/roveyayinevi.com.tr\/index.php\/wp-json\/wp\/v2\/product_cat?post=774978"},{"taxonomy":"product_tag","embeddable":true,"href":"https:\/\/roveyayinevi.com.tr\/index.php\/wp-json\/wp\/v2\/product_tag?post=774978"}],"curies":[{"name":"wp","href":"https:\/\/api.w.org\/{rel}","templated":true}]}}