{"id":774975,"date":"2025-09-09T14:30:32","date_gmt":"2025-09-09T11:30:32","guid":{"rendered":"https:\/\/roveyayinevi.com.tr\/index.php\/urun\/kaygili-ve-takintili-cocuklar\/"},"modified":"2026-04-16T02:48:40","modified_gmt":"2026-04-15T23:48:40","slug":"kaygili-ve-takintili-cocuklar","status":"publish","type":"product","link":"https:\/\/roveyayinevi.com.tr\/index.php\/urun\/kaygili-ve-takintili-cocuklar\/","title":{"rendered":"Kayg\u0131l\u0131 Ve Tak\u0131nt\u0131l\u0131 \u00c7ocuklar"},"content":{"rendered":"<p>\u00c7OCUKLUK ve ERGENL\u0130K D\u00d6NEM\u0130 ANKS\u0130YETES\u0130 \u0130\u00c7\u0130NTAMAMEN EBEVEYN TEMELL\u0130 \u0130LK ve TEK KAYNAK Endi\u015feli ya da tak\u0131nt\u0131l\u0131 bir \u00e7ocu\u011fa ebeveynlik yapmak s\u00fcrekli zorluklar ve sorularla y\u00fczle\u015fmek anlam\u0131na gelir: Neden di\u011fer \u00e7ocuklar bu sorunu ya\u015fam\u0131yor? Bu, DNA\u2019s\u0131yla m\u0131 ilgili, yoksa ebeveynin herhangi bir ihmalinin ya da hatal\u0131 yakla\u015f\u0131m\u0131n\u0131n sonucu mu? Ebeveynler, \u00e7ocuklar\u0131n kayg\u0131 uyand\u0131ran durumlardan ka\u00e7\u0131nmas\u0131na ne zaman yard\u0131m etmeli ve onlar\u0131 korkular\u0131yla y\u00fczle\u015fmeye ne zaman te\u015fvik etmeli? Destekleyici davran\u0131rken bir yandan da \u00e7ocu\u011funuzdaki ba\u011f\u0131ms\u0131zl\u0131\u011f\u0131 geli\u015ftirmek m\u00fcmk\u00fcn m\u00fc? \u00c7ocuklar\u0131n kayg\u0131s\u0131n\u0131n t\u00fcm aileyi ele ge\u00e7irmemesi i\u00e7in neler yap\u0131lmal\u0131? Unutmay\u0131n; \u00e7ocu\u011funuzun kar\u015f\u0131s\u0131na \u00e7\u0131kabilecek engelleri ortadan kald\u0131rmak isteyebilirsiniz ama bir yandan onda d\u00fcnyan\u0131n may\u0131nlarla kapl\u0131 oldu\u011fu ve bunlar\u0131 tek ba\u015f\u0131na temizleyemeyece\u011fi hissini de yaratabilirsiniz. Kayg\u0131l\u0131 ve Tak\u0131nt\u0131l\u0131 \u00c7ocuklar\u2019da \u00e7ocuk ve ergen psikolo\u011fu Dr. Lebowitz, a\u00e7\u0131k bir dille ve en ufak bir su\u00e7lama olmadan, ebeveynlere kendilerini ve \u00e7ocuklar\u0131n\u0131 kayg\u0131lar\u0131 ve tak\u0131nt\u0131lar\u0131ndan kurtarman\u0131n anahtar\u0131n\u0131 sunuyor. Anksiyete ve obsesif-komp\u00fclsif bozuklu\u011fu anlamaktan kayg\u0131l\u0131 bir \u00e7ocukla nas\u0131l konu\u015fulaca\u011f\u0131n\u0131 \u00f6\u011frenmeye, yayg\u0131n tuzaklardan (a\u015f\u0131r\u0131 korumac\u0131 veya talepk\u00e2r olmak gibi) ka\u00e7\u0131nmaktan kayg\u0131l\u0131 davran\u0131\u015flara nas\u0131l ortam yarat\u0131ld\u0131\u011f\u0131n\u0131 belirlemeye kadar ad\u0131m ad\u0131m pratik \u00f6neriler\u2026 S\u00f6z konusu \u00f6nerileri eyleme d\u00f6n\u00fc\u015ft\u00fcrmeye yard\u0131mc\u0131 olacak al\u0131\u015ft\u0131rma ekleri\u2026 \u015eefkatli ve samimi bir ton\u2026 T\u00fcm bunlar kitaba elini uzatan her ebeveyn i\u00e7in vazge\u00e7ilmez bir kaynak te\u015fkil edecek. Dr. Lebowitz\u2019in sundu\u011fu kan\u0131ta dayal\u0131 benzersiz ve g\u00fc\u00e7l\u00fc rehberlikle sadece \u00fczerinde en \u00e7ok kontrol sahibi oldu\u011funuz ki\u015finin yakla\u015f\u0131m\u0131n\u0131 de\u011fi\u015ftirmeye \u00e7al\u0131\u015facaks\u0131n\u0131z: Kendinizin. Anksiyete ya da obsesif-komp\u00fclsif sorunlar\u0131 olan bir \u00e7ocu\u011fun ebeveyniyseniz bu sayfalarda okuyaca\u011f\u0131n\u0131z ad\u0131mlar\u0131 izleyerek \u00e7ocu\u011funuzun endi\u015felerini kayda de\u011fer \u00f6l\u00e7\u00fcde azaltabilir ve hayat kalitesini art\u0131rabilirsiniz. \u00c7ocu\u011funuza S\u0130Z yard\u0131m edebilirsiniz! <\/p>\n","protected":false},"excerpt":{"rendered":"<p>\u00c7OCUKLUK ve ERGENL\u0130K D\u00d6NEM\u0130 ANKS\u0130YETES\u0130 \u0130\u00c7\u0130NTAMAMEN EBEVEYN TEMELL\u0130 \u0130LK ve TEK KAYNAK Endi\u015feli ya da tak\u0131nt\u0131l\u0131 bir \u00e7ocu\u011fa ebeveynlik yapmak s\u00fcrekli zorluklar ve sorularla y\u00fczle\u015fmek anlam\u0131na<span class=\"excerpt-hellip\"> [\u2026]<\/span><\/p>\n","protected":false},"featured_media":0,"template":"","meta":{"_monsterinsights_skip_tracking":false,"_monsterinsights_sitenote_active":false,"_monsterinsights_sitenote_note":"","_monsterinsights_sitenote_category":0},"product_brand":[],"product_cat":[12831,12324],"product_tag":[],"class_list":{"0":"post-774975","1":"product","2":"type-product","3":"status-publish","5":"product_cat-aile-ve-cocuk","6":"product_cat-sosyoloji","7":"pa_cilt-ciltsiz","8":"pa_tur-kitap","9":"pa_yayinevi-kronik-kitap","10":"pa_yazar-eli-r-lebowitz","12":"first","13":"instock","14":"sale","15":"shipping-taxable","16":"purchasable","17":"product-type-simple"},"_links":{"self":[{"href":"https:\/\/roveyayinevi.com.tr\/index.php\/wp-json\/wp\/v2\/product\/774975","targetHints":{"allow":["GET"]}}],"collection":[{"href":"https:\/\/roveyayinevi.com.tr\/index.php\/wp-json\/wp\/v2\/product"}],"about":[{"href":"https:\/\/roveyayinevi.com.tr\/index.php\/wp-json\/wp\/v2\/types\/product"}],"wp:attachment":[{"href":"https:\/\/roveyayinevi.com.tr\/index.php\/wp-json\/wp\/v2\/media?parent=774975"}],"wp:term":[{"taxonomy":"product_brand","embeddable":true,"href":"https:\/\/roveyayinevi.com.tr\/index.php\/wp-json\/wp\/v2\/product_brand?post=774975"},{"taxonomy":"product_cat","embeddable":true,"href":"https:\/\/roveyayinevi.com.tr\/index.php\/wp-json\/wp\/v2\/product_cat?post=774975"},{"taxonomy":"product_tag","embeddable":true,"href":"https:\/\/roveyayinevi.com.tr\/index.php\/wp-json\/wp\/v2\/product_tag?post=774975"}],"curies":[{"name":"wp","href":"https:\/\/api.w.org\/{rel}","templated":true}]}}