{"id":774974,"date":"2025-09-09T14:29:47","date_gmt":"2025-09-09T11:29:47","guid":{"rendered":"https:\/\/roveyayinevi.com.tr\/index.php\/urun\/iktisada-yeniden-giris\/"},"modified":"2026-04-16T02:48:36","modified_gmt":"2026-04-15T23:48:36","slug":"iktisada-yeniden-giris","status":"publish","type":"product","link":"https:\/\/roveyayinevi.com.tr\/index.php\/urun\/iktisada-yeniden-giris\/","title":{"rendered":"\u0130ktisada Yeniden Giri\u015f"},"content":{"rendered":"<p>Ak\u0131ll\u0131 insanlar hatalar\u0131ndan ders al\u0131r, \u00e7ok ak\u0131ll\u0131 insanlar ba\u015fkalar\u0131n\u0131n hatalar\u0131ndan da ders al\u0131r.   Son birka\u00e7 y\u0131ld\u0131r ya\u015fanan k\u00fcresel \u00e7alkant\u0131 hemen hepimizin ekonomi ile ilgilenmesini gerektirdi. Bu nedenle bir \u00f6nceki kitap \u0130KT\u0130SATTAN \u00c7IKI\u015e iken \u015fimdi \u0130KT\u0130SADA YEN\u0130DEN G\u0130R\u0130\u015e yap\u0131yoruz. Ancak, eski zaman\u0131n soylu duygular\u0131n\u0131n \u00e7ok uza\u011f\u0131nday\u0131z art\u0131k. \u0130htiya\u00e7lardan \u00e7ok ihtiraslar\u0131n pe\u015finde ko\u015fuyoruz. Tasarruf etmekte zorluk \u00e7ekerken, c\u00fcretli yat\u0131r\u0131mlar\u0131n pe\u015findeyiz. Kazand\u0131\u011f\u0131m\u0131z paraya h\u00fckm\u00fcm\u00fcz ge\u00e7medi\u011fi gibi, harcad\u0131\u011f\u0131m\u0131z yerler de bizi tatmin etmiyor. A\u00e7\u0131k\u00e7as\u0131 eski iktisat \u00f6\u011fretisi de bir yere kadar bu duruma \u00e7are olabiliyor. Sebep-sonu\u00e7 ili\u015fkilerinin karmakar\u0131\u015f\u0131k hale geldi\u011fi ya\u015fant\u0131m\u0131z bizi arzu etmedi\u011fimiz yerlere s\u00fcr\u00fckl\u00fcyor. Sadece ailemizi de\u011fil firmalar\u0131m\u0131z\u0131 da b\u00f6yle y\u00f6netiyoruz. D\u00fcnyan\u0131n en etkili ekonomistleri aras\u0131nda say\u0131lan Prof. Dr. Emre Alkin bu kez i\u00e7inde bulundu\u011fumuz \u00e7\u00f6k\u00fc\u015f\u00fc, tasarruf, yat\u0131r\u0131m ve kazan\u00e7 elde etmenin yollar\u0131n\u0131 hem kendi deneyimlerinden yola \u00e7\u0131karak hem de profesyonel bir g\u00f6zlemci olarak bilgelikle aktar\u0131yor. Sokaktaki esnaftan b\u00fcy\u00fck yat\u0131r\u0131mc\u0131lara, birikim yapmak isteyen ev han\u0131m\u0131ndan emekliye kadar herkese hitap eden bu ufuk a\u00e7\u0131c\u0131 kitap paraya olan bak\u0131\u015f\u0131n\u0131z\u0131 tekrar g\u00f6zden ge\u00e7irmenizi sa\u011flayacak.<\/p>\n","protected":false},"excerpt":{"rendered":"<p>Ak\u0131ll\u0131 insanlar hatalar\u0131ndan ders al\u0131r, \u00e7ok ak\u0131ll\u0131 insanlar ba\u015fkalar\u0131n\u0131n hatalar\u0131ndan da ders al\u0131r. Son birka\u00e7 y\u0131ld\u0131r ya\u015fanan k\u00fcresel \u00e7alkant\u0131 hemen hepimizin ekonomi ile ilgilenmesini gerektirdi. Bu<span class=\"excerpt-hellip\"> [\u2026]<\/span><\/p>\n","protected":false},"featured_media":0,"template":"","meta":{"_monsterinsights_skip_tracking":false,"_monsterinsights_sitenote_active":false,"_monsterinsights_sitenote_note":"","_monsterinsights_sitenote_category":0},"product_brand":[],"product_cat":[20333,13043],"product_tag":[],"class_list":{"0":"post-774974","1":"product","2":"type-product","3":"status-publish","5":"product_cat-diger-ekonomi","6":"product_cat-ekonomi","7":"pa_cilt-ciltsiz","8":"pa_tur-kitap","9":"pa_yayinevi-destek-yayinlari","10":"pa_yazar-emre-alkin","12":"first","13":"instock","14":"sale","15":"shipping-taxable","16":"purchasable","17":"product-type-simple"},"_links":{"self":[{"href":"https:\/\/roveyayinevi.com.tr\/index.php\/wp-json\/wp\/v2\/product\/774974","targetHints":{"allow":["GET"]}}],"collection":[{"href":"https:\/\/roveyayinevi.com.tr\/index.php\/wp-json\/wp\/v2\/product"}],"about":[{"href":"https:\/\/roveyayinevi.com.tr\/index.php\/wp-json\/wp\/v2\/types\/product"}],"wp:attachment":[{"href":"https:\/\/roveyayinevi.com.tr\/index.php\/wp-json\/wp\/v2\/media?parent=774974"}],"wp:term":[{"taxonomy":"product_brand","embeddable":true,"href":"https:\/\/roveyayinevi.com.tr\/index.php\/wp-json\/wp\/v2\/product_brand?post=774974"},{"taxonomy":"product_cat","embeddable":true,"href":"https:\/\/roveyayinevi.com.tr\/index.php\/wp-json\/wp\/v2\/product_cat?post=774974"},{"taxonomy":"product_tag","embeddable":true,"href":"https:\/\/roveyayinevi.com.tr\/index.php\/wp-json\/wp\/v2\/product_tag?post=774974"}],"curies":[{"name":"wp","href":"https:\/\/api.w.org\/{rel}","templated":true}]}}