{"id":774973,"date":"2025-09-09T14:29:12","date_gmt":"2025-09-09T11:29:12","guid":{"rendered":"https:\/\/roveyayinevi.com.tr\/index.php\/urun\/aycoregi-elmali-turta-kirmizi-kurabiye-set-ciltli\/"},"modified":"2025-11-21T07:42:58","modified_gmt":"2025-11-21T04:42:58","slug":"aycoregi-elmali-turta-kirmizi-kurabiye-set-ciltli","status":"publish","type":"product","link":"https:\/\/roveyayinevi.com.tr\/index.php\/urun\/aycoregi-elmali-turta-kirmizi-kurabiye-set-ciltli\/","title":{"rendered":"Ay\u00e7\u00f6re\u011fi \u2013 Elmal\u0131 Turta \u2013 K\u0131rm\u0131z\u0131 Kurabiye Set (Ciltli)"},"content":{"rendered":"<p>Ate\u015fe u\u00e7maktan korkan bir kelebe\u011fin hik\u00e2yesinden, kanatlar\u0131n\u0131 arkas\u0131nda b\u0131rakan bir kelebe\u011fin de\u011fi\u015fim hik\u00e2yesine&#8230;Ay\u00e7\u00f6re\u011fiAhmet; Sahra&#8217;ya y\u00fcr\u00fcmeyi, bisiklete binmeyi, erkek gibi d\u00f6v\u00fc\u015fmeyi \u00f6\u011fretmi\u015fti. Ama hepsinden \u00f6nemlisi ona, a\u015fk\u0131n can yak\u0131c\u0131 yan\u0131n\u0131 tatt\u0131rm\u0131\u015ft\u0131, hem de fark\u0131nda bile olmadan&#8230; Sahra, Ahmet&#8217;e olan kar\u015f\u0131l\u0131ks\u0131z a\u015fk\u0131n\u0131n a\u011f\u0131rl\u0131\u011f\u0131na dayanamay\u0131p \u00c7\u0131kmaz&#8217;dan uzakla\u015f\u0131rken, boynunda ay\u00e7\u00f6re\u011fi kolyesi, dudaklar\u0131nda tar\u00e7\u0131n tad\u0131 ve \u00e7antas\u0131nda gizemli mektuplar\u0131n\u0131n sahibi Mutlu Kelebek vard\u0131. Ancak t\u00fcm bunlara ra\u011fmen kat\u0131ld\u0131\u011f\u0131 okul partisinde trajik bir \u015fekilde hayat\u0131na giren \u015f\u0131mar\u0131k Romeo, bir \u015feyleri de\u011fi\u015ftirecekti. Belki de bir\u00e7ok \u015feyi&#8230;&#8221;Yarayla alay eder yaralanmam\u0131\u015f olan&#8230;&#8221;Elmal\u0131 TurtaSahra\u2019y\u0131 Ahmet\u2019ten uzakla\u015ft\u0131ran Yasemin, Emir ile aras\u0131na giren Cennet, Mutlu Kelebek\u2019e yakla\u015fmas\u0131n\u0131 engelleyen \u015f\u00fcpheleri varken, kalbinin sesini duymas\u0131 pek de kolay olmaz. De\u011fi\u015fmeyen tek \u015fey boynundaki ay\u00e7\u00f6re\u011fi kolyesidir ama ona dokundu\u011funda hala ayn\u0131 \u015feyleri hissetti\u011finden ise emin de\u011fildir. \u00d6zg\u00fcr kalmas\u0131 i\u00e7in kelebek kanatlar\u0131n\u0131 yakmal\u0131 m\u0131, yoksa ka\u00e7maya devam m\u0131 etmeli? Kanatlar\u0131n\u0131n kaderini se\u00e7erken hesaba katmad\u0131\u011f\u0131 \u015feyler, Sahra kadar okuyucu da \u015fa\u015f\u0131rtacak. Romeo ve Juliet al\u0131nt\u0131lar\u0131 ile s\u00fcslenen bu devam kitab\u0131 sizi soluksuz b\u0131rakacak&#8230;\u201c\u0130nsan, yaras\u0131 yaras\u0131na denk geleni severmi\u015f&#8230;\u201dK\u0131rm\u0131z\u0131 Kurabiye\u201cBu; a\u015fk\u0131 kovalayan kelebeklerin kendini bulma hik\u00e2yesi\u2026\u201d Verona sokaklar\u0131nda \u00e2\u015f\u0131k oldu\u011fu adam\u0131 bekleyen Sahra, hi\u00e7 ummad\u0131\u011f\u0131 anda Romeo\u2019sunu kar\u015f\u0131s\u0131nda buldu\u011funda, sonunda mutlu sonlar\u0131na kavu\u015ftuklar\u0131n\u0131 d\u00fc\u015f\u00fcn\u00fcr. Fakat \u00e7ok ge\u00e7meden ortaya \u00e7\u0131kan s\u0131rlar, Sahra ve Emir\u2019in a\u015fklar\u0131n\u0131n bir kez daha s\u0131nanmas\u0131na sebep olur. \u00c2\u015f\u0131k oldu\u011fu kad\u0131ndan uzakla\u015f\u0131p inzivaya \u00e7ekilen Emir Hanzade, bir d\u00fc\u011f\u00fcne davetsiz misafir olarak kat\u0131ld\u0131\u011f\u0131nda a\u015f\u0131rd\u0131\u011f\u0131 tek \u015feyin d\u00fc\u011f\u00fcndeki ikramlar oldu\u011funu d\u00fc\u015f\u00fcn\u00fcrken, g\u00fcn\u00fcn sonunda kendini gelini ka\u00e7\u0131r\u0131rken bulur. Yan\u0131ndaki kad\u0131na yard\u0131m etmekten ba\u015fka \u00e7aresi kalmayan Emir Hanzade, yakas\u0131n\u0131 bu beladan nas\u0131l kurtaraca\u011f\u0131n\u0131 d\u00fc\u015f\u00fcn\u00fcrken i\u015fler iyice kontrolden \u00e7\u0131kar. \u00c7\u00fcnk\u00fc \u00f6\u011frendiklerinden sonra Rosa\u2019ya verdi\u011fi s\u00f6z\u00fc tutmak zorundad\u0131r. Ay\u00e7\u00f6re\u011fi ve Elmal\u0131 Turta\u2019n\u0131n ard\u0131ndan h\u0131z kesmeden devam eden hik\u00e2yede sona gelinirken, Sahra ve Emir\u2019in kaderini ba\u015fkas\u0131na ait bir kalp de\u011fi\u015ftirecektir. \u201cS\u00f6z veriyorum, bu \u00e7ekti\u011fimiz ac\u0131lar \u0130leride anlataca\u011f\u0131m\u0131z tatl\u0131 an\u0131lar olacak\u2026\u201d  <\/p>\n","protected":false},"excerpt":{"rendered":"<p>Ate\u015fe u\u00e7maktan korkan bir kelebe\u011fin hik\u00e2yesinden, kanatlar\u0131n\u0131 arkas\u0131nda b\u0131rakan bir kelebe\u011fin de\u011fi\u015fim hik\u00e2yesine&#8230;Ay\u00e7\u00f6re\u011fiAhmet; Sahra&#8217;ya y\u00fcr\u00fcmeyi, bisiklete binmeyi, erkek gibi d\u00f6v\u00fc\u015fmeyi \u00f6\u011fretmi\u015fti. Ama hepsinden \u00f6nemlisi ona, a\u015fk\u0131n<span class=\"excerpt-hellip\"> [\u2026]<\/span><\/p>\n","protected":false},"featured_media":0,"template":"","meta":{"_monsterinsights_skip_tracking":false,"_monsterinsights_sitenote_active":false,"_monsterinsights_sitenote_note":"","_monsterinsights_sitenote_category":0},"product_brand":[],"product_cat":[12291,12711],"product_tag":[],"class_list":{"0":"post-774973","1":"product","2":"type-product","3":"status-publish","5":"product_cat-edebiyat","6":"product_cat-roman-oyku","7":"pa_cilt-set","8":"pa_tur-kitap","9":"pa_yayinevi-ren-kitap","10":"pa_yazar-zeynep-sahra","12":"first","13":"instock","14":"sale","15":"shipping-taxable","16":"purchasable","17":"product-type-simple"},"_links":{"self":[{"href":"https:\/\/roveyayinevi.com.tr\/index.php\/wp-json\/wp\/v2\/product\/774973","targetHints":{"allow":["GET"]}}],"collection":[{"href":"https:\/\/roveyayinevi.com.tr\/index.php\/wp-json\/wp\/v2\/product"}],"about":[{"href":"https:\/\/roveyayinevi.com.tr\/index.php\/wp-json\/wp\/v2\/types\/product"}],"wp:attachment":[{"href":"https:\/\/roveyayinevi.com.tr\/index.php\/wp-json\/wp\/v2\/media?parent=774973"}],"wp:term":[{"taxonomy":"product_brand","embeddable":true,"href":"https:\/\/roveyayinevi.com.tr\/index.php\/wp-json\/wp\/v2\/product_brand?post=774973"},{"taxonomy":"product_cat","embeddable":true,"href":"https:\/\/roveyayinevi.com.tr\/index.php\/wp-json\/wp\/v2\/product_cat?post=774973"},{"taxonomy":"product_tag","embeddable":true,"href":"https:\/\/roveyayinevi.com.tr\/index.php\/wp-json\/wp\/v2\/product_tag?post=774973"}],"curies":[{"name":"wp","href":"https:\/\/api.w.org\/{rel}","templated":true}]}}