{"id":774972,"date":"2025-09-09T14:27:57","date_gmt":"2025-09-09T11:27:57","guid":{"rendered":"https:\/\/roveyayinevi.com.tr\/index.php\/urun\/ay-nereye-gitti\/"},"modified":"2026-04-16T02:47:51","modified_gmt":"2026-04-15T23:47:51","slug":"ay-nereye-gitti","status":"publish","type":"product","link":"https:\/\/roveyayinevi.com.tr\/index.php\/urun\/ay-nereye-gitti\/","title":{"rendered":"Ay Nereye Gitti?"},"content":{"rendered":"<p>O gece orman kapkaranl\u0131kt\u0131. Dallar\u0131n aras\u0131ndan tek bir \u0131\u015f\u0131k zerreci\u011fi bile d\u00fc\u015fm\u00fcyordu. Orman sakinleri bunun sebebini \u00e7ok ge\u00e7meden anlad\u0131. Ay yoktu! Ortadan kaybolmu\u015ftu! Acaba nereye gitmi\u015fti?Sevilen \u00e7ocuk kitaplar\u0131 yazar\u0131 Ceren Kerimo\u011flu\u2019ndan, gezegenimizin biricik uydusu Ay\u2019\u0131n d\u00f6ng\u00fcleri, evreleri, Ay tutulmas\u0131 gibi konulara da yer veren, sevgi, dayan\u0131\u015fma ve hayal g\u00fcc\u00fcyle dolu bir hik\u00e2ye&#8230;<\/p>\n","protected":false},"excerpt":{"rendered":"<p>O gece orman kapkaranl\u0131kt\u0131. Dallar\u0131n aras\u0131ndan tek bir \u0131\u015f\u0131k zerreci\u011fi bile d\u00fc\u015fm\u00fcyordu. Orman sakinleri bunun sebebini \u00e7ok ge\u00e7meden anlad\u0131. Ay yoktu! Ortadan kaybolmu\u015ftu! Acaba nereye gitmi\u015fti?Sevilen<span class=\"excerpt-hellip\"> [\u2026]<\/span><\/p>\n","protected":false},"featured_media":0,"template":"","meta":{"_monsterinsights_skip_tracking":false,"_monsterinsights_sitenote_active":false,"_monsterinsights_sitenote_note":"","_monsterinsights_sitenote_category":0},"product_brand":[],"product_cat":[12274,12284],"product_tag":[],"class_list":{"0":"post-774972","1":"product","2":"type-product","3":"status-publish","5":"product_cat-cocuk-ve-genclik-kitaplari","6":"product_cat-hikayeler","7":"pa_cilt-ciltsiz","8":"pa_tur-kitap","9":"pa_yayinevi-ithaki-yayinlari","10":"pa_yazar-ceren-kerimoglu","12":"first","13":"instock","14":"sale","15":"shipping-taxable","16":"purchasable","17":"product-type-simple"},"_links":{"self":[{"href":"https:\/\/roveyayinevi.com.tr\/index.php\/wp-json\/wp\/v2\/product\/774972","targetHints":{"allow":["GET"]}}],"collection":[{"href":"https:\/\/roveyayinevi.com.tr\/index.php\/wp-json\/wp\/v2\/product"}],"about":[{"href":"https:\/\/roveyayinevi.com.tr\/index.php\/wp-json\/wp\/v2\/types\/product"}],"wp:attachment":[{"href":"https:\/\/roveyayinevi.com.tr\/index.php\/wp-json\/wp\/v2\/media?parent=774972"}],"wp:term":[{"taxonomy":"product_brand","embeddable":true,"href":"https:\/\/roveyayinevi.com.tr\/index.php\/wp-json\/wp\/v2\/product_brand?post=774972"},{"taxonomy":"product_cat","embeddable":true,"href":"https:\/\/roveyayinevi.com.tr\/index.php\/wp-json\/wp\/v2\/product_cat?post=774972"},{"taxonomy":"product_tag","embeddable":true,"href":"https:\/\/roveyayinevi.com.tr\/index.php\/wp-json\/wp\/v2\/product_tag?post=774972"}],"curies":[{"name":"wp","href":"https:\/\/api.w.org\/{rel}","templated":true}]}}