{"id":774970,"date":"2025-09-09T14:27:37","date_gmt":"2025-09-09T11:27:37","guid":{"rendered":"https:\/\/roveyayinevi.com.tr\/index.php\/urun\/kestanenin-dusu\/"},"modified":"2026-04-16T02:47:49","modified_gmt":"2026-04-15T23:47:49","slug":"kestanenin-dusu","status":"publish","type":"product","link":"https:\/\/roveyayinevi.com.tr\/index.php\/urun\/kestanenin-dusu\/","title":{"rendered":"Kestane\u2019nin D\u00fc\u015f\u00fc"},"content":{"rendered":"<p>Nefes, ya\u015fl\u0131 kad\u0131na: \u201cArt\u0131k beni i\u00e7ine hevesle \u00e7ekmiyorsun, \u00fczerinde hep bir a\u011f\u0131rl\u0131k var. Yorgunluk mu hastal\u0131k m\u0131 bilemedim? Beni iyi kar\u015f\u0131lam\u0131yor, g\u00f6n\u00fcls\u00fcz misafir ediyorsun.\u201d dedi. Ya\u015fl\u0131 kad\u0131n derin bir nefes ald\u0131ktan sonra g\u00fcl\u00fcmseyerek: \u201cHem hastay\u0131m, hem yorgunum. Hepsinden \u00f6nemlisi \u00e7ok ama \u00e7ok ya\u015fl\u0131y\u0131m. Dile kolay seksen be\u015f ya\u015f\u0131nday\u0131m. Ellerim ayaklar\u0131m eskisi gibi tutmaz. Yedi\u011fim yemekten bile tat alamam. Ya\u015famaktan \u00f6yle yorgun, \u00f6yle bitkinim ki\u2026 Bir de bana sitem edip niye beni ho\u015f kar\u015f\u0131lay\u0131p misafir etmiyorsun diyorsun. Art\u0131k bana eziyet etme!\u201d Nefes: \u201cBen ya\u015flanmam, ya\u015flanan bedeni de sevmem. Bana eziyet etme, ellerim ayaklar\u0131m tutmuyor diyorsun ama olmaz, kabul edemem. Gayret et biraz. Kalk bah\u00e7eye \u00e7\u0131k. Otuz sene \u00f6nce kendi elinle dikti\u011fin dut a\u011fac\u0131n\u0131n alt\u0131nda bir \u00e7ay i\u00e7. Canlanacak, beni reddetmekten vazge\u00e7eceksin.<\/p>\n","protected":false},"excerpt":{"rendered":"<p>Nefes, ya\u015fl\u0131 kad\u0131na: \u201cArt\u0131k beni i\u00e7ine hevesle \u00e7ekmiyorsun, \u00fczerinde hep bir a\u011f\u0131rl\u0131k var. Yorgunluk mu hastal\u0131k m\u0131 bilemedim? Beni iyi kar\u015f\u0131lam\u0131yor, g\u00f6n\u00fcls\u00fcz misafir ediyorsun.\u201d dedi. Ya\u015fl\u0131<span class=\"excerpt-hellip\"> [\u2026]<\/span><\/p>\n","protected":false},"featured_media":0,"template":"","meta":{"_monsterinsights_skip_tracking":false,"_monsterinsights_sitenote_active":false,"_monsterinsights_sitenote_note":"","_monsterinsights_sitenote_category":0},"product_brand":[],"product_cat":[13633,12324],"product_tag":[],"class_list":{"0":"post-774970","1":"product","2":"type-product","3":"status-publish","5":"product_cat-kultur-ve-bilim","6":"product_cat-sosyoloji","7":"pa_cilt-ciltsiz","8":"pa_tur-kitap","9":"pa_yayinevi-soncag","10":"pa_yazar-mine-bay","12":"first","13":"instock","14":"sale","15":"shipping-taxable","16":"purchasable","17":"product-type-simple"},"_links":{"self":[{"href":"https:\/\/roveyayinevi.com.tr\/index.php\/wp-json\/wp\/v2\/product\/774970","targetHints":{"allow":["GET"]}}],"collection":[{"href":"https:\/\/roveyayinevi.com.tr\/index.php\/wp-json\/wp\/v2\/product"}],"about":[{"href":"https:\/\/roveyayinevi.com.tr\/index.php\/wp-json\/wp\/v2\/types\/product"}],"wp:attachment":[{"href":"https:\/\/roveyayinevi.com.tr\/index.php\/wp-json\/wp\/v2\/media?parent=774970"}],"wp:term":[{"taxonomy":"product_brand","embeddable":true,"href":"https:\/\/roveyayinevi.com.tr\/index.php\/wp-json\/wp\/v2\/product_brand?post=774970"},{"taxonomy":"product_cat","embeddable":true,"href":"https:\/\/roveyayinevi.com.tr\/index.php\/wp-json\/wp\/v2\/product_cat?post=774970"},{"taxonomy":"product_tag","embeddable":true,"href":"https:\/\/roveyayinevi.com.tr\/index.php\/wp-json\/wp\/v2\/product_tag?post=774970"}],"curies":[{"name":"wp","href":"https:\/\/api.w.org\/{rel}","templated":true}]}}