{"id":774969,"date":"2025-09-09T14:27:29","date_gmt":"2025-09-09T11:27:29","guid":{"rendered":"https:\/\/roveyayinevi.com.tr\/index.php\/urun\/dikkat-dayim-cikabilir-ucuk-ailemle-kacik-maceralar\/"},"modified":"2026-04-08T02:56:10","modified_gmt":"2026-04-07T23:56:10","slug":"dikkat-dayim-cikabilir-ucuk-ailemle-kacik-maceralar","status":"publish","type":"product","link":"https:\/\/roveyayinevi.com.tr\/index.php\/urun\/dikkat-dayim-cikabilir-ucuk-ailemle-kacik-maceralar\/","title":{"rendered":"Dikkat Day\u0131m \u00c7\u0131kabilir &#8211; U\u00e7uk Ailemle Ka\u00e7\u0131k Maceralar"},"content":{"rendered":"<p>Bu sefer U\u00e7uk Ailesi olarak kamp tatilindeyiz. Do\u011fayla sarma\u015f dola\u015f, huzur i\u00e7inde bir tatil yapma hayaliyle yola \u00e7\u0131kt\u0131k. Ama do\u011fa yerine babamla ve dedemle sarma\u015f dola\u015f vazitteyim. \u00c7\u00fcnk\u00fc iki ki\u015filik \u00e7ad\u0131rda alt\u0131 ki\u015fi yat\u0131yoruz. Daha do\u011frusu yatam\u0131yoruz. \u00c7\u00fcnk\u00fc \u015fi\u015fme yatak var. Birisi hareket etti\u011fi anda \u00e7ad\u0131rda Meksika dalgas\u0131 olu\u015fuyor. Day\u0131m\u0131n belden a\u015fa\u011f\u0131s\u0131 \u00e7ad\u0131r\u0131n d\u0131\u015f\u0131nda kald\u0131. Dedem, \u00fc\u015f\u00fcmeyeyim diye alt\u0131na i\u00e7lik giymi\u015f, hat\u0131r hat\u0131r ka\u015f\u0131n\u0131yor. Ne\u015fe, ay\u0131 gelecek diye korkuyor. Annem \u201cAt nal\u0131 gibi k\u0131p\u0131rday\u0131p durmay\u0131n!\u201d diye s\u00f6yleniyor. Babamsa bu ortamda mehter mar\u015f\u0131 s\u00f6yl\u00fcyor. Ke\u015fke kamp maceram\u0131z sadece bu komik ve ne\u015feli anlarla kalsayd\u0131. Ama maalesef kalmad\u0131. \u00c7\u00fcnk\u00fc day\u0131m z\u0131pk\u0131n\u0131 al\u0131p bal\u0131k vurmak i\u00e7in gecenin bir vakti denize dald\u0131. Ve sudan \u00e7\u0131kt\u0131\u011f\u0131nda biz de acayip bir maceran\u0131n i\u00e7ine dald\u0131k. Bir daha da \u00e7\u0131kamad\u0131k. Emin olun! Siz de bu kitaba dal\u0131nca \u00e7\u0131kamayacaks\u0131n\u0131z.<\/p>\n","protected":false},"excerpt":{"rendered":"<p>Bu sefer U\u00e7uk Ailesi olarak kamp tatilindeyiz. Do\u011fayla sarma\u015f dola\u015f, huzur i\u00e7inde bir tatil yapma hayaliyle yola \u00e7\u0131kt\u0131k. Ama do\u011fa yerine babamla ve dedemle sarma\u015f dola\u015f<span class=\"excerpt-hellip\"> [\u2026]<\/span><\/p>\n","protected":false},"featured_media":0,"template":"","meta":{"_monsterinsights_skip_tracking":false,"_monsterinsights_sitenote_active":false,"_monsterinsights_sitenote_note":"","_monsterinsights_sitenote_category":0},"product_brand":[],"product_cat":[12291,12711],"product_tag":[],"class_list":{"0":"post-774969","1":"product","2":"type-product","3":"status-publish","5":"product_cat-edebiyat","6":"product_cat-roman-oyku","7":"pa_cilt-ciltsiz","8":"pa_tur-kitap","9":"pa_yayinevi-carpe-diem-kitaplari","10":"pa_yazar-salih-uyan","12":"first","13":"instock","14":"sale","15":"shipping-taxable","16":"purchasable","17":"product-type-simple"},"_links":{"self":[{"href":"https:\/\/roveyayinevi.com.tr\/index.php\/wp-json\/wp\/v2\/product\/774969","targetHints":{"allow":["GET"]}}],"collection":[{"href":"https:\/\/roveyayinevi.com.tr\/index.php\/wp-json\/wp\/v2\/product"}],"about":[{"href":"https:\/\/roveyayinevi.com.tr\/index.php\/wp-json\/wp\/v2\/types\/product"}],"wp:attachment":[{"href":"https:\/\/roveyayinevi.com.tr\/index.php\/wp-json\/wp\/v2\/media?parent=774969"}],"wp:term":[{"taxonomy":"product_brand","embeddable":true,"href":"https:\/\/roveyayinevi.com.tr\/index.php\/wp-json\/wp\/v2\/product_brand?post=774969"},{"taxonomy":"product_cat","embeddable":true,"href":"https:\/\/roveyayinevi.com.tr\/index.php\/wp-json\/wp\/v2\/product_cat?post=774969"},{"taxonomy":"product_tag","embeddable":true,"href":"https:\/\/roveyayinevi.com.tr\/index.php\/wp-json\/wp\/v2\/product_tag?post=774969"}],"curies":[{"name":"wp","href":"https:\/\/api.w.org\/{rel}","templated":true}]}}