{"id":774968,"date":"2025-09-09T14:26:01","date_gmt":"2025-09-09T11:26:01","guid":{"rendered":"https:\/\/roveyayinevi.com.tr\/index.php\/urun\/yarinin-isini-yarina-birakma\/"},"modified":"2025-09-09T14:26:01","modified_gmt":"2025-09-09T11:26:01","slug":"yarinin-isini-yarina-birakma","status":"publish","type":"product","link":"https:\/\/roveyayinevi.com.tr\/index.php\/urun\/yarinin-isini-yarina-birakma\/","title":{"rendered":"Yar\u0131n\u0131n \u0130\u015fini Yar\u0131na B\u0131rakma"},"content":{"rendered":"<p>YARININ \u0130\u015e\u0130N\u0130 YARINA, GELECE\u011e\u0130 GELECE\u011eE BIRAKMA!En \u0130novatif \u0130\u015f Kitab\u0131 \u00d6d\u00fcl\u00fc\u2019n\u00fc kazanan T-\u0130NSAN kitab\u0131n\u0131n yazar\u0131, T\u00fcrkiye\u2019nin \u0130lk Kad\u0131n F\u00fct\u00fcristi, Forbes Dergisi internet sitesinde D\u00fcnyan\u0131n En Etkin 50, D\u00fcnyan\u0131n En Etkili 100 Kad\u0131n F\u00fct\u00fcristi aras\u0131ndaki tek T\u00fcrk UFUK TARHAN yeni kitab\u0131yla kar\u015f\u0131n\u0131zda: YARININ \u0130\u015e\u0130N\u0130 YARINA BIRAKMA!F\u00fct\u00fcrist, Ekonomist, Gelecek D\u00fc\u015f\u00fcn\u00fcr\u00fc ve K\u00fcrat\u00f6r\u00fc T-\u0130nsan UFUK TARHAN, ilk kitab\u0131n\u0131n devam\u0131 ve tamamlay\u0131c\u0131s\u0131 niteli\u011findeki bu kitab\u0131nda, T-\u0130nsan\u2019la\u015fma yolunda ilerlerken, yeni gelecekte \u00f6zellikle i\u015f d\u00fcnyas\u0131n\u0131n, e\u011fitimin, \u00f6\u011frenmenin, bir insan yeti\u015ftirmenin, kendini dd\u00f6n\u00fc\u015ft\u00fcrmenin nas\u0131l olmas\u0131, olu\u015fturulmas\u0131 gerekti\u011fini, bunun i\u00e7in yar\u0131nlar\u0131n da \u00f6tesine ge\u00e7erek 2100\u2019lere gidi\u015fi ve Tip-I denen yeni uygarl\u0131k seviyesini detayl\u0131 ve net bir \u015fekilde anlat\u0131yor, \u015f\u00f6yle diyor:\u2018\u2019YARININ \u0130\u015e\u0130N\u0130 YARINA BIRAKMA! \u00c7\u00fcnk\u00fc art\u0131k \u201cGelecek Nas\u0131l Gelecek\u201d, Yar\u0131n Nas\u0131l Olacak\u201d biliyoruz ve \u201cH\u00fcmanizm + Dataizm\u201d \u00e7a\u011f\u0131nday\u0131z! S\u00fcrd\u00fcr\u00fclebilir Kapitalizm ile Tip-I uygarl\u0131k seviyesine haz\u0131rlan\u0131yoruz\u2026 \u015e\u0130MD\u0130\u2026 GERE\u011e\u0130N\u0130 YAPMA ve AKS\u0130YON ZAMANI! Sen art\u0131k herhangi bir \u00fclkenin de\u011fil, yeni bir d\u00fcnyan\u0131n, dijital medeniyetlerin vatanda\u015f\u0131s\u0131n ve gelece\u011fini bizzat kendin dijit dijit kurgulamal\u0131s\u0131n!\u2019\u2019\u201cYeni bir sistem olu\u015fturmak i\u00e7in eskiyle yar\u0131\u015fa girmezsiniz, eskiyi ge\u00e7ersiz k\u0131lars\u0131n\u0131z.\u201dBuckminster Fuller<\/p>\n","protected":false},"excerpt":{"rendered":"<p>YARININ \u0130\u015e\u0130N\u0130 YARINA, GELECE\u011e\u0130 GELECE\u011eE BIRAKMA!En \u0130novatif \u0130\u015f Kitab\u0131 \u00d6d\u00fcl\u00fc\u2019n\u00fc kazanan T-\u0130NSAN kitab\u0131n\u0131n yazar\u0131, T\u00fcrkiye\u2019nin \u0130lk Kad\u0131n F\u00fct\u00fcristi, Forbes Dergisi internet sitesinde D\u00fcnyan\u0131n En Etkin 50,<span class=\"excerpt-hellip\"> [\u2026]<\/span><\/p>\n","protected":false},"featured_media":0,"template":"","meta":{"_monsterinsights_skip_tracking":false,"_monsterinsights_sitenote_active":false,"_monsterinsights_sitenote_note":"","_monsterinsights_sitenote_category":0},"product_brand":[],"product_cat":[12364,12376],"product_tag":[],"class_list":{"0":"post-774968","1":"product","2":"type-product","3":"status-publish","5":"product_cat-genel-konular","6":"product_cat-kisisel-gelisim","7":"pa_cilt-ciltsiz","8":"pa_tur-kitap","9":"pa_yayinevi-ceres-yayinlari","10":"pa_yazar-ufuk-tarhan","12":"first","13":"instock","14":"sale","15":"shipping-taxable","16":"purchasable","17":"product-type-simple"},"_links":{"self":[{"href":"https:\/\/roveyayinevi.com.tr\/index.php\/wp-json\/wp\/v2\/product\/774968","targetHints":{"allow":["GET"]}}],"collection":[{"href":"https:\/\/roveyayinevi.com.tr\/index.php\/wp-json\/wp\/v2\/product"}],"about":[{"href":"https:\/\/roveyayinevi.com.tr\/index.php\/wp-json\/wp\/v2\/types\/product"}],"wp:attachment":[{"href":"https:\/\/roveyayinevi.com.tr\/index.php\/wp-json\/wp\/v2\/media?parent=774968"}],"wp:term":[{"taxonomy":"product_brand","embeddable":true,"href":"https:\/\/roveyayinevi.com.tr\/index.php\/wp-json\/wp\/v2\/product_brand?post=774968"},{"taxonomy":"product_cat","embeddable":true,"href":"https:\/\/roveyayinevi.com.tr\/index.php\/wp-json\/wp\/v2\/product_cat?post=774968"},{"taxonomy":"product_tag","embeddable":true,"href":"https:\/\/roveyayinevi.com.tr\/index.php\/wp-json\/wp\/v2\/product_tag?post=774968"}],"curies":[{"name":"wp","href":"https:\/\/api.w.org\/{rel}","templated":true}]}}