{"id":774967,"date":"2025-09-09T14:24:47","date_gmt":"2025-09-09T11:24:47","guid":{"rendered":"https:\/\/roveyayinevi.com.tr\/index.php\/urun\/ilahi-askin-sirlari\/"},"modified":"2026-04-16T02:46:58","modified_gmt":"2026-04-15T23:46:58","slug":"ilahi-askin-sirlari","status":"publish","type":"product","link":"https:\/\/roveyayinevi.com.tr\/index.php\/urun\/ilahi-askin-sirlari\/","title":{"rendered":"\u0130lahi A\u015fk\u0131n S\u0131rlar\u0131"},"content":{"rendered":"<p>\u0130l\u00e2h\u00ee A\u015fk\u0131n S\u0131rlar\u0131, Kur\u2019\u00e2n\u2019\u0131n m\u00e2nev\u00ee esrar\u0131, kadim mistik \u015fiir sanat\u0131 ve \u00fcl\u00fc\u2019l-azm peygamberlerle b\u00fcy\u00fck m\u00e2nev\u00ee \u00fcstatlar\u0131n hik\u00e2yelerinden yola \u00e7\u0131karak inanc\u0131n\u0131z\u0131 yeniden canland\u0131rman\u0131z\u0131, \u015f\u00fcphelerinizden ar\u0131nman\u0131z\u0131 ve Allah ile daha mahrem bir ili\u015fki geli\u015ftirmenizi sa\u011flamak amac\u0131yla kaleme al\u0131nm\u0131\u015ft\u0131r.Kitapta okuyucuya sunulan bilimsel veriler ile g\u00fcnl\u00fck hayatta uygulanabilecek al\u0131\u015ft\u0131rma ve y\u00f6nlendirmeli meditasyon teknikleri sayesinde, Allah\u2019\u0131n her \u015feyi ku\u015fatan sevgi ve rahmetini g\u00f6rmenize m\u00e2ni olan negatif i\u00e7 sesinizin fark\u0131na var\u0131p \u00fcstesinden gelmenizi sa\u011flayacak gerekli ara\u00e7 ve bilinci geli\u015ftirmeniz m\u00fcmk\u00fcn olacak. Bu kitaptaki her b\u00f6l\u00fcm, sizi il\u00e2h\u00ee huzur ve teslimiyetin kayna\u011f\u0131na y\u00f6nlendirecek bir pusula ve yol g\u00f6sterici niteli\u011findedir. \u0130sl\u00e2m\u2019\u0131n ilke ve uygulamalar\u0131 arac\u0131l\u0131\u011f\u0131yla, i\u00e7inizdeki m\u00e2nev\u00ee potansiyelin ve il\u00e2h\u00ee amac\u0131n\u0131z\u0131n \u00fczerindeki perdeyi kald\u0131rmay\u0131 \u00f6\u011freneceksiniz.\u0130l\u00e2h\u00ee A\u015fk\u0131n S\u0131rlar\u0131, sadece zihinsel olarak ayd\u0131nlanman\u0131za de\u011fil, ayn\u0131 zamanda Allah ile daha derin bir yak\u0131nl\u0131k i\u00e7in ruhsal olarak tek\u00e2m\u00fcl etmenize imk\u00e2n sa\u011flamak ad\u0131na Kur\u2019\u00e2n\u2019a ak\u0131lc\u0131 oldu\u011fu kadar kalp odakl\u0131 bir yakla\u015f\u0131m g\u00f6zetir.<\/p>\n","protected":false},"excerpt":{"rendered":"<p>\u0130l\u00e2h\u00ee A\u015fk\u0131n S\u0131rlar\u0131, Kur\u2019\u00e2n\u2019\u0131n m\u00e2nev\u00ee esrar\u0131, kadim mistik \u015fiir sanat\u0131 ve \u00fcl\u00fc\u2019l-azm peygamberlerle b\u00fcy\u00fck m\u00e2nev\u00ee \u00fcstatlar\u0131n hik\u00e2yelerinden yola \u00e7\u0131karak inanc\u0131n\u0131z\u0131 yeniden canland\u0131rman\u0131z\u0131, \u015f\u00fcphelerinizden ar\u0131nman\u0131z\u0131 ve Allah<span class=\"excerpt-hellip\"> [\u2026]<\/span><\/p>\n","protected":false},"featured_media":0,"template":"","meta":{"_monsterinsights_skip_tracking":false,"_monsterinsights_sitenote_active":false,"_monsterinsights_sitenote_note":"","_monsterinsights_sitenote_category":0},"product_brand":[],"product_cat":[16789,12718,12719],"product_tag":[],"class_list":{"0":"post-774967","1":"product","2":"type-product","3":"status-publish","5":"product_cat-diger-islam","6":"product_cat-din","7":"product_cat-islam","8":"pa_cilt-ciltsiz","9":"pa_tur-kitap","10":"pa_yayinevi-nefes-yayincilik","11":"pa_yazar-a-helwa","13":"first","14":"instock","15":"sale","16":"shipping-taxable","17":"purchasable","18":"product-type-simple"},"_links":{"self":[{"href":"https:\/\/roveyayinevi.com.tr\/index.php\/wp-json\/wp\/v2\/product\/774967","targetHints":{"allow":["GET"]}}],"collection":[{"href":"https:\/\/roveyayinevi.com.tr\/index.php\/wp-json\/wp\/v2\/product"}],"about":[{"href":"https:\/\/roveyayinevi.com.tr\/index.php\/wp-json\/wp\/v2\/types\/product"}],"wp:attachment":[{"href":"https:\/\/roveyayinevi.com.tr\/index.php\/wp-json\/wp\/v2\/media?parent=774967"}],"wp:term":[{"taxonomy":"product_brand","embeddable":true,"href":"https:\/\/roveyayinevi.com.tr\/index.php\/wp-json\/wp\/v2\/product_brand?post=774967"},{"taxonomy":"product_cat","embeddable":true,"href":"https:\/\/roveyayinevi.com.tr\/index.php\/wp-json\/wp\/v2\/product_cat?post=774967"},{"taxonomy":"product_tag","embeddable":true,"href":"https:\/\/roveyayinevi.com.tr\/index.php\/wp-json\/wp\/v2\/product_tag?post=774967"}],"curies":[{"name":"wp","href":"https:\/\/api.w.org\/{rel}","templated":true}]}}