{"id":774966,"date":"2025-09-09T14:24:44","date_gmt":"2025-09-09T11:24:44","guid":{"rendered":"https:\/\/roveyayinevi.com.tr\/index.php\/urun\/kime-kulsun\/"},"modified":"2026-04-16T02:46:58","modified_gmt":"2026-04-15T23:46:58","slug":"kime-kulsun","status":"publish","type":"product","link":"https:\/\/roveyayinevi.com.tr\/index.php\/urun\/kime-kulsun\/","title":{"rendered":"Kime Kulsun?"},"content":{"rendered":"<p>K\u00fcresel hayat, insanla ilgili ve insana ait t\u00fcm de\u011ferleri birer birer yok ediyor. \u0130nsan olmak, ya\u015famaktan daha zor \u015fimdi! Gittik\u00e7e yaln\u0131zla\u015f\u0131yor insan, kendinden uzakla\u015ft\u0131k\u00e7a. Halbuki kendisini de\u011ferli k\u0131lan ve yaln\u0131zca kendine \u00f6zg\u00fc olan bir fark\u0131 vard\u0131r insan\u0131n: \u201cKul\u2019dur insan!\u201d Bu nedenle yery\u00fcz\u00fcn\u00fcn en \u015ferefli varl\u0131\u011f\u0131d\u0131r.\u00c7\u00f6z\u00fcm\u00fcyse basit; yaln\u0131z olmad\u0131\u011f\u0131n\u0131 anlamak i\u00e7in \u201ckul\u201d oldu\u011funu hat\u0131rlamak zorunda.\u00c7\u00fcnk\u00fc \u201ckul\u201d olmak, insan\u0131 kendi gibi d\u00fcnyadaki milyarlarca insandan farkl\u0131 k\u0131lan yeg\u00e2ne \u00f6zelliktir.Kul olanlar\u0131n do\u011faya, e\u015fyaya ve hayata dair t\u00fcm iyi ve g\u00fczel \u015feyleri korumalar\u0131 i\u00e7in kendilerini, ak\u0131l ve zihinlerini her t\u00fcrl\u00fc k\u00f6t\u00fcl\u00fck ve yanl\u0131\u015flardan uzak tutmas\u0131 gerekiyor.\u0130\u015fte \u201cKime Kulsun\u201d da insana bu kavram\u0131 hat\u0131rlatan, onunla y\u00fczle\u015ftiren sohbet tad\u0131nda nadide bir kitap.Emin I\u015f\u0131k\u2019\u0131n 3 y\u0131ll\u0131k bir \u00e7abas\u0131n\u0131n \u00fcr\u00fcn\u00fc olan bu kitab\u0131 okuduk\u00e7a, \u201ckendinizle y\u00fczle\u015fmeniz\u201d i\u00e7in ne kadar da \u00e7ok nedenin oldu\u011funu fark edeceksiniz!<\/p>\n","protected":false},"excerpt":{"rendered":"<p>K\u00fcresel hayat, insanla ilgili ve insana ait t\u00fcm de\u011ferleri birer birer yok ediyor. \u0130nsan olmak, ya\u015famaktan daha zor \u015fimdi! Gittik\u00e7e yaln\u0131zla\u015f\u0131yor insan, kendinden uzakla\u015ft\u0131k\u00e7a. Halbuki kendisini<span class=\"excerpt-hellip\"> [\u2026]<\/span><\/p>\n","protected":false},"featured_media":0,"template":"","meta":{"_monsterinsights_skip_tracking":false,"_monsterinsights_sitenote_active":false,"_monsterinsights_sitenote_note":"","_monsterinsights_sitenote_category":0},"product_brand":[],"product_cat":[16382,12718],"product_tag":[],"class_list":{"0":"post-774966","1":"product","2":"type-product","3":"status-publish","5":"product_cat-diger-inanclar","6":"product_cat-din","7":"pa_cilt-ciltsiz","8":"pa_tur-kitap","9":"pa_yayinevi-tuti-kitap","10":"pa_yazar-emin-isik","12":"first","13":"instock","14":"sale","15":"shipping-taxable","16":"purchasable","17":"product-type-simple"},"_links":{"self":[{"href":"https:\/\/roveyayinevi.com.tr\/index.php\/wp-json\/wp\/v2\/product\/774966","targetHints":{"allow":["GET"]}}],"collection":[{"href":"https:\/\/roveyayinevi.com.tr\/index.php\/wp-json\/wp\/v2\/product"}],"about":[{"href":"https:\/\/roveyayinevi.com.tr\/index.php\/wp-json\/wp\/v2\/types\/product"}],"wp:attachment":[{"href":"https:\/\/roveyayinevi.com.tr\/index.php\/wp-json\/wp\/v2\/media?parent=774966"}],"wp:term":[{"taxonomy":"product_brand","embeddable":true,"href":"https:\/\/roveyayinevi.com.tr\/index.php\/wp-json\/wp\/v2\/product_brand?post=774966"},{"taxonomy":"product_cat","embeddable":true,"href":"https:\/\/roveyayinevi.com.tr\/index.php\/wp-json\/wp\/v2\/product_cat?post=774966"},{"taxonomy":"product_tag","embeddable":true,"href":"https:\/\/roveyayinevi.com.tr\/index.php\/wp-json\/wp\/v2\/product_tag?post=774966"}],"curies":[{"name":"wp","href":"https:\/\/api.w.org\/{rel}","templated":true}]}}