{"id":774965,"date":"2025-09-09T14:24:24","date_gmt":"2025-09-09T11:24:24","guid":{"rendered":"https:\/\/roveyayinevi.com.tr\/index.php\/urun\/izafiyet-ve-kuantum-fizigi\/"},"modified":"2026-04-16T02:46:57","modified_gmt":"2026-04-15T23:46:57","slug":"izafiyet-ve-kuantum-fizigi","status":"publish","type":"product","link":"https:\/\/roveyayinevi.com.tr\/index.php\/urun\/izafiyet-ve-kuantum-fizigi\/","title":{"rendered":"\u0130zafiyet ve Kuantum Fizi\u011fi"},"content":{"rendered":"<p>Her \u015fey g\u00f6recelidir, ger\u00e7eklik bile!Kuantum, ger\u00e7e\u011fin g\u00f6rd\u00fc\u011f\u00fcm\u00fcz\u00fcn ve alg\u0131lad\u0131\u011f\u0131m\u0131z\u0131n d\u0131\u015f\u0131nda oldu\u011funa dair bize ipu\u00e7lar\u0131 veren g\u0131d\u0131klay\u0131c\u0131 bir teori. Bu konuyla ilgili bilimsel kaynaklar\u0131 da takip etmek ger\u00e7ekten zor.Ancak art\u0131k kuantumdan korkman\u0131za gerek yok.Bu kitapta Einstein, Schr\u00f6dinger, Heisenberg, Planck, Dirac gibi kuantuma dair \u00f6nc\u00fcler size arkada\u015fl\u0131k ederken bir\u00e7ok kavram da zihninizde a\u00e7\u0131kl\u0131\u011fa kavu\u015facak.Uzay ve zaman, izafiyet teorisi, kara delik, dalga-par\u00e7ac\u0131k, belirsizlik ilkesi, Schr\u00f6dinger\u2019in me\u015fhur kedisi gibi merak edilen zor konular ba\u015flang\u0131\u00e7 seviyesinde, hem de e\u011flenceli bir \u015fekilde kar\u015f\u0131n\u0131zda\u2026<\/p>\n","protected":false},"excerpt":{"rendered":"<p>Her \u015fey g\u00f6recelidir, ger\u00e7eklik bile!Kuantum, ger\u00e7e\u011fin g\u00f6rd\u00fc\u011f\u00fcm\u00fcz\u00fcn ve alg\u0131lad\u0131\u011f\u0131m\u0131z\u0131n d\u0131\u015f\u0131nda oldu\u011funa dair bize ipu\u00e7lar\u0131 veren g\u0131d\u0131klay\u0131c\u0131 bir teori. Bu konuyla ilgili bilimsel kaynaklar\u0131 da takip etmek<span class=\"excerpt-hellip\"> [\u2026]<\/span><\/p>\n","protected":false},"featured_media":0,"template":"","meta":{"_monsterinsights_skip_tracking":false,"_monsterinsights_sitenote_active":false,"_monsterinsights_sitenote_note":"","_monsterinsights_sitenote_category":0},"product_brand":[],"product_cat":[13005,13006],"product_tag":[],"class_list":{"0":"post-774965","1":"product","2":"type-product","3":"status-publish","5":"product_cat-bilim-muhendislik","6":"product_cat-populer-bilim","7":"pa_cilt-ciltsiz","8":"pa_tur-kitap","9":"pa_yayinevi-tuti-kitap","10":"pa_yazar-steven-l-manly","12":"first","13":"instock","14":"sale","15":"shipping-taxable","16":"purchasable","17":"product-type-simple"},"_links":{"self":[{"href":"https:\/\/roveyayinevi.com.tr\/index.php\/wp-json\/wp\/v2\/product\/774965","targetHints":{"allow":["GET"]}}],"collection":[{"href":"https:\/\/roveyayinevi.com.tr\/index.php\/wp-json\/wp\/v2\/product"}],"about":[{"href":"https:\/\/roveyayinevi.com.tr\/index.php\/wp-json\/wp\/v2\/types\/product"}],"wp:attachment":[{"href":"https:\/\/roveyayinevi.com.tr\/index.php\/wp-json\/wp\/v2\/media?parent=774965"}],"wp:term":[{"taxonomy":"product_brand","embeddable":true,"href":"https:\/\/roveyayinevi.com.tr\/index.php\/wp-json\/wp\/v2\/product_brand?post=774965"},{"taxonomy":"product_cat","embeddable":true,"href":"https:\/\/roveyayinevi.com.tr\/index.php\/wp-json\/wp\/v2\/product_cat?post=774965"},{"taxonomy":"product_tag","embeddable":true,"href":"https:\/\/roveyayinevi.com.tr\/index.php\/wp-json\/wp\/v2\/product_tag?post=774965"}],"curies":[{"name":"wp","href":"https:\/\/api.w.org\/{rel}","templated":true}]}}