{"id":774964,"date":"2025-09-09T14:24:11","date_gmt":"2025-09-09T11:24:11","guid":{"rendered":"https:\/\/roveyayinevi.com.tr\/index.php\/urun\/siginak-6\/"},"modified":"2026-04-16T02:46:55","modified_gmt":"2026-04-15T23:46:55","slug":"siginak-6","status":"publish","type":"product","link":"https:\/\/roveyayinevi.com.tr\/index.php\/urun\/siginak-6\/","title":{"rendered":"S\u0131\u011f\u0131nak"},"content":{"rendered":"<p>K\u00fcl\u00fcst\u00fcr kitab\u0131yla b\u00fcy\u00fck be\u011feni toplayan Yeni Zelanda \u00e7ocuk edebiyat\u0131n\u0131n sevilen yazar\u0131 Joy Cowley\u2019den sava\u015f kar\u015f\u0131t\u0131, \u00e7ok katmanl\u0131, duygu dolu bir roman. Cowley; sava\u015f\u0131n \u00e7ocuklar \u00fczerindeki etkileri, karde\u015flik, g\u00fcven ve aile ba\u011flar\u0131 \u00fczerine bizi yeniden d\u00fc\u015f\u00fcnmeye davet ediyor. Her \u015fey Bert\u2019\u00fcn, \u0130kinci D\u00fcnya Sava\u015f\u0131 s\u0131ras\u0131nda terk edilmi\u015f bir f\u0131r\u0131n\u0131 ailesini korumak amac\u0131yla s\u0131\u011f\u0131na\u011fa d\u00f6n\u00fc\u015ft\u00fcrmek istemesiyle ba\u015flar.Ablas\u0131 Betty de onu destekler ve i\u015fe koyulurlar. \u00c7ok ge\u00e7meden hayatlar\u0131n\u0131n seyrini de\u011fi\u015ftirecek bir olaylar zincirinin i\u00e7inde bulurlar kendilerini. \u00c7ocuklar sava\u015f\u0131n a\u011f\u0131r y\u00fck\u00fcn\u00fc ta\u015f\u0131yabilecek midir?<\/p>\n","protected":false},"excerpt":{"rendered":"<p>K\u00fcl\u00fcst\u00fcr kitab\u0131yla b\u00fcy\u00fck be\u011feni toplayan Yeni Zelanda \u00e7ocuk edebiyat\u0131n\u0131n sevilen yazar\u0131 Joy Cowley\u2019den sava\u015f kar\u015f\u0131t\u0131, \u00e7ok katmanl\u0131, duygu dolu bir roman. Cowley; sava\u015f\u0131n \u00e7ocuklar \u00fczerindeki etkileri,<span class=\"excerpt-hellip\"> [\u2026]<\/span><\/p>\n","protected":false},"featured_media":0,"template":"","meta":{"_monsterinsights_skip_tracking":false,"_monsterinsights_sitenote_active":false,"_monsterinsights_sitenote_note":"","_monsterinsights_sitenote_category":0},"product_brand":[],"product_cat":[12275,12274],"product_tag":[],"class_list":{"0":"post-774964","1":"product","2":"type-product","3":"status-publish","5":"product_cat-6-12-yas-kitaplari","6":"product_cat-cocuk-ve-genclik-kitaplari","7":"pa_cilt-ciltsiz","8":"pa_tur-kitap","9":"pa_yayinevi-uyurgezer-kitap","10":"pa_yazar-joy-cowley","12":"first","13":"instock","14":"sale","15":"shipping-taxable","16":"purchasable","17":"product-type-simple"},"_links":{"self":[{"href":"https:\/\/roveyayinevi.com.tr\/index.php\/wp-json\/wp\/v2\/product\/774964","targetHints":{"allow":["GET"]}}],"collection":[{"href":"https:\/\/roveyayinevi.com.tr\/index.php\/wp-json\/wp\/v2\/product"}],"about":[{"href":"https:\/\/roveyayinevi.com.tr\/index.php\/wp-json\/wp\/v2\/types\/product"}],"wp:attachment":[{"href":"https:\/\/roveyayinevi.com.tr\/index.php\/wp-json\/wp\/v2\/media?parent=774964"}],"wp:term":[{"taxonomy":"product_brand","embeddable":true,"href":"https:\/\/roveyayinevi.com.tr\/index.php\/wp-json\/wp\/v2\/product_brand?post=774964"},{"taxonomy":"product_cat","embeddable":true,"href":"https:\/\/roveyayinevi.com.tr\/index.php\/wp-json\/wp\/v2\/product_cat?post=774964"},{"taxonomy":"product_tag","embeddable":true,"href":"https:\/\/roveyayinevi.com.tr\/index.php\/wp-json\/wp\/v2\/product_tag?post=774964"}],"curies":[{"name":"wp","href":"https:\/\/api.w.org\/{rel}","templated":true}]}}