{"id":774963,"date":"2025-09-09T14:24:04","date_gmt":"2025-09-09T11:24:04","guid":{"rendered":"https:\/\/roveyayinevi.com.tr\/index.php\/urun\/buyukannenin-interneti-bozdugu-gun\/"},"modified":"2026-04-11T14:06:11","modified_gmt":"2026-04-11T11:06:11","slug":"buyukannenin-interneti-bozdugu-gun","status":"publish","type":"product","link":"https:\/\/roveyayinevi.com.tr\/index.php\/urun\/buyukannenin-interneti-bozdugu-gun\/","title":{"rendered":"B\u00fcy\u00fckannenin \u0130nterneti Bozdu\u011fu G\u00fcn"},"content":{"rendered":"<p>Alman edebiyat\u0131n\u0131n gen\u00e7 yazarlar\u0131ndan Marc-Uwe Kling, internet ba\u011f\u0131ml\u0131l\u0131\u011f\u0131n\u0131 mizahi bir bak\u0131\u015f a\u00e7\u0131s\u0131 ve capcanl\u0131 karakterlerle ele al\u0131yor. Sadece \u00e7ocuklar\u0131n de\u011fil yeti\u015fkinlerin ya\u015famlar\u0131nda da b\u00fcy\u00fck yer kaplayan teknolojiye farkl\u0131 noktalardan yakla\u015f\u0131yor. Yazar, sorumluluk kavram\u0131n\u0131 ve nesiller aras\u0131 ileti\u015fimi s\u0131cak bir dille anlat\u0131rken, y\u00fcz y\u00fcze ileti\u015fimin \u00f6nemine vurgu yap\u0131yor.Tiffany\u2019nin b\u00fcy\u00fckannesine g\u00f6z kulak olmas\u0131 gerekir. Terslik bu ya, tam da o g\u00fcn b\u00fcy\u00fckannenin interneti bozaca\u011f\u0131 tutar. Hem de b\u00fct\u00fcn d\u00fcnyada! Hayat bir anda alt \u00fcst olur. Pizzac\u0131lar, sipari\u015fleri yanl\u0131\u015f evlere g\u00f6t\u00fcr\u00fcr. Anne babalar internet olmadan \u00e7al\u0131\u015famazlar. \u0130nternetsiz nas\u0131l oyun oynayabilir ya da m\u00fczik dinleyebilirler? \u0130nternet kesik olmas\u0131na ra\u011fmen Tiffany ve ailesini g\u00fczel bir g\u00fcn bekliyor. Belki de internet bozuldu\u011fu i\u00e7in.<\/p>\n","protected":false},"excerpt":{"rendered":"<p>Alman edebiyat\u0131n\u0131n gen\u00e7 yazarlar\u0131ndan Marc-Uwe Kling, internet ba\u011f\u0131ml\u0131l\u0131\u011f\u0131n\u0131 mizahi bir bak\u0131\u015f a\u00e7\u0131s\u0131 ve capcanl\u0131 karakterlerle ele al\u0131yor. Sadece \u00e7ocuklar\u0131n de\u011fil yeti\u015fkinlerin ya\u015famlar\u0131nda da b\u00fcy\u00fck yer kaplayan<span class=\"excerpt-hellip\"> [\u2026]<\/span><\/p>\n","protected":false},"featured_media":0,"template":"","meta":{"_monsterinsights_skip_tracking":false,"_monsterinsights_sitenote_active":false,"_monsterinsights_sitenote_note":"","_monsterinsights_sitenote_category":0},"product_brand":[],"product_cat":[12274,12284],"product_tag":[],"class_list":{"0":"post-774963","1":"product","2":"type-product","3":"status-publish","5":"product_cat-cocuk-ve-genclik-kitaplari","6":"product_cat-hikayeler","7":"pa_cilt-ciltsiz","8":"pa_tur-kitap","9":"pa_yayinevi-uyurgezer-kitap","10":"pa_yazar-marc-uwe-kling","12":"first","13":"instock","14":"sale","15":"shipping-taxable","16":"purchasable","17":"product-type-simple"},"_links":{"self":[{"href":"https:\/\/roveyayinevi.com.tr\/index.php\/wp-json\/wp\/v2\/product\/774963","targetHints":{"allow":["GET"]}}],"collection":[{"href":"https:\/\/roveyayinevi.com.tr\/index.php\/wp-json\/wp\/v2\/product"}],"about":[{"href":"https:\/\/roveyayinevi.com.tr\/index.php\/wp-json\/wp\/v2\/types\/product"}],"wp:attachment":[{"href":"https:\/\/roveyayinevi.com.tr\/index.php\/wp-json\/wp\/v2\/media?parent=774963"}],"wp:term":[{"taxonomy":"product_brand","embeddable":true,"href":"https:\/\/roveyayinevi.com.tr\/index.php\/wp-json\/wp\/v2\/product_brand?post=774963"},{"taxonomy":"product_cat","embeddable":true,"href":"https:\/\/roveyayinevi.com.tr\/index.php\/wp-json\/wp\/v2\/product_cat?post=774963"},{"taxonomy":"product_tag","embeddable":true,"href":"https:\/\/roveyayinevi.com.tr\/index.php\/wp-json\/wp\/v2\/product_tag?post=774963"}],"curies":[{"name":"wp","href":"https:\/\/api.w.org\/{rel}","templated":true}]}}