{"id":774961,"date":"2025-09-09T14:20:57","date_gmt":"2025-09-09T11:20:57","guid":{"rendered":"https:\/\/roveyayinevi.com.tr\/index.php\/urun\/iktisadi-dusunce-tarihi-5\/"},"modified":"2026-04-16T02:46:34","modified_gmt":"2026-04-15T23:46:34","slug":"iktisadi-dusunce-tarihi-5","status":"publish","type":"product","link":"https:\/\/roveyayinevi.com.tr\/index.php\/urun\/iktisadi-dusunce-tarihi-5\/","title":{"rendered":"\u0130ktisadi D\u00fc\u015f\u00fcnce Tarihi"},"content":{"rendered":"<p>\u0130ktisat d\u00fc\u015f\u00fcncesinin \u00f6nde gelen fikirleri sadece iktisat\u00e7\u0131lar ya da tarih\u00e7iler i\u00e7in de\u011fil, toplumun geni\u015f bir k\u0131sm\u0131 i\u00e7in heyecan verici bir merak ve ara\u015ft\u0131rma sahas\u0131 olmu\u015ftur. Modern d\u00fcnyada h\u0131zla de\u011fi\u015fen iktisadi dengeler, toplumsal ve siyasi sonu\u00e7lar\u0131 derin olan krizlerle beraber bu heyecan ve merak\u0131 canl\u0131 tutuyor. 21. y\u00fczy\u0131lda, toplum ve siyasetin yap\u0131s\u0131, \u00fcretim ve t\u00fcketimin tarzlar\u0131 ve ara\u00e7lar\u0131 de\u011fi\u015fmi\u015f olsa da iktisat tarihinin b\u00fcy\u00fck isimlerinin kuram, ilke ve yakla\u015f\u0131mlar\u0131 h\u00e2l\u00e2 sorulara cevap, sorunlara \u00e7\u00f6z\u00fcm bulmak i\u00e7in rehber olabilme niteli\u011fini ta\u015f\u0131yor. Adam Smith, T. R. Malthus, David Ricardo, J. S. Mill, Karl Marx, Alfred Marshall ve J. M. Keynes gibi b\u00fcy\u00fck isimlerin iktisad\u0131 anlama ve anlamland\u0131rma y\u00f6ntemleri elinizdeki kitab\u0131n temel gayesini te\u015fkil etmekte. Kalk\u0131nma iktisad\u0131 alan\u0131nda uzmanla\u015fm\u0131\u015f bir tarih\u00e7i olan William J. Barber Bat\u0131\u2019n\u0131n me\u015fhur iktisat\u00e7\u0131lar\u0131n\u0131n fikirlerini kendi tarihsel ba\u011flam\u0131nda tahlil ettikten sonra, bu isimlerin g\u00fcn\u00fcm\u00fcz meselelerine nas\u0131l cevaplar verebileceklerini tart\u0131\u015f\u0131yor. \u0130ktisadi D\u00fc\u015f\u00fcnce Tarihi\u2019nde Klasik, Marxgil, Neo-Klasik ve Keynesyen olmak \u00fczere d\u00f6rt ana iktisadi d\u00fc\u015f\u00fcnce ekol\u00fcn\u00fcn meselelerine yo\u011funla\u015fan Barber\u2019\u0131n bu ba\u015fvuru eseri merak ve dikkatle bir solukta okunacakt\u0131r\u2026 <\/p>\n","protected":false},"excerpt":{"rendered":"<p>\u0130ktisat d\u00fc\u015f\u00fcncesinin \u00f6nde gelen fikirleri sadece iktisat\u00e7\u0131lar ya da tarih\u00e7iler i\u00e7in de\u011fil, toplumun geni\u015f bir k\u0131sm\u0131 i\u00e7in heyecan verici bir merak ve ara\u015ft\u0131rma sahas\u0131 olmu\u015ftur. Modern<span class=\"excerpt-hellip\"> [\u2026]<\/span><\/p>\n","protected":false},"featured_media":0,"template":"","meta":{"_monsterinsights_skip_tracking":false,"_monsterinsights_sitenote_active":false,"_monsterinsights_sitenote_note":"","_monsterinsights_sitenote_category":0},"product_brand":[],"product_cat":[12370,12304],"product_tag":[],"class_list":{"0":"post-774961","1":"product","2":"type-product","3":"status-publish","5":"product_cat-arastirma-inceleme","6":"product_cat-tarih","7":"pa_cilt-ciltsiz","8":"pa_tur-kitap","9":"pa_yayinevi-vakifbank-kultur-yayinlari","10":"pa_yazar-william-j-barber","12":"first","13":"instock","14":"sale","15":"shipping-taxable","16":"purchasable","17":"product-type-simple"},"_links":{"self":[{"href":"https:\/\/roveyayinevi.com.tr\/index.php\/wp-json\/wp\/v2\/product\/774961","targetHints":{"allow":["GET"]}}],"collection":[{"href":"https:\/\/roveyayinevi.com.tr\/index.php\/wp-json\/wp\/v2\/product"}],"about":[{"href":"https:\/\/roveyayinevi.com.tr\/index.php\/wp-json\/wp\/v2\/types\/product"}],"wp:attachment":[{"href":"https:\/\/roveyayinevi.com.tr\/index.php\/wp-json\/wp\/v2\/media?parent=774961"}],"wp:term":[{"taxonomy":"product_brand","embeddable":true,"href":"https:\/\/roveyayinevi.com.tr\/index.php\/wp-json\/wp\/v2\/product_brand?post=774961"},{"taxonomy":"product_cat","embeddable":true,"href":"https:\/\/roveyayinevi.com.tr\/index.php\/wp-json\/wp\/v2\/product_cat?post=774961"},{"taxonomy":"product_tag","embeddable":true,"href":"https:\/\/roveyayinevi.com.tr\/index.php\/wp-json\/wp\/v2\/product_tag?post=774961"}],"curies":[{"name":"wp","href":"https:\/\/api.w.org\/{rel}","templated":true}]}}