{"id":774960,"date":"2025-09-09T14:19:52","date_gmt":"2025-09-09T11:19:52","guid":{"rendered":"https:\/\/roveyayinevi.com.tr\/index.php\/urun\/cinsiyet-ve-psikanaliz\/"},"modified":"2026-04-16T02:45:56","modified_gmt":"2026-04-15T23:45:56","slug":"cinsiyet-ve-psikanaliz","status":"publish","type":"product","link":"https:\/\/roveyayinevi.com.tr\/index.php\/urun\/cinsiyet-ve-psikanaliz\/","title":{"rendered":"Cinsiyet ve Psikanaliz"},"content":{"rendered":"<p>20. y\u00fczy\u0131la tek ba\u015f\u0131na tesir eden, b\u00fct\u00fcn d\u00fcnyada e\u015fsiz bir etki yaratan isimlerin ba\u015f\u0131nda gelir Sigmund Freud. Tedavi metotlar\u0131 kadar yazd\u0131\u011f\u0131 kitaplar, verdi\u011fi dersler ve konferanslarda dile getirdikleriyle de b\u00fcy\u00fck sars\u0131nt\u0131lara imza atm\u0131\u015ft\u0131r. Cinsiyet Teorisi \u00dczerine \u00dc\u00e7 Deneme adl\u0131 kitab\u0131na ilave olarak yazar\u0131n, \u201cYarat\u0131c\u0131 Yazarlar ve Hayal Kurma\u201d, \u201cUygar Cinsel Ahlak ve \u00c7a\u011f\u0131m\u0131z\u0131n Sinir Hastal\u0131klar\u0131\u201d, \u201cSava\u015f ve \u00d6l\u00fcm \u00dczerine D\u00fc\u015f\u00fcnceler\u201d ve \u201cPsikanalizin Tarih\u00e7esi\u201d adl\u0131 konu\u015fma ve yaz\u0131lar\u0131n\u0131n topland\u0131\u011f\u0131 bu kitapta, Freud\u2019un cinsiyet hakk\u0131ndaki incelemelerinden en \u00f6nemlileri bir araya geliyor. Selahattin Hilav\u2019\u0131n derleyip \u00e7evirdi\u011fi Cinsiyet ve Psikanaliz, psikanaliz hakk\u0131nda sa\u011flam ve etrafl\u0131 bilgiler verirken genel okuru ve \u00f6zellikle edebiyatseverleri ilgilendiren konular \u00fczerinde Freud\u2019un d\u00fc\u015f\u00fcncelerini ortaya koyuyor. \u201c\u00d6nce iki terim ortaya atmakla i\u015fe ba\u015flayal\u0131m. Bu terimlerden birincisi \u201ccinsel nesne\u201ddir. Bu terim, cinsel \u00e7ekimi (cazibeyi) sa\u011flayan varl\u0131\u011f\u0131 g\u00f6sterir. \u0130kinci terim de \u201ccinsel ama\u00e7\u201dt\u0131r. Bu da, i\u00e7g\u00fcd\u00fcn\u00fcn y\u00f6nelmi\u015f oldu\u011fu amac\u0131 g\u00f6sterir. Bu ay\u0131rmay\u0131 yapt\u0131ktan sonra, deneylerimize ba\u015fvuracak olursak, hem cinsel nesne hem de cinsel ama\u00e7 bak\u0131m\u0131ndan \u00e7e\u015fitli uzakla\u015fmalar\u0131n var oldu\u011funu ve bunlar\u0131n enine boyuna incelenmesi gerekti\u011fini g\u00f6r\u00fcr\u00fcz.\u201c <\/p>\n","protected":false},"excerpt":{"rendered":"<p>20. y\u00fczy\u0131la tek ba\u015f\u0131na tesir eden, b\u00fct\u00fcn d\u00fcnyada e\u015fsiz bir etki yaratan isimlerin ba\u015f\u0131nda gelir Sigmund Freud. Tedavi metotlar\u0131 kadar yazd\u0131\u011f\u0131 kitaplar, verdi\u011fi dersler ve konferanslarda<span class=\"excerpt-hellip\"> [\u2026]<\/span><\/p>\n","protected":false},"featured_media":0,"template":"","meta":{"_monsterinsights_skip_tracking":false,"_monsterinsights_sitenote_active":false,"_monsterinsights_sitenote_note":"","_monsterinsights_sitenote_category":0},"product_brand":[],"product_cat":[12291,13872],"product_tag":[],"class_list":{"0":"post-774960","1":"product","2":"type-product","3":"status-publish","5":"product_cat-edebiyat","6":"product_cat-klasikler","7":"pa_cilt-ciltsiz","8":"pa_tur-kitap","9":"pa_yayinevi-kirmizi-kedi-yayinevi","10":"pa_yazar-sigmund-freud","12":"first","13":"instock","14":"sale","15":"shipping-taxable","16":"purchasable","17":"product-type-simple"},"_links":{"self":[{"href":"https:\/\/roveyayinevi.com.tr\/index.php\/wp-json\/wp\/v2\/product\/774960","targetHints":{"allow":["GET"]}}],"collection":[{"href":"https:\/\/roveyayinevi.com.tr\/index.php\/wp-json\/wp\/v2\/product"}],"about":[{"href":"https:\/\/roveyayinevi.com.tr\/index.php\/wp-json\/wp\/v2\/types\/product"}],"wp:attachment":[{"href":"https:\/\/roveyayinevi.com.tr\/index.php\/wp-json\/wp\/v2\/media?parent=774960"}],"wp:term":[{"taxonomy":"product_brand","embeddable":true,"href":"https:\/\/roveyayinevi.com.tr\/index.php\/wp-json\/wp\/v2\/product_brand?post=774960"},{"taxonomy":"product_cat","embeddable":true,"href":"https:\/\/roveyayinevi.com.tr\/index.php\/wp-json\/wp\/v2\/product_cat?post=774960"},{"taxonomy":"product_tag","embeddable":true,"href":"https:\/\/roveyayinevi.com.tr\/index.php\/wp-json\/wp\/v2\/product_tag?post=774960"}],"curies":[{"name":"wp","href":"https:\/\/api.w.org\/{rel}","templated":true}]}}