{"id":774956,"date":"2025-09-09T14:18:10","date_gmt":"2025-09-09T11:18:10","guid":{"rendered":"https:\/\/roveyayinevi.com.tr\/index.php\/urun\/findika-kardes-geliyor-ilk-okuma-kitaplarim\/"},"modified":"2026-04-16T02:45:44","modified_gmt":"2026-04-15T23:45:44","slug":"findika-kardes-geliyor-ilk-okuma-kitaplarim","status":"publish","type":"product","link":"https:\/\/roveyayinevi.com.tr\/index.php\/urun\/findika-kardes-geliyor-ilk-okuma-kitaplarim\/","title":{"rendered":"F\u0131nd\u0131k\u2019a Karde\u015f Geliyor &#8211; \u0130lk Okuma Kitaplar\u0131m"},"content":{"rendered":"<p>F\u0131nd\u0131k\u2019\u0131n arkada\u015f\u0131 Badem\u2019in bir karde\u015fi oldu. Badem, k\u0131z karde\u015fini \u00e7ok seviyordu. F\u0131nd\u0131k ise bebe\u011fin \u00e7ok a\u011flad\u0131\u011f\u0131n\u0131 d\u00fc\u015f\u00fcn\u00fcyordu. F\u0131nd\u0131k da bir karde\u015fe sahip olaca\u011f\u0131n\u0131 \u00f6\u011frendi\u011finde ne hissetti acaba? <\/p>\n","protected":false},"excerpt":{"rendered":"<p>F\u0131nd\u0131k\u2019\u0131n arkada\u015f\u0131 Badem\u2019in bir karde\u015fi oldu. Badem, k\u0131z karde\u015fini \u00e7ok seviyordu. F\u0131nd\u0131k ise bebe\u011fin \u00e7ok a\u011flad\u0131\u011f\u0131n\u0131 d\u00fc\u015f\u00fcn\u00fcyordu. F\u0131nd\u0131k da bir karde\u015fe sahip olaca\u011f\u0131n\u0131 \u00f6\u011frendi\u011finde ne hissetti<span class=\"excerpt-hellip\"> [\u2026]<\/span><\/p>\n","protected":false},"featured_media":0,"template":"","meta":{"_monsterinsights_skip_tracking":false,"_monsterinsights_sitenote_active":false,"_monsterinsights_sitenote_note":"","_monsterinsights_sitenote_category":0},"product_brand":[],"product_cat":[12274,12518],"product_tag":[],"class_list":{"0":"post-774956","1":"product","2":"type-product","3":"status-publish","5":"product_cat-cocuk-ve-genclik-kitaplari","6":"product_cat-okul-oncesi-kitaplar","7":"pa_cilt-ciltsiz","8":"pa_tur-kitap","9":"pa_yayinevi-is-bankasi-kultur-yayinlari","10":"pa_yazar-miriam-moss","12":"first","13":"instock","14":"sale","15":"shipping-taxable","16":"purchasable","17":"product-type-simple"},"_links":{"self":[{"href":"https:\/\/roveyayinevi.com.tr\/index.php\/wp-json\/wp\/v2\/product\/774956","targetHints":{"allow":["GET"]}}],"collection":[{"href":"https:\/\/roveyayinevi.com.tr\/index.php\/wp-json\/wp\/v2\/product"}],"about":[{"href":"https:\/\/roveyayinevi.com.tr\/index.php\/wp-json\/wp\/v2\/types\/product"}],"wp:attachment":[{"href":"https:\/\/roveyayinevi.com.tr\/index.php\/wp-json\/wp\/v2\/media?parent=774956"}],"wp:term":[{"taxonomy":"product_brand","embeddable":true,"href":"https:\/\/roveyayinevi.com.tr\/index.php\/wp-json\/wp\/v2\/product_brand?post=774956"},{"taxonomy":"product_cat","embeddable":true,"href":"https:\/\/roveyayinevi.com.tr\/index.php\/wp-json\/wp\/v2\/product_cat?post=774956"},{"taxonomy":"product_tag","embeddable":true,"href":"https:\/\/roveyayinevi.com.tr\/index.php\/wp-json\/wp\/v2\/product_tag?post=774956"}],"curies":[{"name":"wp","href":"https:\/\/api.w.org\/{rel}","templated":true}]}}