{"id":774955,"date":"2025-09-09T14:17:22","date_gmt":"2025-09-09T11:17:22","guid":{"rendered":"https:\/\/roveyayinevi.com.tr\/index.php\/urun\/cocuklar-icin-zorlayici-davranislari-dengeye-getiren-metaforik-hikayeler-yazmak\/"},"modified":"2026-04-16T02:45:38","modified_gmt":"2026-04-15T23:45:38","slug":"cocuklar-icin-zorlayici-davranislari-dengeye-getiren-metaforik-hikayeler-yazmak","status":"publish","type":"product","link":"https:\/\/roveyayinevi.com.tr\/index.php\/urun\/cocuklar-icin-zorlayici-davranislari-dengeye-getiren-metaforik-hikayeler-yazmak\/","title":{"rendered":"\u00c7ocuklar \u0130\u00e7in Zorlay\u0131c\u0131 Davran\u0131\u015flar\u0131 Dengeye Getiren Metaforik Hikayeler Yazmak"},"content":{"rendered":"<p>T\u00fcrkiye&#8217;de bir ilk olan bu kitab\u0131; anne babalara, \u00f6\u011fretmenlere ve \u00e7ocuklarla \u00e7al\u0131\u015fan profesyonellere, \u00e7ocuklar\u0131n davran\u0131\u015fsal durumlar\u0131na \u00f6zel hik\u00e2yeler yaz\u0131labilece\u011fini anlatabilmek i\u00e7in kaleme ald\u0131m. Amac\u0131m, \u00e7ocuklarda zaman zaman ortaya \u00e7\u0131kan zorlay\u0131c\u0131 davran\u0131\u015flar\u0131, e\u011flenceli ve h\u0131zl\u0131 bir \u015fekilde d\u00f6n\u00fc\u015ft\u00fcr\u00fcp nas\u0131l dengeye getirilebilece\u011finin ke\u015ffedilmesine rehberlik etmektir. Peki, rehberiniz kimdir, k\u0131saca tan\u0131mak ister misiniz?    Adana do\u011fumluyum. Evliyim; iki o\u011flum ve bir de kedim var. B\u00fcy\u00fck \u00e7o\u011funlu\u011fu Adana&#8217;da ge\u00e7en hayat\u0131m: 2002 y\u0131l\u0131nda \u00c7ukurova \u00dcniversitesi Fizik b\u00f6l\u00fcm\u00fcnden (pedagojik formasyonlu) mezun oldum. K\u0131sa bir s\u00fcre e\u011fitim kurumlar\u0131nda stajyer \u00f6\u011fretmenlik yapt\u0131ktan sonra \u00f6zel sekt\u00f6rde sat\u0131\u015f-pazarlama alan\u0131nda \u00e7al\u0131\u015fmaya ba\u015flad\u0131m. 2005 y\u0131l\u0131nda y\u00fcksek lisans\u0131m\u0131 yine ayn\u0131 \u00fcniversitede MBA yaparak tamamlad\u0131m. 2012-2013 y\u0131llar\u0131nda Uluslararas\u0131 Ko\u00e7luk Federasyonu (ICF) onayl\u0131 \u201cProfesyonel Ya\u015fam Ko\u00e7lu\u011fu\u201d ve \u201c\u00d6\u011frenci Ko\u00e7lu\u011fu\u201d e\u011fitimlerini ald\u0131m. 2014 y\u0131l\u0131nda e\u011fitimcili\u011fe geri d\u00f6nerek, hem ko\u00e7luk seanslar\u0131m\u0131 yapt\u0131\u011f\u0131m hem de \u00e7ocuklar\u0131n akademik s\u00fcre\u00e7lerine katk\u0131 sa\u011flamak i\u00e7in e\u011flenerek \u00f6\u011frenme at\u00f6lyeleri d\u00fczenledi\u011fim bir merkez a\u00e7t\u0131m. 14 y\u0131l kadar g\u0131da ve elektronik sekt\u00f6r\u00fcn\u00fcn lider \u015firketlerinde sat\u0131\u015f m\u00fcd\u00fcrl\u00fc\u011f\u00fc yapt\u0131ktan sonra, 2019 y\u0131l\u0131nda kurumsal kariyerimi noktalayarak merkezimdeki faaliyetlere ve hik\u00e2yele\u015ftirme \u00e7al\u0131\u015fmalar\u0131na odakland\u0131m.    Hik\u00e2yelerle olan yolculu\u011fum, 2020 y\u0131l\u0131nda d\u00fcnyan\u0131n ileri gelen yazarlar\u0131ndan Seth Godin\u2019in, \u00fcnl\u00fc yazar Bernadette Jiwa ile ortak ger\u00e7ekle\u015ftirdi\u011fi 6 haftal\u0131k \u201cStory Skills Workshop\u201d e\u011fitimine kat\u0131lmamla farkl\u0131 bir boyut kazand\u0131. Sonras\u0131nda ald\u0131\u011f\u0131m e\u011fitimleri, edindi\u011fim tecr\u00fcbeleri ve yapt\u0131\u011f\u0131m ara\u015ft\u0131rmalar\u0131 bir araya getirerek, \u00e7ocuklar\u0131n zorlay\u0131c\u0131 davran\u0131\u015flar\u0131n\u0131 dengeye getirmeyi ama\u00e7layan metaforik hik\u00e2ye yazma metotlar\u0131 geli\u015ftirmeye ba\u015flad\u0131m. Bu metotlarla yazd\u0131\u011f\u0131m hik\u00e2yeleri \u00f6\u011frencilerimle yapt\u0131\u011f\u0131m seanslarda ve k\u00fc\u00e7\u00fck o\u011flumun b\u00fcy\u00fcme s\u00fcrecinde kulland\u0131m. G\u00fczel sonu\u00e7lar\u0131 neticesinde bunlar\u0131, ilgilenen herkesle payla\u015fmaya karar verdim.   Bundan sonraki s\u00fcre\u00e7te, yeti\u015fkinlere ve \u00e7ocuklara y\u00f6nelik \u00e7al\u0131\u015fmalar\u0131m\u0131; yeni kitaplar\u0131mla, web sitem www.nihalaltunsuzer.com \u00fczerinden ve online platformlarda ger\u00e7ekle\u015ftirece\u011fim bireysel seanslar ve e\u011fitimlerle s\u00fcrd\u00fcrmeye devam ediyor olaca\u011f\u0131m. Bir g\u00fcn bir yerlerde rastla\u015fmak dile\u011fiyle\u2026   Nihal ALTUNS\u00dcZER E\u011fitimci \/ Hik\u00e2ye Becerileri Uzman\u0131 \/ Profesyonel Ko\u00e7 <\/p>\n","protected":false},"excerpt":{"rendered":"<p>T\u00fcrkiye&#8217;de bir ilk olan bu kitab\u0131; anne babalara, \u00f6\u011fretmenlere ve \u00e7ocuklarla \u00e7al\u0131\u015fan profesyonellere, \u00e7ocuklar\u0131n davran\u0131\u015fsal durumlar\u0131na \u00f6zel hik\u00e2yeler yaz\u0131labilece\u011fini anlatabilmek i\u00e7in kaleme ald\u0131m. Amac\u0131m, \u00e7ocuklarda zaman<span class=\"excerpt-hellip\"> [\u2026]<\/span><\/p>\n","protected":false},"featured_media":0,"template":"","meta":{"_monsterinsights_skip_tracking":false,"_monsterinsights_sitenote_active":false,"_monsterinsights_sitenote_note":"","_monsterinsights_sitenote_category":0},"product_brand":[],"product_cat":[17996,12364],"product_tag":[],"class_list":{"0":"post-774955","1":"product","2":"type-product","3":"status-publish","5":"product_cat-ebeveyn-kitaplari","6":"product_cat-genel-konular","7":"pa_cilt-ciltsiz","8":"pa_tur-kitap","9":"pa_yayinevi-luna-yayinlari","10":"pa_yazar-nihal-altunsuzer","12":"first","13":"instock","14":"sale","15":"shipping-taxable","16":"purchasable","17":"product-type-simple"},"_links":{"self":[{"href":"https:\/\/roveyayinevi.com.tr\/index.php\/wp-json\/wp\/v2\/product\/774955","targetHints":{"allow":["GET"]}}],"collection":[{"href":"https:\/\/roveyayinevi.com.tr\/index.php\/wp-json\/wp\/v2\/product"}],"about":[{"href":"https:\/\/roveyayinevi.com.tr\/index.php\/wp-json\/wp\/v2\/types\/product"}],"wp:attachment":[{"href":"https:\/\/roveyayinevi.com.tr\/index.php\/wp-json\/wp\/v2\/media?parent=774955"}],"wp:term":[{"taxonomy":"product_brand","embeddable":true,"href":"https:\/\/roveyayinevi.com.tr\/index.php\/wp-json\/wp\/v2\/product_brand?post=774955"},{"taxonomy":"product_cat","embeddable":true,"href":"https:\/\/roveyayinevi.com.tr\/index.php\/wp-json\/wp\/v2\/product_cat?post=774955"},{"taxonomy":"product_tag","embeddable":true,"href":"https:\/\/roveyayinevi.com.tr\/index.php\/wp-json\/wp\/v2\/product_tag?post=774955"}],"curies":[{"name":"wp","href":"https:\/\/api.w.org\/{rel}","templated":true}]}}