{"id":774953,"date":"2025-09-09T14:13:59","date_gmt":"2025-09-09T11:13:59","guid":{"rendered":"https:\/\/roveyayinevi.com.tr\/index.php\/urun\/ingilizce-turkce-garantili-gramer\/"},"modified":"2026-04-16T02:44:44","modified_gmt":"2026-04-15T23:44:44","slug":"ingilizce-turkce-garantili-gramer","status":"publish","type":"product","link":"https:\/\/roveyayinevi.com.tr\/index.php\/urun\/ingilizce-turkce-garantili-gramer\/","title":{"rendered":"\u0130ngilizce &#8211; T\u00fcrk\u00e7e Garantili Gramer"},"content":{"rendered":"<p>\u2026Bu gramer kitab\u0131nda; bilingual \u00e7eviri y\u00f6nteminin uygulanmas\u0131 sayesinde, \u00f6\u011frencinin s\u00f6zl\u00fckte ayr\u0131ca kelime aramas\u0131 ortadan kalkaca\u011f\u0131ndan, bu durum kendisine hem zaman hem de do\u011fru se\u00e7ilmi\u015f s\u00f6zc\u00fck ve materyal kazand\u0131racakt\u0131r. Burada konu b\u00fct\u00fcnl\u00fc\u011f\u00fcn\u00fc sa\u011flamak i\u00e7in, ayn\u0131 konuyla ilgili \u00f6rnek t\u00fcmceler yan yana ya da alt alta konu da\u011f\u0131t\u0131lmadan, s\u0131ca\u011f\u0131 s\u0131ca\u011f\u0131na i\u015flenmi\u015ftir. Ayn\u0131 konuyla ilgili olan di\u011fer s\u00f6zce ve s\u00f6zc\u00fcklere de burada yer verilerek, kelime haznesinin (s\u00f6z da\u011farc\u0131\u011f\u0131n\u0131n) geni\u015flemesi ama\u00e7lanm\u0131\u015ft\u0131r. <\/p>\n","protected":false},"excerpt":{"rendered":"<p>\u2026Bu gramer kitab\u0131nda; bilingual \u00e7eviri y\u00f6nteminin uygulanmas\u0131 sayesinde, \u00f6\u011frencinin s\u00f6zl\u00fckte ayr\u0131ca kelime aramas\u0131 ortadan kalkaca\u011f\u0131ndan, bu durum kendisine hem zaman hem de do\u011fru se\u00e7ilmi\u015f s\u00f6zc\u00fck ve<span class=\"excerpt-hellip\"> [\u2026]<\/span><\/p>\n","protected":false},"featured_media":0,"template":"","meta":{"_monsterinsights_skip_tracking":false,"_monsterinsights_sitenote_active":false,"_monsterinsights_sitenote_note":"","_monsterinsights_sitenote_category":0},"product_brand":[],"product_cat":[14597,12566,14702],"product_tag":[],"class_list":{"0":"post-774953","1":"product","2":"type-product","3":"status-publish","5":"product_cat-dil-ogrenimi","6":"product_cat-egitim","7":"product_cat-ingilizce","8":"pa_cilt-ciltsiz","9":"pa_tur-kitap","10":"pa_yayinevi-gazi-kitabevi","11":"pa_yazar-sibel-sebuktekin-hasan-sebuktekin","13":"first","14":"instock","15":"sale","16":"shipping-taxable","17":"purchasable","18":"product-type-simple"},"_links":{"self":[{"href":"https:\/\/roveyayinevi.com.tr\/index.php\/wp-json\/wp\/v2\/product\/774953","targetHints":{"allow":["GET"]}}],"collection":[{"href":"https:\/\/roveyayinevi.com.tr\/index.php\/wp-json\/wp\/v2\/product"}],"about":[{"href":"https:\/\/roveyayinevi.com.tr\/index.php\/wp-json\/wp\/v2\/types\/product"}],"wp:attachment":[{"href":"https:\/\/roveyayinevi.com.tr\/index.php\/wp-json\/wp\/v2\/media?parent=774953"}],"wp:term":[{"taxonomy":"product_brand","embeddable":true,"href":"https:\/\/roveyayinevi.com.tr\/index.php\/wp-json\/wp\/v2\/product_brand?post=774953"},{"taxonomy":"product_cat","embeddable":true,"href":"https:\/\/roveyayinevi.com.tr\/index.php\/wp-json\/wp\/v2\/product_cat?post=774953"},{"taxonomy":"product_tag","embeddable":true,"href":"https:\/\/roveyayinevi.com.tr\/index.php\/wp-json\/wp\/v2\/product_tag?post=774953"}],"curies":[{"name":"wp","href":"https:\/\/api.w.org\/{rel}","templated":true}]}}