{"id":774949,"date":"2025-09-09T14:10:41","date_gmt":"2025-09-09T11:10:41","guid":{"rendered":"https:\/\/roveyayinevi.com.tr\/index.php\/urun\/demokrat-parti-2\/"},"modified":"2026-04-16T02:43:51","modified_gmt":"2026-04-15T23:43:51","slug":"demokrat-parti-2","status":"publish","type":"product","link":"https:\/\/roveyayinevi.com.tr\/index.php\/urun\/demokrat-parti-2\/","title":{"rendered":"Demokrat Parti"},"content":{"rendered":"<p>Bir d\u00f6nemin dramatik hik\u00e2yesi&#8230;1946 se\u00e7imleri ile T\u00fcrkiye \u00e7ok partili hayata ad\u0131m att\u0131. D\u00f6rt y\u0131l sonra CHP\u2019den ayr\u0131lanlar\u0131n kurdu\u011fu Demokrat Parti, 1950 se\u00e7imlerini kazanarak b\u00fcy\u00fck bir \u00e7o\u011funlukla iktidara geldi.Demokrat Parti bir tepki partisiydi. Plan ve program\u0131 olmad\u0131. G\u00fcnl\u00fck geli\u015fmelere g\u00f6re kararlar ald\u0131. \u0130ktidarda kalabilmek u\u011fruna hesaps\u0131z giri\u015fimlerde bulundu. Bu arada ekonomi zora girince \u201cdin kart\u0131\u201dn\u0131 kullanmaya ba\u015flad\u0131. Laiklik olgusunu zedeleyecek uygulamalar yap\u0131ld\u0131. Bu uygulamalar, g\u00fcn\u00fcm\u00fczde ya\u015fad\u0131\u011f\u0131m\u0131z bir\u00e7ok sorunun ba\u015flang\u0131c\u0131 oldu.Ara\u015ft\u0131rmac\u0131 yazar Turan Ak\u0131nc\u0131, 27 May\u0131s darbesiyle sonu\u00e7lanan on y\u0131ll\u0131k Demokrat Parti d\u00f6nemini ilgin\u00e7 siyasal ve sosyal geli\u015fmeleriyle birlikte kaleme al\u0131yor.<\/p>\n","protected":false},"excerpt":{"rendered":"<p>Bir d\u00f6nemin dramatik hik\u00e2yesi&#8230;1946 se\u00e7imleri ile T\u00fcrkiye \u00e7ok partili hayata ad\u0131m att\u0131. D\u00f6rt y\u0131l sonra CHP\u2019den ayr\u0131lanlar\u0131n kurdu\u011fu Demokrat Parti, 1950 se\u00e7imlerini kazanarak b\u00fcy\u00fck bir \u00e7o\u011funlukla<span class=\"excerpt-hellip\"> [\u2026]<\/span><\/p>\n","protected":false},"featured_media":0,"template":"","meta":{"_monsterinsights_skip_tracking":false,"_monsterinsights_sitenote_active":false,"_monsterinsights_sitenote_note":"","_monsterinsights_sitenote_category":0},"product_brand":[],"product_cat":[12370,12304],"product_tag":[],"class_list":{"0":"post-774949","1":"product","2":"type-product","3":"status-publish","5":"product_cat-arastirma-inceleme","6":"product_cat-tarih","7":"pa_cilt-ciltsiz","8":"pa_tur-kitap","9":"pa_yayinevi-remzi-kitabevi","10":"pa_yazar-turan-akinci","12":"first","13":"instock","14":"sale","15":"shipping-taxable","16":"purchasable","17":"product-type-simple"},"_links":{"self":[{"href":"https:\/\/roveyayinevi.com.tr\/index.php\/wp-json\/wp\/v2\/product\/774949","targetHints":{"allow":["GET"]}}],"collection":[{"href":"https:\/\/roveyayinevi.com.tr\/index.php\/wp-json\/wp\/v2\/product"}],"about":[{"href":"https:\/\/roveyayinevi.com.tr\/index.php\/wp-json\/wp\/v2\/types\/product"}],"wp:attachment":[{"href":"https:\/\/roveyayinevi.com.tr\/index.php\/wp-json\/wp\/v2\/media?parent=774949"}],"wp:term":[{"taxonomy":"product_brand","embeddable":true,"href":"https:\/\/roveyayinevi.com.tr\/index.php\/wp-json\/wp\/v2\/product_brand?post=774949"},{"taxonomy":"product_cat","embeddable":true,"href":"https:\/\/roveyayinevi.com.tr\/index.php\/wp-json\/wp\/v2\/product_cat?post=774949"},{"taxonomy":"product_tag","embeddable":true,"href":"https:\/\/roveyayinevi.com.tr\/index.php\/wp-json\/wp\/v2\/product_tag?post=774949"}],"curies":[{"name":"wp","href":"https:\/\/api.w.org\/{rel}","templated":true}]}}