{"id":774948,"date":"2025-09-09T14:10:34","date_gmt":"2025-09-09T11:10:34","guid":{"rendered":"https:\/\/roveyayinevi.com.tr\/index.php\/urun\/niyet-ettim\/"},"modified":"2026-04-15T02:55:51","modified_gmt":"2026-04-14T23:55:51","slug":"niyet-ettim","status":"publish","type":"product","link":"https:\/\/roveyayinevi.com.tr\/index.php\/urun\/niyet-ettim\/","title":{"rendered":"Niyet Ettim"},"content":{"rendered":"<p>\u201cAMELLER\u0130N M\u00dcK\u00c2FATI N\u0130YETLERE G\u00d6RED\u0130R&#8230;\u201d \u201cNiyetler has\u0131l olurken, kalbimizdeki sarma\u015f\u0131klar\u0131, ac\u0131lar\u0131 temizlemek, kilitledi\u011fimiz kap\u0131lar\u0131 a\u00e7abilmek, kabul etmek, izin vermek; sevginin, sevilmenin, hak ettiklerimizin, lay\u0131k olduklar\u0131m\u0131z\u0131n hissine ve hazz\u0131na varmak, bu duygularla bar\u0131\u015fmak, d\u00f6n\u00fc\u015ft\u00fcrmek temel unsurlardan biri.\u201d   Unutmay\u0131n, elinizdeki kitap bir kerede okuyup bitirece\u011finiz bir eser de\u011fil! Her g\u00fcn g\u00f6zlerinizi kapat\u0131p bir niyet se\u00e7eceksiniz, her g\u00fcn bu kitapla beraber yeniden do\u011facaks\u0131n\u0131z, her g\u00fcn g\u00fcl\u00fcmseyerek yeniden ba\u015flayacaks\u0131n\u0131z. Zor g\u00fcnlerinizde y\u00fcre\u011finiz her darald\u0131\u011f\u0131nda bu kitaptan bir sayfaya sar\u0131lacaks\u0131n\u0131z. \u015eu an ya\u015fam\u0131n\u0131z\u0131n hangi noktas\u0131nda olursan\u0131z olun, o noktaya huzur ve sevgi katmak, yorgunluklar\u0131n\u0131z\u0131 kenara koymak ve \u015fimdiye kadar yapt\u0131\u011f\u0131n\u0131z b\u00fct\u00fcn \u00e7al\u0131\u015fmalar\u0131n meyvelerini toplamak i\u00e7in, ta\u015f ustalar\u0131 gibi ta\u015f\u0131 k\u0131rmak \u00fczere son \u00e7eki\u00e7 darbelerini indirece\u011finiz niyetlerle, bulutlar\u0131n aras\u0131ndan do\u011fan g\u00fcne\u015fi izleyeceksiniz. Evet, bu kitap ba\u015fucunuzda yolda\u015f\u0131n\u0131z olacak, \u201cBug\u00fcn bana ne mesaj gelmi\u015f?\u201d, \u201cBug\u00fcn neyi hat\u0131rlamam gerekiyor?\u201d, \u201cBug\u00fcn neyi \u015fifalamam gerekiyor?\u201d diyecek, g\u00f6zlerinizi kapatacak ve kalbinizin sesinin size ne s\u00f6yledi\u011fini \u00f6\u011freneceksiniz. Niyetleriniz has\u0131l, yolunuz \u0131\u015f\u0131k olsun. <\/p>\n","protected":false},"excerpt":{"rendered":"<p>\u201cAMELLER\u0130N M\u00dcK\u00c2FATI N\u0130YETLERE G\u00d6RED\u0130R&#8230;\u201d \u201cNiyetler has\u0131l olurken, kalbimizdeki sarma\u015f\u0131klar\u0131, ac\u0131lar\u0131 temizlemek, kilitledi\u011fimiz kap\u0131lar\u0131 a\u00e7abilmek, kabul etmek, izin vermek; sevginin, sevilmenin, hak ettiklerimizin, lay\u0131k olduklar\u0131m\u0131z\u0131n hissine ve<span class=\"excerpt-hellip\"> [\u2026]<\/span><\/p>\n","protected":false},"featured_media":0,"template":"","meta":{"_monsterinsights_skip_tracking":false,"_monsterinsights_sitenote_active":false,"_monsterinsights_sitenote_note":"","_monsterinsights_sitenote_category":0},"product_brand":[],"product_cat":[12364,12376],"product_tag":[],"class_list":{"0":"post-774948","1":"product","2":"type-product","3":"status-publish","5":"product_cat-genel-konular","6":"product_cat-kisisel-gelisim","7":"pa_cilt-ciltsiz","8":"pa_tur-kitap","9":"pa_yayinevi-destek-yayinlari","10":"pa_yazar-ozlem-dalkilic","12":"first","13":"instock","14":"sale","15":"shipping-taxable","16":"purchasable","17":"product-type-simple"},"_links":{"self":[{"href":"https:\/\/roveyayinevi.com.tr\/index.php\/wp-json\/wp\/v2\/product\/774948","targetHints":{"allow":["GET"]}}],"collection":[{"href":"https:\/\/roveyayinevi.com.tr\/index.php\/wp-json\/wp\/v2\/product"}],"about":[{"href":"https:\/\/roveyayinevi.com.tr\/index.php\/wp-json\/wp\/v2\/types\/product"}],"wp:attachment":[{"href":"https:\/\/roveyayinevi.com.tr\/index.php\/wp-json\/wp\/v2\/media?parent=774948"}],"wp:term":[{"taxonomy":"product_brand","embeddable":true,"href":"https:\/\/roveyayinevi.com.tr\/index.php\/wp-json\/wp\/v2\/product_brand?post=774948"},{"taxonomy":"product_cat","embeddable":true,"href":"https:\/\/roveyayinevi.com.tr\/index.php\/wp-json\/wp\/v2\/product_cat?post=774948"},{"taxonomy":"product_tag","embeddable":true,"href":"https:\/\/roveyayinevi.com.tr\/index.php\/wp-json\/wp\/v2\/product_tag?post=774948"}],"curies":[{"name":"wp","href":"https:\/\/api.w.org\/{rel}","templated":true}]}}