{"id":774947,"date":"2025-09-09T14:07:39","date_gmt":"2025-09-09T11:07:39","guid":{"rendered":"https:\/\/roveyayinevi.com.tr\/index.php\/urun\/50-hayvanla-dunya-tarihi\/"},"modified":"2026-04-16T02:43:00","modified_gmt":"2026-04-15T23:43:00","slug":"50-hayvanla-dunya-tarihi","status":"publish","type":"product","link":"https:\/\/roveyayinevi.com.tr\/index.php\/urun\/50-hayvanla-dunya-tarihi\/","title":{"rendered":"50 Hayvanla D\u00fcnya Tarihi"},"content":{"rendered":"<p>B\u0130L\u0130YOR MUSUNUZ? Ar\u0131lar\u0131 evcille\u015ftiren ilk insanlar Antik M\u0131s\u0131rl\u0131lard\u0131r ve ballar\u0131n\u0131 mumya yap\u0131m\u0131nda kullanm\u0131\u015flard\u0131r.   D\u00fcnya y\u00f6r\u00fcngesine \u00e7\u0131kan ilk hayvan, Rus k\u00f6pek Laika\u2019d\u0131r.   Avustralya Ordusu 1932\u2019de geni\u015f bir emu s\u00fcr\u00fcs\u00fcne kar\u015f\u0131 sava\u015f a\u00e7m\u0131\u015ft\u0131r.   Birinci D\u00fcnya Sava\u015f\u0131 s\u0131ras\u0131nda Amerikal\u0131lar, 6 ku\u015f i\u00e7eren kendi g\u00fcvercin hizmetlerine sahipti; en \u00fcnl\u00fc \u00fcyesi Cher Ami\u2019dir.   Eyl\u00fcl 1855\u2019te, K\u0131r\u0131m Sava\u015f\u0131 s\u0131ras\u0131nda \u0130ngiliz-Frans\u0131z kuvvetleri, on bir ayl\u0131k yorucu bir ku\u015fatman\u0131n ard\u0131ndan Rus kale \u015fehri Sivastopol\u2019u ele ge\u00e7irdi. Harap olmu\u015f \u015fehirde erzak ararken bir \u0130ngiliz subay enkaz\u0131n ortas\u0131nda bir kedi fark etti, onu sahiplenerek ona Tom ad\u0131n\u0131 verdi.   50 Hayvanla D\u00fcnya Tarihi, tarih boyunca ya\u015fam\u0131\u015f ve d\u00fcnyay\u0131 \u015fekillendirmi\u015f olan ola\u011fan\u00fcst\u00fc hayvanlara bir bak\u0131\u015f at\u0131yor. Balta girmemi\u015f ormanlardan \u00e7\u00f6llere, okyanuslardan g\u00f6ky\u00fcz\u00fcne, d\u00fcnyan\u0131n her k\u00f6\u015fesine e\u011filiyor.   Bu kitap, muhte\u015fem elli hayvan\u0131n hikayesini anlat\u0131yor ve \u00f6nemli tarihi olaylardaki rollerine de\u011finiyor. <\/p>\n","protected":false},"excerpt":{"rendered":"<p>B\u0130L\u0130YOR MUSUNUZ? Ar\u0131lar\u0131 evcille\u015ftiren ilk insanlar Antik M\u0131s\u0131rl\u0131lard\u0131r ve ballar\u0131n\u0131 mumya yap\u0131m\u0131nda kullanm\u0131\u015flard\u0131r. D\u00fcnya y\u00f6r\u00fcngesine \u00e7\u0131kan ilk hayvan, Rus k\u00f6pek Laika\u2019d\u0131r. Avustralya Ordusu 1932\u2019de geni\u015f bir<span class=\"excerpt-hellip\"> [\u2026]<\/span><\/p>\n","protected":false},"featured_media":0,"template":"","meta":{"_monsterinsights_skip_tracking":false,"_monsterinsights_sitenote_active":false,"_monsterinsights_sitenote_note":"","_monsterinsights_sitenote_category":0},"product_brand":[],"product_cat":[12370,12304],"product_tag":[],"class_list":{"0":"post-774947","1":"product","2":"type-product","3":"status-publish","5":"product_cat-arastirma-inceleme","6":"product_cat-tarih","7":"pa_cilt-ciltsiz","8":"pa_tur-kitap","9":"pa_yayinevi-orenda","10":"pa_yazar-jacob-f-field","12":"first","13":"instock","14":"sale","15":"shipping-taxable","16":"purchasable","17":"product-type-simple"},"_links":{"self":[{"href":"https:\/\/roveyayinevi.com.tr\/index.php\/wp-json\/wp\/v2\/product\/774947","targetHints":{"allow":["GET"]}}],"collection":[{"href":"https:\/\/roveyayinevi.com.tr\/index.php\/wp-json\/wp\/v2\/product"}],"about":[{"href":"https:\/\/roveyayinevi.com.tr\/index.php\/wp-json\/wp\/v2\/types\/product"}],"wp:attachment":[{"href":"https:\/\/roveyayinevi.com.tr\/index.php\/wp-json\/wp\/v2\/media?parent=774947"}],"wp:term":[{"taxonomy":"product_brand","embeddable":true,"href":"https:\/\/roveyayinevi.com.tr\/index.php\/wp-json\/wp\/v2\/product_brand?post=774947"},{"taxonomy":"product_cat","embeddable":true,"href":"https:\/\/roveyayinevi.com.tr\/index.php\/wp-json\/wp\/v2\/product_cat?post=774947"},{"taxonomy":"product_tag","embeddable":true,"href":"https:\/\/roveyayinevi.com.tr\/index.php\/wp-json\/wp\/v2\/product_tag?post=774947"}],"curies":[{"name":"wp","href":"https:\/\/api.w.org\/{rel}","templated":true}]}}