{"id":774945,"date":"2025-09-09T14:06:19","date_gmt":"2025-09-09T11:06:19","guid":{"rendered":"https:\/\/roveyayinevi.com.tr\/index.php\/urun\/lokman-hekim-anadolu-masallari-6\/"},"modified":"2026-04-16T02:42:54","modified_gmt":"2026-04-15T23:42:54","slug":"lokman-hekim-anadolu-masallari-6","status":"publish","type":"product","link":"https:\/\/roveyayinevi.com.tr\/index.php\/urun\/lokman-hekim-anadolu-masallari-6\/","title":{"rendered":"Lokman Hekim &#8211; Anadolu Masallar\u0131 6"},"content":{"rendered":"<p>Daha \u00f6nce eczanelerin levhas\u0131ndaki y\u0131lan resminin anlam\u0131n\u0131 merak etmi\u015f miydin? \u015eahmeran ile ilgili masal biliyor musun? Korkun\u00e7 ya da zararl\u0131 olarak bildi\u011fimiz hayvanlar\u0131n yararlar\u0131 nelerdir? Y\u0131lanlar\u0131n yararlar\u0131n\u0131 ara\u015ft\u0131rabilirsin&#8230; Yeni ila\u00e7lar\u0131n bulunmas\u0131n\u0131 etkileyen nelerdir? Lokman Hekim s\u00f6ylenceleri ve masallar\u0131 ila\u00e7 icad\u0131n\u0131 kolayla\u015ft\u0131rd\u0131 m\u0131? \u00d6rnekler biliyor musun? Neden \u00e7ok \u00e7e\u015fitli ila\u00e7 \u00fcretiliyor?<\/p>\n","protected":false},"excerpt":{"rendered":"<p>Daha \u00f6nce eczanelerin levhas\u0131ndaki y\u0131lan resminin anlam\u0131n\u0131 merak etmi\u015f miydin? \u015eahmeran ile ilgili masal biliyor musun? Korkun\u00e7 ya da zararl\u0131 olarak bildi\u011fimiz hayvanlar\u0131n yararlar\u0131 nelerdir? Y\u0131lanlar\u0131n<span class=\"excerpt-hellip\"> [\u2026]<\/span><\/p>\n","protected":false},"featured_media":0,"template":"","meta":{"_monsterinsights_skip_tracking":false,"_monsterinsights_sitenote_active":false,"_monsterinsights_sitenote_note":"","_monsterinsights_sitenote_category":0},"product_brand":[],"product_cat":[12275,12274],"product_tag":[],"class_list":{"0":"post-774945","1":"product","2":"type-product","3":"status-publish","5":"product_cat-6-12-yas-kitaplari","6":"product_cat-cocuk-ve-genclik-kitaplari","7":"pa_cilt-ciltsiz","8":"pa_tur-kitap","9":"pa_yayinevi-dogu-bati-cocuk","10":"pa_yazar-yucel-feyzioglu","12":"first","13":"instock","14":"sale","15":"shipping-taxable","16":"purchasable","17":"product-type-simple"},"_links":{"self":[{"href":"https:\/\/roveyayinevi.com.tr\/index.php\/wp-json\/wp\/v2\/product\/774945","targetHints":{"allow":["GET"]}}],"collection":[{"href":"https:\/\/roveyayinevi.com.tr\/index.php\/wp-json\/wp\/v2\/product"}],"about":[{"href":"https:\/\/roveyayinevi.com.tr\/index.php\/wp-json\/wp\/v2\/types\/product"}],"wp:attachment":[{"href":"https:\/\/roveyayinevi.com.tr\/index.php\/wp-json\/wp\/v2\/media?parent=774945"}],"wp:term":[{"taxonomy":"product_brand","embeddable":true,"href":"https:\/\/roveyayinevi.com.tr\/index.php\/wp-json\/wp\/v2\/product_brand?post=774945"},{"taxonomy":"product_cat","embeddable":true,"href":"https:\/\/roveyayinevi.com.tr\/index.php\/wp-json\/wp\/v2\/product_cat?post=774945"},{"taxonomy":"product_tag","embeddable":true,"href":"https:\/\/roveyayinevi.com.tr\/index.php\/wp-json\/wp\/v2\/product_tag?post=774945"}],"curies":[{"name":"wp","href":"https:\/\/api.w.org\/{rel}","templated":true}]}}