{"id":774944,"date":"2025-09-09T14:04:54","date_gmt":"2025-09-09T11:04:54","guid":{"rendered":"https:\/\/roveyayinevi.com.tr\/index.php\/urun\/pratik-matematik-hamleleri-cok-kolay\/"},"modified":"2026-03-24T02:46:59","modified_gmt":"2026-03-23T23:46:59","slug":"pratik-matematik-hamleleri-cok-kolay","status":"publish","type":"product","link":"https:\/\/roveyayinevi.com.tr\/index.php\/urun\/pratik-matematik-hamleleri-cok-kolay\/","title":{"rendered":"Pratik Matematik Hamleleri \u00c7ok Kolay"},"content":{"rendered":"<p>Hesap makinelerini unut! Pratik Matematik Hamleleri ile sen de matematikle bar\u0131\u015f! 8\u2019den 80\u2019e herkes, zor gibi g\u00f6r\u00fcnen i\u015flemleri ka\u011f\u0131t kalem kullanmadan kolayca yapman\u0131n pratik yollar\u0131n\u0131 \u00f6\u011frenecek, s\u0131navlarda h\u0131z kazanacak ve arkada\u015f sohbetlerinde matematik konu\u015facak! <\/p>\n","protected":false},"excerpt":{"rendered":"<p>Hesap makinelerini unut! Pratik Matematik Hamleleri ile sen de matematikle bar\u0131\u015f! 8\u2019den 80\u2019e herkes, zor gibi g\u00f6r\u00fcnen i\u015flemleri ka\u011f\u0131t kalem kullanmadan kolayca yapman\u0131n pratik yollar\u0131n\u0131 \u00f6\u011frenecek,<span class=\"excerpt-hellip\"> [\u2026]<\/span><\/p>\n","protected":false},"featured_media":0,"template":"","meta":{"_monsterinsights_skip_tracking":false,"_monsterinsights_sitenote_active":false,"_monsterinsights_sitenote_note":"","_monsterinsights_sitenote_category":0},"product_brand":[],"product_cat":[12274,15842],"product_tag":[],"class_list":{"0":"post-774944","1":"product","2":"type-product","3":"status-publish","5":"product_cat-cocuk-ve-genclik-kitaplari","6":"product_cat-egitici-kitaplar","7":"pa_cilt-ciltsiz","8":"pa_tur-kitap","9":"pa_yayinevi-dogan-egmont-yayincilik","10":"pa_yazar-dogan-egmont-kolektif","12":"first","13":"instock","14":"sale","15":"shipping-taxable","16":"purchasable","17":"product-type-simple"},"_links":{"self":[{"href":"https:\/\/roveyayinevi.com.tr\/index.php\/wp-json\/wp\/v2\/product\/774944","targetHints":{"allow":["GET"]}}],"collection":[{"href":"https:\/\/roveyayinevi.com.tr\/index.php\/wp-json\/wp\/v2\/product"}],"about":[{"href":"https:\/\/roveyayinevi.com.tr\/index.php\/wp-json\/wp\/v2\/types\/product"}],"wp:attachment":[{"href":"https:\/\/roveyayinevi.com.tr\/index.php\/wp-json\/wp\/v2\/media?parent=774944"}],"wp:term":[{"taxonomy":"product_brand","embeddable":true,"href":"https:\/\/roveyayinevi.com.tr\/index.php\/wp-json\/wp\/v2\/product_brand?post=774944"},{"taxonomy":"product_cat","embeddable":true,"href":"https:\/\/roveyayinevi.com.tr\/index.php\/wp-json\/wp\/v2\/product_cat?post=774944"},{"taxonomy":"product_tag","embeddable":true,"href":"https:\/\/roveyayinevi.com.tr\/index.php\/wp-json\/wp\/v2\/product_tag?post=774944"}],"curies":[{"name":"wp","href":"https:\/\/api.w.org\/{rel}","templated":true}]}}