{"id":774943,"date":"2025-09-09T14:02:13","date_gmt":"2025-09-09T11:02:13","guid":{"rendered":"https:\/\/roveyayinevi.com.tr\/index.php\/urun\/kiz-kardesler-2\/"},"modified":"2026-02-03T02:58:25","modified_gmt":"2026-02-02T23:58:25","slug":"kiz-kardesler-2","status":"publish","type":"product","link":"https:\/\/roveyayinevi.com.tr\/index.php\/urun\/kiz-kardesler-2\/","title":{"rendered":"K\u0131z Karde\u015fler"},"content":{"rendered":"<p>K\u0131z Karde\u015fler merce\u011fini sadakat, tak\u0131nt\u0131, k\u0131skan\u00e7l\u0131k gibi ikircikli meselelere do\u011frultan k\u0131\u015fk\u0131rt\u0131c\u0131, ayr\u0131ks\u0131 bir roman. D\u0131\u015far\u0131dan al\u0131\u015f\u0131lageldik gibi g\u00f6r\u00fcnen, hatta \u201cNe var can\u0131m bunda\u201d dedirten olaylar bir evlili\u011fi ne kadar etkileyebilir? Bir kad\u0131n\u0131n, kocas\u0131n\u0131n eski e\u015finin izini s\u00fcrmeye ba\u015flad\u0131\u011f\u0131 o tuhaf anla ba\u015flayan olaylar karma\u015f\u0131k bir ili\u015fkinin ge\u00e7mi\u015fine uzan\u0131yor. Tek bir ili\u015fki ikiye, \u00fc\u00e7e, d\u00f6rde katlan\u0131yor, b\u00fcy\u00fcd\u00fck\u00e7e b\u00fcy\u00fcyor ve sonunda ka\u00e7\u0131n\u0131lmaz sona, \u015fiddetli bir patlamaya ula\u015f\u0131yor. Lily Tuck, sars\u0131c\u0131 darbeleri ard\u0131 ard\u0131na savurdu\u011fu bu \u00e7arp\u0131c\u0131 roman\u0131nda g\u00fcndelik hayat\u0131n s\u0131radan anlar\u0131n\u0131 mucizevi bir \u015fekilde aktarmadaki maharetini sergiliyor.   \u201cK\u0131z Karde\u015fler minimalist bir ba\u015fyap\u0131t\u2026 Lily Tuck k\u00fc\u00e7\u00fck bir \u00e7antada d\u00fcnyan\u0131n y\u00fck\u00fcn\u00fc ta\u015f\u0131yabilen bir yazar\u2026\u201d Eugenia Williamson, Boston Globe   \u201cYazar\u0131n g\u00fczelli\u011fi, nefaseti bulmakta g\u00f6sterdi\u011fi yetenek okuyuculara Marguerite Yourcenar ve Marguerite Duras\u2019y\u0131 hat\u0131rlatacak.\u201d Los Angeles Review of Books <\/p>\n","protected":false},"excerpt":{"rendered":"<p>K\u0131z Karde\u015fler merce\u011fini sadakat, tak\u0131nt\u0131, k\u0131skan\u00e7l\u0131k gibi ikircikli meselelere do\u011frultan k\u0131\u015fk\u0131rt\u0131c\u0131, ayr\u0131ks\u0131 bir roman. D\u0131\u015far\u0131dan al\u0131\u015f\u0131lageldik gibi g\u00f6r\u00fcnen, hatta \u201cNe var can\u0131m bunda\u201d dedirten olaylar bir<span class=\"excerpt-hellip\"> [\u2026]<\/span><\/p>\n","protected":false},"featured_media":0,"template":"","meta":{"_monsterinsights_skip_tracking":false,"_monsterinsights_sitenote_active":false,"_monsterinsights_sitenote_note":"","_monsterinsights_sitenote_category":0},"product_brand":[],"product_cat":[12291,12711],"product_tag":[],"class_list":{"0":"post-774943","1":"product","2":"type-product","3":"status-publish","5":"product_cat-edebiyat","6":"product_cat-roman-oyku","7":"pa_cilt-ciltsiz","8":"pa_tur-kitap","9":"pa_yayinevi-iletisim-yayinlari","10":"pa_yazar-lily-tuck","12":"first","13":"instock","14":"sale","15":"shipping-taxable","16":"purchasable","17":"product-type-simple"},"_links":{"self":[{"href":"https:\/\/roveyayinevi.com.tr\/index.php\/wp-json\/wp\/v2\/product\/774943","targetHints":{"allow":["GET"]}}],"collection":[{"href":"https:\/\/roveyayinevi.com.tr\/index.php\/wp-json\/wp\/v2\/product"}],"about":[{"href":"https:\/\/roveyayinevi.com.tr\/index.php\/wp-json\/wp\/v2\/types\/product"}],"wp:attachment":[{"href":"https:\/\/roveyayinevi.com.tr\/index.php\/wp-json\/wp\/v2\/media?parent=774943"}],"wp:term":[{"taxonomy":"product_brand","embeddable":true,"href":"https:\/\/roveyayinevi.com.tr\/index.php\/wp-json\/wp\/v2\/product_brand?post=774943"},{"taxonomy":"product_cat","embeddable":true,"href":"https:\/\/roveyayinevi.com.tr\/index.php\/wp-json\/wp\/v2\/product_cat?post=774943"},{"taxonomy":"product_tag","embeddable":true,"href":"https:\/\/roveyayinevi.com.tr\/index.php\/wp-json\/wp\/v2\/product_tag?post=774943"}],"curies":[{"name":"wp","href":"https:\/\/api.w.org\/{rel}","templated":true}]}}