{"id":774940,"date":"2025-09-09T14:01:32","date_gmt":"2025-09-09T11:01:32","guid":{"rendered":"https:\/\/roveyayinevi.com.tr\/index.php\/urun\/anksiyete-terapisi\/"},"modified":"2026-04-16T02:42:00","modified_gmt":"2026-04-15T23:42:00","slug":"anksiyete-terapisi","status":"publish","type":"product","link":"https:\/\/roveyayinevi.com.tr\/index.php\/urun\/anksiyete-terapisi\/","title":{"rendered":"Anksiyete Terapisi"},"content":{"rendered":"<p>Psikoterapide G\u00fcncel Klinik Yakla\u015f\u0131mlar\u0131 Dizisi\u201cBu kitaplar\u0131 okumak, yapt\u0131\u011f\u0131n\u0131z i\u015fte daha iyi olman\u0131z\u0131 sa\u011flayacakt\u0131r. Klinik \u00f6rneklerle, somut \u00f6neriler kombine edilerek yaln\u0131zca ne yap\u0131laca\u011f\u0131n\u0131n de\u011fil, nedeninin de anla\u015f\u0131lmas\u0131na olanak verilmektedir. Bu dizi, psikoterap\u00f6tik ve psikiyatrik teknikler \u00fczerine yeni standartlar getirerek a\u00e7\u0131k ve ustaca yaz\u0131lm\u0131\u015f klinik yaz\u0131lar\u0131 i\u00e7ermektedir.\u201dDavid Speigel, M.D.Stanford \u00dcniversitesi T\u0131p Fak\u00fcltesiPsikiyatri ve Davran\u0131\u015fsal Bilimler Profes\u00f6r\u00fcAnksiyete Terapisi;\u2022 Tan\u0131sal De\u011ferlendirme\u2022 Maruz B\u0131rakma Teknikleri\u2022 Bili\u015fsel Terapi Teknikleri\u2022 Progresif Relaksasyon (KADEMEL\u0130 Gev\u015feme)\u2022 Otojenik E\u011fitim\u2022 Psikodinamik Terapiler\u2022 T\u0131bbi Tedavinin Rol\u00fc\u2022 Agorafobinin E\u015flik Etti\u011fi Panik Bozuklu\u011fu \u0130\u00e7in Bir Bili\u015fsel-Davran\u0131\u015f\u00e7\u0131 Tedavi Paketi\u2022 Sosyal Anksiyete \u0130\u00e7in Bir Bili\u015fsel-Davran\u0131\u015f\u00e7\u0131 Tedavi Paketiba\u015fl\u0131klar\u0131ndan olu\u015fan her bir b\u00f6l\u00fcm\u00fcyle panik atak, agorafobi ve sosyal fobiler gibi bir\u00e7ok anksiyete bozuklu\u011funun klinik tedavisine y\u00f6nelik kapsaml\u0131 ve g\u00fcncel bir rehberdir. Alanlar\u0131ndaki uzman ki\u015filer taraf\u0131ndan yaz\u0131lan Anksiyete Terapisi, bir dizi etkili klinik etkinlik ve m\u00fcdahale hakk\u0131nda yararl\u0131 bilgiler sunmaktad\u0131r. Hem sa\u011fl\u0131k profesyonellerine hem de konuyla ilgili okuyucuya hitap eden kitapta, bir\u00e7ok vaka \u00f6yk\u00fcs\u00fcn\u00fcn yan\u0131 s\u0131ra, ilac\u0131n rol\u00fc incelenmekte ve maruz kalma terapisi, bili\u015fsel-davran\u0131\u015fsal terapi, progresif relaksasyon ve psikodinamik psikoterapi gibi spesifik teknikler ele al\u0131nmaktad\u0131r. Yazarlar, bu tekniklerin pratikte nas\u0131l i\u015fledi\u011finin a\u00e7\u0131k\u00e7a anla\u015f\u0131lmas\u0131 i\u00e7in klinisyenlerle dan\u0131\u015fanlar aras\u0131ndaki diyalog metinlerini de yaz\u0131lar\u0131na dahil etmi\u015ftir.<\/p>\n","protected":false},"excerpt":{"rendered":"<p>Psikoterapide G\u00fcncel Klinik Yakla\u015f\u0131mlar\u0131 Dizisi\u201cBu kitaplar\u0131 okumak, yapt\u0131\u011f\u0131n\u0131z i\u015fte daha iyi olman\u0131z\u0131 sa\u011flayacakt\u0131r. Klinik \u00f6rneklerle, somut \u00f6neriler kombine edilerek yaln\u0131zca ne yap\u0131laca\u011f\u0131n\u0131n de\u011fil, nedeninin de anla\u015f\u0131lmas\u0131na<span class=\"excerpt-hellip\"> [\u2026]<\/span><\/p>\n","protected":false},"featured_media":0,"template":"","meta":{"_monsterinsights_skip_tracking":false,"_monsterinsights_sitenote_active":false,"_monsterinsights_sitenote_note":"","_monsterinsights_sitenote_category":0},"product_brand":[],"product_cat":[12358,12357],"product_tag":[],"class_list":{"0":"post-774940","1":"product","2":"type-product","3":"status-publish","5":"product_cat-genel-psikoloji","6":"product_cat-psikoloji","7":"pa_cilt-ciltsiz","8":"pa_tur-kitap","9":"pa_yayinevi-pozitif-yayinlari","10":"pa_yazar-walton-t-roth-irwin-d-yalom","12":"first","13":"instock","14":"sale","15":"shipping-taxable","16":"purchasable","17":"product-type-simple"},"_links":{"self":[{"href":"https:\/\/roveyayinevi.com.tr\/index.php\/wp-json\/wp\/v2\/product\/774940","targetHints":{"allow":["GET"]}}],"collection":[{"href":"https:\/\/roveyayinevi.com.tr\/index.php\/wp-json\/wp\/v2\/product"}],"about":[{"href":"https:\/\/roveyayinevi.com.tr\/index.php\/wp-json\/wp\/v2\/types\/product"}],"wp:attachment":[{"href":"https:\/\/roveyayinevi.com.tr\/index.php\/wp-json\/wp\/v2\/media?parent=774940"}],"wp:term":[{"taxonomy":"product_brand","embeddable":true,"href":"https:\/\/roveyayinevi.com.tr\/index.php\/wp-json\/wp\/v2\/product_brand?post=774940"},{"taxonomy":"product_cat","embeddable":true,"href":"https:\/\/roveyayinevi.com.tr\/index.php\/wp-json\/wp\/v2\/product_cat?post=774940"},{"taxonomy":"product_tag","embeddable":true,"href":"https:\/\/roveyayinevi.com.tr\/index.php\/wp-json\/wp\/v2\/product_tag?post=774940"}],"curies":[{"name":"wp","href":"https:\/\/api.w.org\/{rel}","templated":true}]}}